{"id":125258,"date":"2026-03-12T10:55:05","date_gmt":"2026-03-12T10:55:05","guid":{"rendered":"https:\/\/www.touristshopyerseke.nl\/rilland-bath-waehrend-der-flutkatastrophe-von-1953\/"},"modified":"2026-04-16T06:52:14","modified_gmt":"2026-04-16T06:52:14","slug":"rilland-bath-waehrend-der-flutkatastrophe-von-1953","status":"publish","type":"page","link":"https:\/\/www.touristshopyerseke.nl\/de\/rilland-bath-waehrend-der-flutkatastrophe-von-1953\/","title":{"rendered":"Rilland-Bath w\u00e4hrend der Flutkatastrophe von 1953"},"content":{"rendered":"<h3><strong>Rilland-Bath w\u00e4hrend der Flutkatastrophe von 1953<\/strong><\/h3>\n<p>Am <strong>1. Februar 1953<\/strong> erreichte das Wasser in <strong>Rilland-Bath<\/strong> seinen h\u00f6chsten Stand. Die Katastrophe hatte tiefgreifende Auswirkungen auf das Dorf und die umliegenden Polder und hinterlie\u00df tiefe Spuren in der Geschichte dieser Region. <\/p>\n<h3><strong>Fr\u00fchzeitige Warnungen<\/strong><\/h3>\n<p>Bereits am <strong>31. Januar<\/strong>, zwischen <strong>sieben und acht Uhr abends<\/strong>, gab <strong>Rijkswaterstaat<\/strong> eine Warnung vor einem besonders hohen Wasserstand heraus. Die Mitarbeiter, die f\u00fcr das Schlie\u00dfen der <strong>Deicht\u00fcren<\/strong> zust\u00e4ndig waren, wurden sofort informiert und auf den Einsatz vorbereitet. Der B\u00fcrgermeister von Rilland-Bath selbst wurde jedoch erst sp\u00e4ter in der Nacht, gegen <strong>3.30 Uhr<\/strong>, von <strong>Herrn Walrave<\/strong> aus Bath alarmiert. Er meldete, dass der <strong>Polder Reigerberg<\/strong> kurz vor der \u00dcberschwemmung stand.   <\/p>\n<h3><strong>Evakuierung und Warnungen<\/strong><\/h3>\n<p>Aufgrund dieser Informationen wurde der <strong>Alarm ausgel\u00f6st<\/strong> und die Feuerwehr ging mit Sirenen durch das Dorf, um die Bewohner zu warnen. Die meisten Menschen fanden einen sicheren Unterschlupf im <strong>Obergeschoss, auf dem Dachboden oder auf dem Dach<\/strong> ihrer H\u00e4user. Einige wenige fl\u00fcchteten \u00fcber die Nationalstra\u00dfe in Richtung <strong>Krabbendijke<\/strong>. Nicht nur der Reigerberg-Polder wurde \u00fcberflutet, sondern auch der <strong>Zimmermanpolder, der Volkerpolder und der Anna-Mariapolder<\/strong>. Am Ende standen etwa <strong>75 Prozent der Fl\u00e4che von Rilland-Bath<\/strong> unter Wasser.    <\/p>\n<h3><strong>Opfer und Nachwirkungen<\/strong><\/h3>\n<p>Aufgrund der schnellen \u00dcberflutung mussten sch\u00e4tzungsweise <strong>2.000 Einwohner<\/strong> evakuiert werden. Die Gesamtzahl der Todesopfer in Rilland-Bath und Umgebung betrug <strong>12 Personen<\/strong>, darunter <strong>f\u00fcnf aus einer Familie<\/strong>. Die Geschichte von Rilland-Bath zeigt, wie unerwartet und schnell die \u00dcberschwemmungen zuschlugen, und verdeutlicht die Verletzlichkeit des Landes hinter den Deichen. Gleichzeitig zeigt sie den Mut und das Engagement der Bewohner und der Hilfskr\u00e4fte, die alles taten, um Leben zu retten.   <strong> <\/strong><\/p>\n<h3><strong>Die Hochwassermarke in der Arsenal Street 18 in Bath<\/strong><\/h3>\n<p>In Bath erinnert ein Hochwasserzeichen an die <strong>Flutkatastrophe<\/strong> von 1953 und den h\u00f6chsten Wasserstand, der damals im <strong>Polder Reigerberg<\/strong> erreicht wurde. Die Markierung erz\u00e4hlt die Geschichte eines Dorfes, das schwer getroffen wurde, und von der Zeit danach, als das Wasser langsam zur\u00fcckging und das Dorf wieder zu Atem kommen konnte. <\/p>\n<h3><strong>H\u00f6chste Wasserst\u00e4nde und Deiche<\/strong><\/h3>\n<p>Am <strong>Sonntagmorgen, dem 1. Februar 1953,<\/strong> stand das Wasser im Polder Reigerberg etwa <strong>3 Meter \u00fcber NAP<\/strong>. Im Laufe des Nachmittags stieg es weiter auf <strong>3,75 Meter NAP<\/strong>. Der gr\u00f6\u00dfte Teil des Landes stand unter Wasser und die Situation blieb lange Zeit kritisch. Erst am <strong>21. April 1953<\/strong> wurde das letzte Loch im Polder geschlossen. Das Durchflussloch wurde mit einem Schiff verschlossen, so dass die Deiche endlich wieder ihre volle Funktion erf\u00fcllen konnten. Die m\u00e4nnliche Bev\u00f6lkerung, die vor\u00fcbergehend evakuiert worden war, durfte daraufhin in ihre H\u00e4user zur\u00fcckkehren. Die Frauen und Kinder folgten drei Tage sp\u00e4ter.      <\/p>\n<h3><strong>Gedenken an die Opfer<\/strong><\/h3>\n<p>Die Katastrophe forderte auch in Bath Opfer. Zum Gedenken wurde <strong>auf dem allgemeinen Friedhof am Valckenisseweg<\/strong> ein Denkmal <strong>errichtet<\/strong>. Dar\u00fcber hinaus wird der ertrunkene B\u00fcrgermeister, <strong>Herr J.A. de Goffau<\/strong>, mit einem Denkmal <strong>in der N\u00e4he des Kirchturms der ehemaligen reformierten Kirche am Bathseweg<\/strong> geehrt.  <\/p>\n<h3><strong>Standort der Hochwassermarke<\/strong><\/h3>\n<p>Das heutige Hochwasserzeichen befindet sich am <strong>ehemaligen Rathaus von Rilland-Bath<\/strong> am <strong>Hoofdweg 28\/30<\/strong>. Dieses Geb\u00e4ude war bis zur Flutkatastrophe die Residenz des B\u00fcrgermeisters J.A. de Goffau. Das Zeichen zeigt, wie hoch das Wasser damals stand und erinnert an die Ereignisse, die Bath und die umliegenden Polder im Februar 1953 f\u00fcr immer ver\u00e4nderten. Das Hochwasserzeichen ist eine greifbare Erinnerung an die Kraft des Wassers, die Zerbrechlichkeit des Landes und den Mut der Bewohner, die versuchten, ihr Dorf und sich gegenseitig zu retten.   <\/p>\n<p>&nbsp;<\/p>\n","protected":false},"excerpt":{"rendered":"<p>Rilland-Bath w\u00e4hrend der Flutkatastrophe von 1953 Am 1. Februar 1953 erreichte das Wasser in Rilland-Bath seinen h\u00f6chsten Stand. Die Katastrophe hatte tiefgreifende Auswirkungen auf das Dorf und die umliegenden Polder und hinterlie\u00df tiefe Spuren in der Geschichte dieser Region. Fr\u00fchzeitige Warnungen Bereits am 31. Januar, zwischen sieben und acht Uhr abends, gab Rijkswaterstaat eine Warnung [&hellip;]<\/p>\n","protected":false},"author":5,"featured_media":125346,"parent":0,"menu_order":0,"comment_status":"closed","ping_status":"closed","template":"","meta":{"_acf_changed":false,"footnotes":""},"class_list":["post-125258","page","type-page","status-publish","has-post-thumbnail","hentry"],"acf":[],"yoast_head":"<!-- This site is optimized with the Yoast SEO plugin v27.2 - https:\/\/yoast.com\/product\/yoast-seo-wordpress\/ -->\n<title>Rilland-Bath w\u00e4hrend der Flutkatastrophe von 1953 - Tourist Shop Yerseke<\/title>\n<meta name=\"description\" content=\"Die Hochwassermarke in der Arsenal Street in Bath erinnert an die h\u00f6chsten Wasserst\u00e4nde w\u00e4hrend der Flutkatastrophe, an die Opfer und an die tapferen Bewohner.\" \/>\n<meta name=\"robots\" content=\"index, follow, max-snippet:-1, max-image-preview:large, max-video-preview:-1\" \/>\n<link rel=\"canonical\" href=\"https:\/\/www.touristshopyerseke.nl\/de\/rilland-bath-waehrend-der-flutkatastrophe-von-1953\/\" \/>\n<meta property=\"og:locale\" content=\"de_DE\" \/>\n<meta property=\"og:type\" content=\"article\" \/>\n<meta property=\"og:title\" content=\"Rilland-Bath w\u00e4hrend der Flutkatastrophe von 1953 - Tourist Shop Yerseke\" \/>\n<meta property=\"og:description\" content=\"Die Hochwassermarke in der Arsenal Street in Bath erinnert an die h\u00f6chsten Wasserst\u00e4nde w\u00e4hrend der Flutkatastrophe, an die Opfer und an die tapferen Bewohner.\" \/>\n<meta property=\"og:url\" content=\"https:\/\/www.touristshopyerseke.nl\/de\/rilland-bath-waehrend-der-flutkatastrophe-von-1953\/\" \/>\n<meta property=\"og:site_name\" content=\"Tourist Shop Yerseke\" \/>\n<meta property=\"article:modified_time\" content=\"2026-04-16T06:52:14+00:00\" \/>\n<meta property=\"og:image\" content=\"https:\/\/www.touristshopyerseke.nl\/wp-content\/uploads\/2026\/03\/Untitled-project-12.jpg\" \/>\n\t<meta property=\"og:image:width\" content=\"1536\" \/>\n\t<meta property=\"og:image:height\" content=\"1024\" \/>\n\t<meta property=\"og:image:type\" content=\"image\/jpeg\" \/>\n<meta name=\"twitter:card\" content=\"summary_large_image\" \/>\n<meta name=\"twitter:label1\" content=\"Gesch\u00e4tzte Lesezeit\" \/>\n\t<meta name=\"twitter:data1\" content=\"3\u00a0Minuten\" \/>\n<script type=\"application\/ld+json\" class=\"yoast-schema-graph\">{\"@context\":\"https:\/\/schema.org\",\"@graph\":[{\"@type\":\"WebPage\",\"@id\":\"https:\/\/www.touristshopyerseke.nl\/de\/rilland-bath-waehrend-der-flutkatastrophe-von-1953\/\",\"url\":\"https:\/\/www.touristshopyerseke.nl\/de\/rilland-bath-waehrend-der-flutkatastrophe-von-1953\/\",\"name\":\"Rilland-Bath w\u00e4hrend der Flutkatastrophe von 1953 - Tourist Shop Yerseke\",\"isPartOf\":{\"@id\":\"https:\/\/www.touristshopyerseke.nl\/de\/#website\"},\"primaryImageOfPage\":{\"@id\":\"https:\/\/www.touristshopyerseke.nl\/de\/rilland-bath-waehrend-der-flutkatastrophe-von-1953\/#primaryimage\"},\"image\":{\"@id\":\"https:\/\/www.touristshopyerseke.nl\/de\/rilland-bath-waehrend-der-flutkatastrophe-von-1953\/#primaryimage\"},\"thumbnailUrl\":\"https:\/\/www.touristshopyerseke.nl\/wp-content\/uploads\/2026\/03\/Untitled-project-12.jpg\",\"datePublished\":\"2026-03-12T10:55:05+00:00\",\"dateModified\":\"2026-04-16T06:52:14+00:00\",\"description\":\"Die Hochwassermarke in der Arsenal Street in Bath erinnert an die h\u00f6chsten Wasserst\u00e4nde w\u00e4hrend der Flutkatastrophe, an die Opfer und an die tapferen Bewohner.\",\"breadcrumb\":{\"@id\":\"https:\/\/www.touristshopyerseke.nl\/de\/rilland-bath-waehrend-der-flutkatastrophe-von-1953\/#breadcrumb\"},\"inLanguage\":\"de\",\"potentialAction\":[{\"@type\":\"ReadAction\",\"target\":[\"https:\/\/www.touristshopyerseke.nl\/de\/rilland-bath-waehrend-der-flutkatastrophe-von-1953\/\"]}]},{\"@type\":\"ImageObject\",\"inLanguage\":\"de\",\"@id\":\"https:\/\/www.touristshopyerseke.nl\/de\/rilland-bath-waehrend-der-flutkatastrophe-von-1953\/#primaryimage\",\"url\":\"https:\/\/www.touristshopyerseke.nl\/wp-content\/uploads\/2026\/03\/Untitled-project-12.jpg\",\"contentUrl\":\"https:\/\/www.touristshopyerseke.nl\/wp-content\/uploads\/2026\/03\/Untitled-project-12.jpg\",\"width\":1536,\"height\":1024},{\"@type\":\"BreadcrumbList\",\"@id\":\"https:\/\/www.touristshopyerseke.nl\/de\/rilland-bath-waehrend-der-flutkatastrophe-von-1953\/#breadcrumb\",\"itemListElement\":[{\"@type\":\"ListItem\",\"position\":1,\"name\":\"Home\",\"item\":\"https:\/\/www.touristshopyerseke.nl\/de\/\"},{\"@type\":\"ListItem\",\"position\":2,\"name\":\"Rilland-Bath w\u00e4hrend der Flutkatastrophe von 1953\"}]},{\"@type\":\"WebSite\",\"@id\":\"https:\/\/www.touristshopyerseke.nl\/de\/#website\",\"url\":\"https:\/\/www.touristshopyerseke.nl\/de\/\",\"name\":\"Tourist Shop Yerseke\",\"description\":\"\",\"potentialAction\":[{\"@type\":\"SearchAction\",\"target\":{\"@type\":\"EntryPoint\",\"urlTemplate\":\"https:\/\/www.touristshopyerseke.nl\/de\/?s={search_term_string}\"},\"query-input\":{\"@type\":\"PropertyValueSpecification\",\"valueRequired\":true,\"valueName\":\"search_term_string\"}}],\"inLanguage\":\"de\"}]}<\/script>\n<!-- \/ Yoast SEO plugin. -->","yoast_head_json":{"title":"Rilland-Bath w\u00e4hrend der Flutkatastrophe von 1953 - Tourist Shop Yerseke","description":"Die Hochwassermarke in der Arsenal Street in Bath erinnert an die h\u00f6chsten Wasserst\u00e4nde w\u00e4hrend der Flutkatastrophe, an die Opfer und an die tapferen Bewohner.","robots":{"index":"index","follow":"follow","max-snippet":"max-snippet:-1","max-image-preview":"max-image-preview:large","max-video-preview":"max-video-preview:-1"},"canonical":"https:\/\/www.touristshopyerseke.nl\/de\/rilland-bath-waehrend-der-flutkatastrophe-von-1953\/","og_locale":"de_DE","og_type":"article","og_title":"Rilland-Bath w\u00e4hrend der Flutkatastrophe von 1953 - Tourist Shop Yerseke","og_description":"Die Hochwassermarke in der Arsenal Street in Bath erinnert an die h\u00f6chsten Wasserst\u00e4nde w\u00e4hrend der Flutkatastrophe, an die Opfer und an die tapferen Bewohner.","og_url":"https:\/\/www.touristshopyerseke.nl\/de\/rilland-bath-waehrend-der-flutkatastrophe-von-1953\/","og_site_name":"Tourist Shop Yerseke","article_modified_time":"2026-04-16T06:52:14+00:00","og_image":[{"width":1536,"height":1024,"url":"https:\/\/www.touristshopyerseke.nl\/wp-content\/uploads\/2026\/03\/Untitled-project-12.jpg","type":"image\/jpeg"}],"twitter_card":"summary_large_image","twitter_misc":{"Gesch\u00e4tzte Lesezeit":"3\u00a0Minuten"},"schema":{"@context":"https:\/\/schema.org","@graph":[{"@type":"WebPage","@id":"https:\/\/www.touristshopyerseke.nl\/de\/rilland-bath-waehrend-der-flutkatastrophe-von-1953\/","url":"https:\/\/www.touristshopyerseke.nl\/de\/rilland-bath-waehrend-der-flutkatastrophe-von-1953\/","name":"Rilland-Bath w\u00e4hrend der Flutkatastrophe von 1953 - Tourist Shop Yerseke","isPartOf":{"@id":"https:\/\/www.touristshopyerseke.nl\/de\/#website"},"primaryImageOfPage":{"@id":"https:\/\/www.touristshopyerseke.nl\/de\/rilland-bath-waehrend-der-flutkatastrophe-von-1953\/#primaryimage"},"image":{"@id":"https:\/\/www.touristshopyerseke.nl\/de\/rilland-bath-waehrend-der-flutkatastrophe-von-1953\/#primaryimage"},"thumbnailUrl":"https:\/\/www.touristshopyerseke.nl\/wp-content\/uploads\/2026\/03\/Untitled-project-12.jpg","datePublished":"2026-03-12T10:55:05+00:00","dateModified":"2026-04-16T06:52:14+00:00","description":"Die Hochwassermarke in der Arsenal Street in Bath erinnert an die h\u00f6chsten Wasserst\u00e4nde w\u00e4hrend der Flutkatastrophe, an die Opfer und an die tapferen Bewohner.","breadcrumb":{"@id":"https:\/\/www.touristshopyerseke.nl\/de\/rilland-bath-waehrend-der-flutkatastrophe-von-1953\/#breadcrumb"},"inLanguage":"de","potentialAction":[{"@type":"ReadAction","target":["https:\/\/www.touristshopyerseke.nl\/de\/rilland-bath-waehrend-der-flutkatastrophe-von-1953\/"]}]},{"@type":"ImageObject","inLanguage":"de","@id":"https:\/\/www.touristshopyerseke.nl\/de\/rilland-bath-waehrend-der-flutkatastrophe-von-1953\/#primaryimage","url":"https:\/\/www.touristshopyerseke.nl\/wp-content\/uploads\/2026\/03\/Untitled-project-12.jpg","contentUrl":"https:\/\/www.touristshopyerseke.nl\/wp-content\/uploads\/2026\/03\/Untitled-project-12.jpg","width":1536,"height":1024},{"@type":"BreadcrumbList","@id":"https:\/\/www.touristshopyerseke.nl\/de\/rilland-bath-waehrend-der-flutkatastrophe-von-1953\/#breadcrumb","itemListElement":[{"@type":"ListItem","position":1,"name":"Home","item":"https:\/\/www.touristshopyerseke.nl\/de\/"},{"@type":"ListItem","position":2,"name":"Rilland-Bath w\u00e4hrend der Flutkatastrophe von 1953"}]},{"@type":"WebSite","@id":"https:\/\/www.touristshopyerseke.nl\/de\/#website","url":"https:\/\/www.touristshopyerseke.nl\/de\/","name":"Tourist Shop Yerseke","description":"","potentialAction":[{"@type":"SearchAction","target":{"@type":"EntryPoint","urlTemplate":"https:\/\/www.touristshopyerseke.nl\/de\/?s={search_term_string}"},"query-input":{"@type":"PropertyValueSpecification","valueRequired":true,"valueName":"search_term_string"}}],"inLanguage":"de"}]}},"_links":{"self":[{"href":"https:\/\/www.touristshopyerseke.nl\/de\/wp-json\/wp\/v2\/pages\/125258","targetHints":{"allow":["GET"]}}],"collection":[{"href":"https:\/\/www.touristshopyerseke.nl\/de\/wp-json\/wp\/v2\/pages"}],"about":[{"href":"https:\/\/www.touristshopyerseke.nl\/de\/wp-json\/wp\/v2\/types\/page"}],"author":[{"embeddable":true,"href":"https:\/\/www.touristshopyerseke.nl\/de\/wp-json\/wp\/v2\/users\/5"}],"replies":[{"embeddable":true,"href":"https:\/\/www.touristshopyerseke.nl\/de\/wp-json\/wp\/v2\/comments?post=125258"}],"version-history":[{"count":2,"href":"https:\/\/www.touristshopyerseke.nl\/de\/wp-json\/wp\/v2\/pages\/125258\/revisions"}],"predecessor-version":[{"id":125588,"href":"https:\/\/www.touristshopyerseke.nl\/de\/wp-json\/wp\/v2\/pages\/125258\/revisions\/125588"}],"wp:featuredmedia":[{"embeddable":true,"href":"https:\/\/www.touristshopyerseke.nl\/de\/wp-json\/wp\/v2\/media\/125346"}],"wp:attachment":[{"href":"https:\/\/www.touristshopyerseke.nl\/de\/wp-json\/wp\/v2\/media?parent=125258"}],"curies":[{"name":"wp","href":"https:\/\/api.w.org\/{rel}","templated":true}]}}