{"id":125246,"date":"2026-03-12T10:39:54","date_gmt":"2026-03-12T10:39:54","guid":{"rendered":"https:\/\/www.touristshopyerseke.nl\/die-hochwassermarke-in-oostdijk\/"},"modified":"2026-04-16T07:21:00","modified_gmt":"2026-04-16T07:21:00","slug":"die-hochwassermarke-in-oostdijk","status":"publish","type":"page","link":"https:\/\/www.touristshopyerseke.nl\/de\/die-hochwassermarke-in-oostdijk\/","title":{"rendered":"Die Hochwassermarke in Oostdijk"},"content":{"rendered":"<h2><strong>Die Hochwassermarke in Oostdijk<\/strong><\/h2>\n<p>An der Fassade des Vereinsgeb\u00e4udes <strong>von Apeldoorn<\/strong> im Dorf <strong>Oostdijk<\/strong> befindet sich ein Flutzeichen, das an die <strong>Flutkatastrophe<\/strong> von 1953 erinnert. Es zeigt, wie hoch das Wasser hier gestiegen ist und erz\u00e4hlt die Geschichte eines Dorfes, das von der Katastrophe schwer getroffen wurde. <\/p>\n<h3><strong>Eine verheerende Flutwelle<\/strong><\/h3>\n<p>In der Nacht des <strong>1. Februar 1953<\/strong> brach der <strong>Veerhavener Deich bei Kruiningen<\/strong> pl\u00f6tzlich. Dieser abrupte Deichbruch f\u00fchrte dazu, dass eine gewaltige Flutwelle auf Oostdijk zurollte. Dadurch wurde das kleine Dorf praktisch von der Landkarte getilgt. Viele Einwohner wurden von dem schnell steigenden Wasser v\u00f6llig \u00fcberrascht. Die H\u00e4user wurden schwer besch\u00e4digt oder v\u00f6llig zerst\u00f6rt. Sp\u00e4ter an diesem Sonntagnachmittag folgte eine <strong>zweite Flut<\/strong>, die das Wasser erneut ansteigen lie\u00df. Der Kommandant der Freiwilligen Feuerwehr von Kruining, <strong>Rinus Le Clerq<\/strong>, berichtete, dass der durchschnittliche Wasserstand im Polder von Kruiningen an diesem Nachmittag etwa <strong>3,66 Meter \u00fcber NAP<\/strong> lag.      <\/p>\n<h3><strong>Die Hochwassermarke am Geb\u00e4ude Apeldoorn<\/strong><\/h3>\n<p>Das Hochwasserzeichen wurde nicht nur an der Fassade des Vereinsgeb\u00e4udes angebracht. Tats\u00e4chlich hat das Geb\u00e4ude selbst eine besondere Geschichte. Nach der Katastrophe schenkte die <strong>Gemeinde Apeldoorn<\/strong> den Bewohnern von Oostdijk ein neues Vereinsheim. Das Geb\u00e4ude wurde daher <strong>Apeldoorn<\/strong> genannt. Die Hochwassermarke zeigt, dass das Wasser hier etwa <strong>2,40 Meter \u00fcber der Mitte der Stra\u00dfe<\/strong> stand. Die Stra\u00dfe selbst liegt etwa <strong>1,20 Meter \u00fcber dem Meeresspiegel<\/strong>.     <\/p>\n<h3><strong>Gedenken an die Opfer<\/strong><\/h3>\n<p>Auch f\u00fcr Oostdijk hatte die Katastrophe gro\u00dfe Folgen. In dem Dorf <strong>sind sechs Menschen<\/strong> w\u00e4hrend der Flut <strong>ertrunken<\/strong>. Ihre Namen sind auf einer <strong>Gedenktafel am Geb\u00e4ude von Apeldoorn<\/strong> verzeichnet. Dies h\u00e4lt die Erinnerung an die Opfer wach und zeigt, wie weitreichend die Ereignisse vom Februar 1953 f\u00fcr dieses kleine Dorf waren.   <\/p>\n<h3><strong>Eine greifbare Erinnerung<\/strong><\/h3>\n<p>Heute ist das Hochwasserzeichen am Vereinsgeb\u00e4ude eine stumme Erinnerung an die Macht des Wassers und die Zerbrechlichkeit des Landes hinter den Deichen. Gleichzeitig erz\u00e4hlt es aber auch eine Geschichte des Wiederaufbaus und der Solidarit\u00e4t, denn andere Gemeinschaften halfen, dem Dorf einen Neuanfang zu erm\u00f6glichen. <\/p>\n","protected":false},"excerpt":{"rendered":"<p>Die Hochwassermarke in Oostdijk An der Fassade des Vereinsgeb\u00e4udes von Apeldoorn im Dorf Oostdijk befindet sich ein Flutzeichen, das an die Flutkatastrophe von 1953 erinnert. Es zeigt, wie hoch das Wasser hier gestiegen ist und erz\u00e4hlt die Geschichte eines Dorfes, das von der Katastrophe schwer getroffen wurde. Eine verheerende Flutwelle In der Nacht des 1. [&hellip;]<\/p>\n","protected":false},"author":5,"featured_media":125337,"parent":0,"menu_order":0,"comment_status":"closed","ping_status":"closed","template":"","meta":{"_acf_changed":false,"footnotes":""},"class_list":["post-125246","page","type-page","status-publish","has-post-thumbnail","hentry"],"acf":[],"yoast_head":"<!-- This site is optimized with the Yoast SEO plugin v27.2 - https:\/\/yoast.com\/product\/yoast-seo-wordpress\/ -->\n<title>Die Hochwassermarke in Oostdijk - Tourist Shop Yerseke<\/title>\n<meta name=\"description\" content=\"Die Hochwassermarke am Geb\u00e4ude Apeldoorn in Oostdijk zeigt den Wasserstand und erinnert an die Opfer und den Wiederaufbau.\" \/>\n<meta name=\"robots\" content=\"index, follow, max-snippet:-1, max-image-preview:large, max-video-preview:-1\" \/>\n<link rel=\"canonical\" href=\"https:\/\/www.touristshopyerseke.nl\/de\/die-hochwassermarke-in-oostdijk\/\" \/>\n<meta property=\"og:locale\" content=\"de_DE\" \/>\n<meta property=\"og:type\" content=\"article\" \/>\n<meta property=\"og:title\" content=\"Die Hochwassermarke in Oostdijk - Tourist Shop Yerseke\" \/>\n<meta property=\"og:description\" content=\"Die Hochwassermarke am Geb\u00e4ude Apeldoorn in Oostdijk zeigt den Wasserstand und erinnert an die Opfer und den Wiederaufbau.\" \/>\n<meta property=\"og:url\" content=\"https:\/\/www.touristshopyerseke.nl\/de\/die-hochwassermarke-in-oostdijk\/\" \/>\n<meta property=\"og:site_name\" content=\"Tourist Shop Yerseke\" \/>\n<meta property=\"article:modified_time\" content=\"2026-04-16T07:21:00+00:00\" \/>\n<meta property=\"og:image\" content=\"https:\/\/www.touristshopyerseke.nl\/wp-content\/uploads\/2026\/03\/Untitled-project-9.jpg\" \/>\n\t<meta property=\"og:image:width\" content=\"1536\" \/>\n\t<meta property=\"og:image:height\" content=\"1024\" \/>\n\t<meta property=\"og:image:type\" content=\"image\/jpeg\" \/>\n<meta name=\"twitter:card\" content=\"summary_large_image\" \/>\n<meta name=\"twitter:label1\" content=\"Gesch\u00e4tzte Lesezeit\" \/>\n\t<meta name=\"twitter:data1\" content=\"2\u00a0Minuten\" \/>\n<script type=\"application\/ld+json\" class=\"yoast-schema-graph\">{\"@context\":\"https:\/\/schema.org\",\"@graph\":[{\"@type\":\"WebPage\",\"@id\":\"https:\/\/www.touristshopyerseke.nl\/de\/die-hochwassermarke-in-oostdijk\/\",\"url\":\"https:\/\/www.touristshopyerseke.nl\/de\/die-hochwassermarke-in-oostdijk\/\",\"name\":\"Die Hochwassermarke in Oostdijk - Tourist Shop Yerseke\",\"isPartOf\":{\"@id\":\"https:\/\/www.touristshopyerseke.nl\/de\/#website\"},\"primaryImageOfPage\":{\"@id\":\"https:\/\/www.touristshopyerseke.nl\/de\/die-hochwassermarke-in-oostdijk\/#primaryimage\"},\"image\":{\"@id\":\"https:\/\/www.touristshopyerseke.nl\/de\/die-hochwassermarke-in-oostdijk\/#primaryimage\"},\"thumbnailUrl\":\"https:\/\/www.touristshopyerseke.nl\/wp-content\/uploads\/2026\/03\/Untitled-project-9.jpg\",\"datePublished\":\"2026-03-12T10:39:54+00:00\",\"dateModified\":\"2026-04-16T07:21:00+00:00\",\"description\":\"Die Hochwassermarke am Geb\u00e4ude Apeldoorn in Oostdijk zeigt den Wasserstand und erinnert an die Opfer und den Wiederaufbau.\",\"breadcrumb\":{\"@id\":\"https:\/\/www.touristshopyerseke.nl\/de\/die-hochwassermarke-in-oostdijk\/#breadcrumb\"},\"inLanguage\":\"de\",\"potentialAction\":[{\"@type\":\"ReadAction\",\"target\":[\"https:\/\/www.touristshopyerseke.nl\/de\/die-hochwassermarke-in-oostdijk\/\"]}]},{\"@type\":\"ImageObject\",\"inLanguage\":\"de\",\"@id\":\"https:\/\/www.touristshopyerseke.nl\/de\/die-hochwassermarke-in-oostdijk\/#primaryimage\",\"url\":\"https:\/\/www.touristshopyerseke.nl\/wp-content\/uploads\/2026\/03\/Untitled-project-9.jpg\",\"contentUrl\":\"https:\/\/www.touristshopyerseke.nl\/wp-content\/uploads\/2026\/03\/Untitled-project-9.jpg\",\"width\":1536,\"height\":1024},{\"@type\":\"BreadcrumbList\",\"@id\":\"https:\/\/www.touristshopyerseke.nl\/de\/die-hochwassermarke-in-oostdijk\/#breadcrumb\",\"itemListElement\":[{\"@type\":\"ListItem\",\"position\":1,\"name\":\"Home\",\"item\":\"https:\/\/www.touristshopyerseke.nl\/de\/\"},{\"@type\":\"ListItem\",\"position\":2,\"name\":\"Die Hochwassermarke in Oostdijk\"}]},{\"@type\":\"WebSite\",\"@id\":\"https:\/\/www.touristshopyerseke.nl\/de\/#website\",\"url\":\"https:\/\/www.touristshopyerseke.nl\/de\/\",\"name\":\"Tourist Shop Yerseke\",\"description\":\"\",\"potentialAction\":[{\"@type\":\"SearchAction\",\"target\":{\"@type\":\"EntryPoint\",\"urlTemplate\":\"https:\/\/www.touristshopyerseke.nl\/de\/?s={search_term_string}\"},\"query-input\":{\"@type\":\"PropertyValueSpecification\",\"valueRequired\":true,\"valueName\":\"search_term_string\"}}],\"inLanguage\":\"de\"}]}<\/script>\n<!-- \/ Yoast SEO plugin. -->","yoast_head_json":{"title":"Die Hochwassermarke in Oostdijk - Tourist Shop Yerseke","description":"Die Hochwassermarke am Geb\u00e4ude Apeldoorn in Oostdijk zeigt den Wasserstand und erinnert an die Opfer und den Wiederaufbau.","robots":{"index":"index","follow":"follow","max-snippet":"max-snippet:-1","max-image-preview":"max-image-preview:large","max-video-preview":"max-video-preview:-1"},"canonical":"https:\/\/www.touristshopyerseke.nl\/de\/die-hochwassermarke-in-oostdijk\/","og_locale":"de_DE","og_type":"article","og_title":"Die Hochwassermarke in Oostdijk - Tourist Shop Yerseke","og_description":"Die Hochwassermarke am Geb\u00e4ude Apeldoorn in Oostdijk zeigt den Wasserstand und erinnert an die Opfer und den Wiederaufbau.","og_url":"https:\/\/www.touristshopyerseke.nl\/de\/die-hochwassermarke-in-oostdijk\/","og_site_name":"Tourist Shop Yerseke","article_modified_time":"2026-04-16T07:21:00+00:00","og_image":[{"width":1536,"height":1024,"url":"https:\/\/www.touristshopyerseke.nl\/wp-content\/uploads\/2026\/03\/Untitled-project-9.jpg","type":"image\/jpeg"}],"twitter_card":"summary_large_image","twitter_misc":{"Gesch\u00e4tzte Lesezeit":"2\u00a0Minuten"},"schema":{"@context":"https:\/\/schema.org","@graph":[{"@type":"WebPage","@id":"https:\/\/www.touristshopyerseke.nl\/de\/die-hochwassermarke-in-oostdijk\/","url":"https:\/\/www.touristshopyerseke.nl\/de\/die-hochwassermarke-in-oostdijk\/","name":"Die Hochwassermarke in Oostdijk - Tourist Shop Yerseke","isPartOf":{"@id":"https:\/\/www.touristshopyerseke.nl\/de\/#website"},"primaryImageOfPage":{"@id":"https:\/\/www.touristshopyerseke.nl\/de\/die-hochwassermarke-in-oostdijk\/#primaryimage"},"image":{"@id":"https:\/\/www.touristshopyerseke.nl\/de\/die-hochwassermarke-in-oostdijk\/#primaryimage"},"thumbnailUrl":"https:\/\/www.touristshopyerseke.nl\/wp-content\/uploads\/2026\/03\/Untitled-project-9.jpg","datePublished":"2026-03-12T10:39:54+00:00","dateModified":"2026-04-16T07:21:00+00:00","description":"Die Hochwassermarke am Geb\u00e4ude Apeldoorn in Oostdijk zeigt den Wasserstand und erinnert an die Opfer und den Wiederaufbau.","breadcrumb":{"@id":"https:\/\/www.touristshopyerseke.nl\/de\/die-hochwassermarke-in-oostdijk\/#breadcrumb"},"inLanguage":"de","potentialAction":[{"@type":"ReadAction","target":["https:\/\/www.touristshopyerseke.nl\/de\/die-hochwassermarke-in-oostdijk\/"]}]},{"@type":"ImageObject","inLanguage":"de","@id":"https:\/\/www.touristshopyerseke.nl\/de\/die-hochwassermarke-in-oostdijk\/#primaryimage","url":"https:\/\/www.touristshopyerseke.nl\/wp-content\/uploads\/2026\/03\/Untitled-project-9.jpg","contentUrl":"https:\/\/www.touristshopyerseke.nl\/wp-content\/uploads\/2026\/03\/Untitled-project-9.jpg","width":1536,"height":1024},{"@type":"BreadcrumbList","@id":"https:\/\/www.touristshopyerseke.nl\/de\/die-hochwassermarke-in-oostdijk\/#breadcrumb","itemListElement":[{"@type":"ListItem","position":1,"name":"Home","item":"https:\/\/www.touristshopyerseke.nl\/de\/"},{"@type":"ListItem","position":2,"name":"Die Hochwassermarke in Oostdijk"}]},{"@type":"WebSite","@id":"https:\/\/www.touristshopyerseke.nl\/de\/#website","url":"https:\/\/www.touristshopyerseke.nl\/de\/","name":"Tourist Shop Yerseke","description":"","potentialAction":[{"@type":"SearchAction","target":{"@type":"EntryPoint","urlTemplate":"https:\/\/www.touristshopyerseke.nl\/de\/?s={search_term_string}"},"query-input":{"@type":"PropertyValueSpecification","valueRequired":true,"valueName":"search_term_string"}}],"inLanguage":"de"}]}},"_links":{"self":[{"href":"https:\/\/www.touristshopyerseke.nl\/de\/wp-json\/wp\/v2\/pages\/125246","targetHints":{"allow":["GET"]}}],"collection":[{"href":"https:\/\/www.touristshopyerseke.nl\/de\/wp-json\/wp\/v2\/pages"}],"about":[{"href":"https:\/\/www.touristshopyerseke.nl\/de\/wp-json\/wp\/v2\/types\/page"}],"author":[{"embeddable":true,"href":"https:\/\/www.touristshopyerseke.nl\/de\/wp-json\/wp\/v2\/users\/5"}],"replies":[{"embeddable":true,"href":"https:\/\/www.touristshopyerseke.nl\/de\/wp-json\/wp\/v2\/comments?post=125246"}],"version-history":[{"count":2,"href":"https:\/\/www.touristshopyerseke.nl\/de\/wp-json\/wp\/v2\/pages\/125246\/revisions"}],"predecessor-version":[{"id":125598,"href":"https:\/\/www.touristshopyerseke.nl\/de\/wp-json\/wp\/v2\/pages\/125246\/revisions\/125598"}],"wp:featuredmedia":[{"embeddable":true,"href":"https:\/\/www.touristshopyerseke.nl\/de\/wp-json\/wp\/v2\/media\/125337"}],"wp:attachment":[{"href":"https:\/\/www.touristshopyerseke.nl\/de\/wp-json\/wp\/v2\/media?parent=125246"}],"curies":[{"name":"wp","href":"https:\/\/api.w.org\/{rel}","templated":true}]}}