{"id":125241,"date":"2026-03-12T10:27:50","date_gmt":"2026-03-12T10:27:50","guid":{"rendered":"https:\/\/www.touristshopyerseke.nl\/die-hochwassermarke-in-waarde\/"},"modified":"2026-04-16T07:17:40","modified_gmt":"2026-04-16T07:17:40","slug":"die-hochwassermarke-in-waarde","status":"publish","type":"page","link":"https:\/\/www.touristshopyerseke.nl\/de\/die-hochwassermarke-in-waarde\/","title":{"rendered":"Die Hochwassermarke in Waarde"},"content":{"rendered":"<h2><strong>Die Hochwassermarke in Waarde<\/strong><\/h2>\n<p>Im Dorf <strong>Waarde<\/strong> erinnert eine Flutmarke an die Ereignisse w\u00e4hrend der <strong>Flutkatastrophe<\/strong> von 1953. Sie gibt den h\u00f6chsten Wasserstand an, der hier am <strong>1. Februar 1953<\/strong> erreicht wurde und zeigt, wie weitreichend die Katastrophe f\u00fcr dieses Dorf und die umliegenden Polder war. <\/p>\n<h3><strong>Der Durchbruch des Kadijks<\/strong><\/h3>\n<p>Am Sonntagnachmittag, dem <strong>1. Februar 1953,<\/strong> wurde der Polder Waarde von einer Katastrophe heimgesucht. W\u00e4hrend der sogenannten <strong>zweiten Flut<\/strong> brach der <strong>Kadijk<\/strong>, der Deich zwischen den Poldern <strong>Kruiningen<\/strong> und <strong>Waarde<\/strong>, zusammen. Der Deich brach an nicht weniger als <strong>dreizehn Stellen<\/strong>. Dadurch konnte das Wasser aus dem stark betroffenen Kruiningen-Polder schnell in den Waarde-Polder flie\u00dfen. Innerhalb k\u00fcrzester Zeit war das Land \u00fcberflutet. Schlie\u00dflich erreichte das Wasser in beiden Poldern eine H\u00f6he von etwa <strong>3,60 Metern \u00fcber NAP<\/strong>.     <\/p>\n<h3><strong>P\u00fcnktlich und sicher<\/strong><\/h3>\n<p>Die Lage war ernst, aber die Bewohner von Waarde hatten etwas g\u00fcnstigere Umst\u00e4nde als die Bewohner des Polders Kruiningen. Am <strong>Sonntagmorgen vor dem Durchbruch<\/strong> des Kadijks hatten viele Menschen die M\u00f6glichkeit, sich in Sicherheit zu bringen. So gelang es vielen Bewohnern, rechtzeitig h\u00f6her gelegenes Gel\u00e4nde zu erreichen. Dennoch forderte die Katastrophe auch hier ein Opfer: <strong>ein Einwohner von Waarde starb<\/strong>.   <\/p>\n<h3><strong>Erinnerung an ein tiefgreifendes Ereignis<\/strong><\/h3>\n<p>Die Hochwassermarke in Waarde symbolisiert heute die Macht des Wassers und die Verletzlichkeit des Landes hinter den Deichen. Gleichzeitig erinnert sie an die Ereignisse jenes Wintertages im Jahr 1953, als sich der Polder pl\u00f6tzlich in eine riesige Wasserfl\u00e4che verwandelte. F\u00fcr Bewohner und Besucher ist es eine stille Erinnerung an ein Ereignis, das das Leben in dieser Region f\u00fcr immer gepr\u00e4gt hat.  <\/p>\n","protected":false},"excerpt":{"rendered":"<p>Die Hochwassermarke in Waarde Im Dorf Waarde erinnert eine Flutmarke an die Ereignisse w\u00e4hrend der Flutkatastrophe von 1953. Sie gibt den h\u00f6chsten Wasserstand an, der hier am 1. Februar 1953 erreicht wurde und zeigt, wie weitreichend die Katastrophe f\u00fcr dieses Dorf und die umliegenden Polder war. Der Durchbruch des Kadijks Am Sonntagnachmittag, dem 1. Februar [&hellip;]<\/p>\n","protected":false},"author":5,"featured_media":125334,"parent":0,"menu_order":0,"comment_status":"closed","ping_status":"closed","template":"","meta":{"_acf_changed":false,"footnotes":""},"class_list":["post-125241","page","type-page","status-publish","has-post-thumbnail","hentry"],"acf":[],"yoast_head":"<!-- This site is optimized with the Yoast SEO plugin v27.2 - https:\/\/yoast.com\/product\/yoast-seo-wordpress\/ -->\n<title>Die Hochwassermarke in Waarde - Tourist Shop Yerseke<\/title>\n<meta name=\"description\" content=\"Die Hochwassermarke in Waarde erinnert an den h\u00f6chsten Wasserstand w\u00e4hrend der Flutkatastrophe von 1953 und an die Auswirkungen auf das Dorf.\" \/>\n<meta name=\"robots\" content=\"index, follow, max-snippet:-1, max-image-preview:large, max-video-preview:-1\" \/>\n<link rel=\"canonical\" href=\"https:\/\/www.touristshopyerseke.nl\/de\/die-hochwassermarke-in-waarde\/\" \/>\n<meta property=\"og:locale\" content=\"de_DE\" \/>\n<meta property=\"og:type\" content=\"article\" \/>\n<meta property=\"og:title\" content=\"Die Hochwassermarke in Waarde - Tourist Shop Yerseke\" \/>\n<meta property=\"og:description\" content=\"Die Hochwassermarke in Waarde erinnert an den h\u00f6chsten Wasserstand w\u00e4hrend der Flutkatastrophe von 1953 und an die Auswirkungen auf das Dorf.\" \/>\n<meta property=\"og:url\" content=\"https:\/\/www.touristshopyerseke.nl\/de\/die-hochwassermarke-in-waarde\/\" \/>\n<meta property=\"og:site_name\" content=\"Tourist Shop Yerseke\" \/>\n<meta property=\"article:modified_time\" content=\"2026-04-16T07:17:40+00:00\" \/>\n<meta property=\"og:image\" content=\"https:\/\/www.touristshopyerseke.nl\/wp-content\/uploads\/2026\/03\/Untitled-project-8.jpg\" \/>\n\t<meta property=\"og:image:width\" content=\"1536\" \/>\n\t<meta property=\"og:image:height\" content=\"1024\" \/>\n\t<meta property=\"og:image:type\" content=\"image\/jpeg\" \/>\n<meta name=\"twitter:card\" content=\"summary_large_image\" \/>\n<meta name=\"twitter:label1\" content=\"Gesch\u00e4tzte Lesezeit\" \/>\n\t<meta name=\"twitter:data1\" content=\"1\u00a0Minute\" \/>\n<script type=\"application\/ld+json\" class=\"yoast-schema-graph\">{\"@context\":\"https:\/\/schema.org\",\"@graph\":[{\"@type\":\"WebPage\",\"@id\":\"https:\/\/www.touristshopyerseke.nl\/de\/die-hochwassermarke-in-waarde\/\",\"url\":\"https:\/\/www.touristshopyerseke.nl\/de\/die-hochwassermarke-in-waarde\/\",\"name\":\"Die Hochwassermarke in Waarde - Tourist Shop Yerseke\",\"isPartOf\":{\"@id\":\"https:\/\/www.touristshopyerseke.nl\/de\/#website\"},\"primaryImageOfPage\":{\"@id\":\"https:\/\/www.touristshopyerseke.nl\/de\/die-hochwassermarke-in-waarde\/#primaryimage\"},\"image\":{\"@id\":\"https:\/\/www.touristshopyerseke.nl\/de\/die-hochwassermarke-in-waarde\/#primaryimage\"},\"thumbnailUrl\":\"https:\/\/www.touristshopyerseke.nl\/wp-content\/uploads\/2026\/03\/Untitled-project-8.jpg\",\"datePublished\":\"2026-03-12T10:27:50+00:00\",\"dateModified\":\"2026-04-16T07:17:40+00:00\",\"description\":\"Die Hochwassermarke in Waarde erinnert an den h\u00f6chsten Wasserstand w\u00e4hrend der Flutkatastrophe von 1953 und an die Auswirkungen auf das Dorf.\",\"breadcrumb\":{\"@id\":\"https:\/\/www.touristshopyerseke.nl\/de\/die-hochwassermarke-in-waarde\/#breadcrumb\"},\"inLanguage\":\"de\",\"potentialAction\":[{\"@type\":\"ReadAction\",\"target\":[\"https:\/\/www.touristshopyerseke.nl\/de\/die-hochwassermarke-in-waarde\/\"]}]},{\"@type\":\"ImageObject\",\"inLanguage\":\"de\",\"@id\":\"https:\/\/www.touristshopyerseke.nl\/de\/die-hochwassermarke-in-waarde\/#primaryimage\",\"url\":\"https:\/\/www.touristshopyerseke.nl\/wp-content\/uploads\/2026\/03\/Untitled-project-8.jpg\",\"contentUrl\":\"https:\/\/www.touristshopyerseke.nl\/wp-content\/uploads\/2026\/03\/Untitled-project-8.jpg\",\"width\":1536,\"height\":1024},{\"@type\":\"BreadcrumbList\",\"@id\":\"https:\/\/www.touristshopyerseke.nl\/de\/die-hochwassermarke-in-waarde\/#breadcrumb\",\"itemListElement\":[{\"@type\":\"ListItem\",\"position\":1,\"name\":\"Home\",\"item\":\"https:\/\/www.touristshopyerseke.nl\/de\/\"},{\"@type\":\"ListItem\",\"position\":2,\"name\":\"Die Hochwassermarke in Waarde\"}]},{\"@type\":\"WebSite\",\"@id\":\"https:\/\/www.touristshopyerseke.nl\/de\/#website\",\"url\":\"https:\/\/www.touristshopyerseke.nl\/de\/\",\"name\":\"Tourist Shop Yerseke\",\"description\":\"\",\"potentialAction\":[{\"@type\":\"SearchAction\",\"target\":{\"@type\":\"EntryPoint\",\"urlTemplate\":\"https:\/\/www.touristshopyerseke.nl\/de\/?s={search_term_string}\"},\"query-input\":{\"@type\":\"PropertyValueSpecification\",\"valueRequired\":true,\"valueName\":\"search_term_string\"}}],\"inLanguage\":\"de\"}]}<\/script>\n<!-- \/ Yoast SEO plugin. -->","yoast_head_json":{"title":"Die Hochwassermarke in Waarde - Tourist Shop Yerseke","description":"Die Hochwassermarke in Waarde erinnert an den h\u00f6chsten Wasserstand w\u00e4hrend der Flutkatastrophe von 1953 und an die Auswirkungen auf das Dorf.","robots":{"index":"index","follow":"follow","max-snippet":"max-snippet:-1","max-image-preview":"max-image-preview:large","max-video-preview":"max-video-preview:-1"},"canonical":"https:\/\/www.touristshopyerseke.nl\/de\/die-hochwassermarke-in-waarde\/","og_locale":"de_DE","og_type":"article","og_title":"Die Hochwassermarke in Waarde - Tourist Shop Yerseke","og_description":"Die Hochwassermarke in Waarde erinnert an den h\u00f6chsten Wasserstand w\u00e4hrend der Flutkatastrophe von 1953 und an die Auswirkungen auf das Dorf.","og_url":"https:\/\/www.touristshopyerseke.nl\/de\/die-hochwassermarke-in-waarde\/","og_site_name":"Tourist Shop Yerseke","article_modified_time":"2026-04-16T07:17:40+00:00","og_image":[{"width":1536,"height":1024,"url":"https:\/\/www.touristshopyerseke.nl\/wp-content\/uploads\/2026\/03\/Untitled-project-8.jpg","type":"image\/jpeg"}],"twitter_card":"summary_large_image","twitter_misc":{"Gesch\u00e4tzte Lesezeit":"1\u00a0Minute"},"schema":{"@context":"https:\/\/schema.org","@graph":[{"@type":"WebPage","@id":"https:\/\/www.touristshopyerseke.nl\/de\/die-hochwassermarke-in-waarde\/","url":"https:\/\/www.touristshopyerseke.nl\/de\/die-hochwassermarke-in-waarde\/","name":"Die Hochwassermarke in Waarde - Tourist Shop Yerseke","isPartOf":{"@id":"https:\/\/www.touristshopyerseke.nl\/de\/#website"},"primaryImageOfPage":{"@id":"https:\/\/www.touristshopyerseke.nl\/de\/die-hochwassermarke-in-waarde\/#primaryimage"},"image":{"@id":"https:\/\/www.touristshopyerseke.nl\/de\/die-hochwassermarke-in-waarde\/#primaryimage"},"thumbnailUrl":"https:\/\/www.touristshopyerseke.nl\/wp-content\/uploads\/2026\/03\/Untitled-project-8.jpg","datePublished":"2026-03-12T10:27:50+00:00","dateModified":"2026-04-16T07:17:40+00:00","description":"Die Hochwassermarke in Waarde erinnert an den h\u00f6chsten Wasserstand w\u00e4hrend der Flutkatastrophe von 1953 und an die Auswirkungen auf das Dorf.","breadcrumb":{"@id":"https:\/\/www.touristshopyerseke.nl\/de\/die-hochwassermarke-in-waarde\/#breadcrumb"},"inLanguage":"de","potentialAction":[{"@type":"ReadAction","target":["https:\/\/www.touristshopyerseke.nl\/de\/die-hochwassermarke-in-waarde\/"]}]},{"@type":"ImageObject","inLanguage":"de","@id":"https:\/\/www.touristshopyerseke.nl\/de\/die-hochwassermarke-in-waarde\/#primaryimage","url":"https:\/\/www.touristshopyerseke.nl\/wp-content\/uploads\/2026\/03\/Untitled-project-8.jpg","contentUrl":"https:\/\/www.touristshopyerseke.nl\/wp-content\/uploads\/2026\/03\/Untitled-project-8.jpg","width":1536,"height":1024},{"@type":"BreadcrumbList","@id":"https:\/\/www.touristshopyerseke.nl\/de\/die-hochwassermarke-in-waarde\/#breadcrumb","itemListElement":[{"@type":"ListItem","position":1,"name":"Home","item":"https:\/\/www.touristshopyerseke.nl\/de\/"},{"@type":"ListItem","position":2,"name":"Die Hochwassermarke in Waarde"}]},{"@type":"WebSite","@id":"https:\/\/www.touristshopyerseke.nl\/de\/#website","url":"https:\/\/www.touristshopyerseke.nl\/de\/","name":"Tourist Shop Yerseke","description":"","potentialAction":[{"@type":"SearchAction","target":{"@type":"EntryPoint","urlTemplate":"https:\/\/www.touristshopyerseke.nl\/de\/?s={search_term_string}"},"query-input":{"@type":"PropertyValueSpecification","valueRequired":true,"valueName":"search_term_string"}}],"inLanguage":"de"}]}},"_links":{"self":[{"href":"https:\/\/www.touristshopyerseke.nl\/de\/wp-json\/wp\/v2\/pages\/125241","targetHints":{"allow":["GET"]}}],"collection":[{"href":"https:\/\/www.touristshopyerseke.nl\/de\/wp-json\/wp\/v2\/pages"}],"about":[{"href":"https:\/\/www.touristshopyerseke.nl\/de\/wp-json\/wp\/v2\/types\/page"}],"author":[{"embeddable":true,"href":"https:\/\/www.touristshopyerseke.nl\/de\/wp-json\/wp\/v2\/users\/5"}],"replies":[{"embeddable":true,"href":"https:\/\/www.touristshopyerseke.nl\/de\/wp-json\/wp\/v2\/comments?post=125241"}],"version-history":[{"count":2,"href":"https:\/\/www.touristshopyerseke.nl\/de\/wp-json\/wp\/v2\/pages\/125241\/revisions"}],"predecessor-version":[{"id":125595,"href":"https:\/\/www.touristshopyerseke.nl\/de\/wp-json\/wp\/v2\/pages\/125241\/revisions\/125595"}],"wp:featuredmedia":[{"embeddable":true,"href":"https:\/\/www.touristshopyerseke.nl\/de\/wp-json\/wp\/v2\/media\/125334"}],"wp:attachment":[{"href":"https:\/\/www.touristshopyerseke.nl\/de\/wp-json\/wp\/v2\/media?parent=125241"}],"curies":[{"name":"wp","href":"https:\/\/api.w.org\/{rel}","templated":true}]}}