{"id":125231,"date":"2026-03-12T10:09:46","date_gmt":"2026-03-12T10:09:46","guid":{"rendered":"https:\/\/www.touristshopyerseke.nl\/die-hochwassermarke-auf-dem-rijksweg-in-kruiningen\/"},"modified":"2026-04-16T07:01:52","modified_gmt":"2026-04-16T07:01:52","slug":"die-hochwassermarke-auf-dem-rijksweg-in-kruiningen","status":"publish","type":"page","link":"https:\/\/www.touristshopyerseke.nl\/de\/die-hochwassermarke-auf-dem-rijksweg-in-kruiningen\/","title":{"rendered":"Die Hochwassermarke auf dem Rijksweg in Kruiningen"},"content":{"rendered":"<h1><strong>Die Hochwassermarke auf dem Rijksweg in Kruiningen<\/strong><\/h1>\n<p>Am Rijksweg in Kruiningen gibt es ein besonderes Denkmal: eine Flutmarke, die an den h\u00f6chsten Wasserstand w\u00e4hrend der <strong>Flutkatastrophe<\/strong> von 1953 erinnert. Diese Markierung zeigt an, wie hoch das Wasser hier gestiegen ist, und ist eine greifbare Erinnerung an eines der einschneidendsten Ereignisse in der Geschichte Zeelands. <\/p>\n<h3><strong>Die katastrophalen Tage im Februar 1953<\/strong><\/h3>\n<p>In der Nacht vom <strong>31. Januar auf den 1. Februar 1953<\/strong> verursachte ein schwerer Nordweststurm gro\u00dfe Probleme an der K\u00fcste von Zeeland. An mehreren Stellen brachen die Deiche, so dass das Wasser mit ungeheurer Wucht ins Land str\u00f6mte.  Am Sonntagnachmittag gab es eine weitere Flut, die so genannte 2. Flut. Dadurch stieg das Wasser im Polder von Kruiningen noch h\u00f6her als in der Nacht zuvor. Der Kommandant der Freiwilligen Feuerwehr Kruiningen, <strong>Rinus Le Clerq<\/strong>, berichtete sp\u00e4ter, dass der durchschnittliche Wasserstand im Polder an diesem Nachmittag etwa <strong>3,66 Meter \u00fcber NAP<\/strong> lag.  <\/p>\n<h3><strong>Die Hochwassermarke an der State Road<\/strong><\/h3>\n<p>Die urspr\u00fcngliche Hochwassermarke war an der Fassade eines Gesch\u00e4ftshauses angebracht, das bis <strong>2010<\/strong> hier stand. Der damalige Eigent\u00fcmer des Geb\u00e4udes, der Fotograf <strong>Adri <\/strong><strong>W.<\/strong><strong> Verschoore<\/strong>, lie\u00df die Markierung anbringen, um den h\u00f6chsten Wasserstand von Sonntagnachmittag, dem 1. Februar 1953, f\u00fcr die Nachwelt festzuhalten. Als das Ladengeb\u00e4ude abgerissen wurde, um Platz f\u00fcr den heutigen Komplex De Uitkijk zu schaffen, wurde die H\u00f6he der Hochwassermarke gemessen (= 3,80m \u00fcber der Stra\u00dfenmitte, die bei 0,20cm liegt &#8211; NAP) und es wurde beschlossen, die alte Marke in das Watersnoodmuseum in Ouwerkerk zu bringen, mit dem Versprechen, dass sie in der einen oder anderen Form zur\u00fcckkehren w\u00fcrde. W\u00e4hrend des Neubaus des jetzigen Wohnkomplexes wurde eine v\u00f6llig neue Flutmarke in genau derselben H\u00f6he angebracht. So bleibt die Erinnerung an die Flutkatastrophe von 1953 f\u00fcr alle, die vorbeikommen, sichtbar.    <\/p>\n<h3><strong>Gedenken an die Opfer<\/strong><\/h3>\n<p>Die Folgen der Katastrophe waren schwerwiegend. In <strong>Kruiningen und den umliegenden Poldern<\/strong> starben <strong>58 Menschen<\/strong>. Viele Bewohner wurden von dem schnell ansteigenden Wasser v\u00f6llig \u00fcberrumpelt.   An die Opfer erinnert das Denkmal von <strong>Jan Wolkers<\/strong>, das <strong>1957<\/strong> im Garten der <strong>Johanneskerk<\/strong> in der Burgemeester Elenbaasstraat aufgestellt wurde. Seit <strong>2013<\/strong> sind die Namen der Opfer von Kruiningen auf dem Sockel des Denkmals eingraviert <\/p>\n<h3><strong>Bilder der Flutkatastrophe<\/strong><\/h3>\n<p>Der Fotograf <strong>Adri W. Verschoore<\/strong>, der einst das Flutzeichen in Auftrag gab, spielte auch auf andere Weise eine wichtige Rolle bei der Bewahrung dieser Geschichte. Er hielt die Ereignisse rund um die Katastrophe in Fotos fest und hinterlie\u00df eine umfangreiche Sammlung von Bildern. Heute sind diese Fotos eine wertvolle Erinnerung an die Tage, als das Wasser das Leben in Kruiningen dramatisch ver\u00e4nderte. Sie zeigen, wie gro\u00df die Auswirkungen der Katastrophe waren, aber auch, wie stark die Gemeinschaft danach weiterlebte.   <\/p>\n<p>&nbsp;<\/p>\n","protected":false},"excerpt":{"rendered":"<p>Die Hochwassermarke auf dem Rijksweg in Kruiningen Am Rijksweg in Kruiningen gibt es ein besonderes Denkmal: eine Flutmarke, die an den h\u00f6chsten Wasserstand w\u00e4hrend der Flutkatastrophe von 1953 erinnert. Diese Markierung zeigt an, wie hoch das Wasser hier gestiegen ist, und ist eine greifbare Erinnerung an eines der einschneidendsten Ereignisse in der Geschichte Zeelands. Die [&hellip;]<\/p>\n","protected":false},"author":5,"featured_media":125321,"parent":0,"menu_order":0,"comment_status":"closed","ping_status":"closed","template":"","meta":{"_acf_changed":false,"footnotes":""},"class_list":["post-125231","page","type-page","status-publish","has-post-thumbnail","hentry"],"acf":[],"yoast_head":"<!-- This site is optimized with the Yoast SEO plugin v27.2 - https:\/\/yoast.com\/product\/yoast-seo-wordpress\/ -->\n<title>Die Hochwassermarke auf dem Rijksweg in Kruiningen - Tourist Shop Yerseke<\/title>\n<meta name=\"description\" content=\"Die Hochwassermarke auf dem Rijksweg in Kruiningen zeigt, wie hoch das Wasser w\u00e4hrend der Flutkatastrophe von 1953 stand.\" \/>\n<meta name=\"robots\" content=\"index, follow, max-snippet:-1, max-image-preview:large, max-video-preview:-1\" \/>\n<link rel=\"canonical\" href=\"https:\/\/www.touristshopyerseke.nl\/de\/die-hochwassermarke-auf-dem-rijksweg-in-kruiningen\/\" \/>\n<meta property=\"og:locale\" content=\"de_DE\" \/>\n<meta property=\"og:type\" content=\"article\" \/>\n<meta property=\"og:title\" content=\"Die Hochwassermarke auf dem Rijksweg in Kruiningen - Tourist Shop Yerseke\" \/>\n<meta property=\"og:description\" content=\"Die Hochwassermarke auf dem Rijksweg in Kruiningen zeigt, wie hoch das Wasser w\u00e4hrend der Flutkatastrophe von 1953 stand.\" \/>\n<meta property=\"og:url\" content=\"https:\/\/www.touristshopyerseke.nl\/de\/die-hochwassermarke-auf-dem-rijksweg-in-kruiningen\/\" \/>\n<meta property=\"og:site_name\" content=\"Tourist Shop Yerseke\" \/>\n<meta property=\"article:modified_time\" content=\"2026-04-16T07:01:52+00:00\" \/>\n<meta property=\"og:image\" content=\"https:\/\/www.touristshopyerseke.nl\/wp-content\/uploads\/2026\/03\/Untitled-project-6.jpg\" \/>\n\t<meta property=\"og:image:width\" content=\"1536\" \/>\n\t<meta property=\"og:image:height\" content=\"1024\" \/>\n\t<meta property=\"og:image:type\" content=\"image\/jpeg\" \/>\n<meta name=\"twitter:card\" content=\"summary_large_image\" \/>\n<meta name=\"twitter:label1\" content=\"Gesch\u00e4tzte Lesezeit\" \/>\n\t<meta name=\"twitter:data1\" content=\"2\u00a0Minuten\" \/>\n<script type=\"application\/ld+json\" class=\"yoast-schema-graph\">{\"@context\":\"https:\/\/schema.org\",\"@graph\":[{\"@type\":\"WebPage\",\"@id\":\"https:\/\/www.touristshopyerseke.nl\/de\/die-hochwassermarke-auf-dem-rijksweg-in-kruiningen\/\",\"url\":\"https:\/\/www.touristshopyerseke.nl\/de\/die-hochwassermarke-auf-dem-rijksweg-in-kruiningen\/\",\"name\":\"Die Hochwassermarke auf dem Rijksweg in Kruiningen - Tourist Shop Yerseke\",\"isPartOf\":{\"@id\":\"https:\/\/www.touristshopyerseke.nl\/de\/#website\"},\"primaryImageOfPage\":{\"@id\":\"https:\/\/www.touristshopyerseke.nl\/de\/die-hochwassermarke-auf-dem-rijksweg-in-kruiningen\/#primaryimage\"},\"image\":{\"@id\":\"https:\/\/www.touristshopyerseke.nl\/de\/die-hochwassermarke-auf-dem-rijksweg-in-kruiningen\/#primaryimage\"},\"thumbnailUrl\":\"https:\/\/www.touristshopyerseke.nl\/wp-content\/uploads\/2026\/03\/Untitled-project-6.jpg\",\"datePublished\":\"2026-03-12T10:09:46+00:00\",\"dateModified\":\"2026-04-16T07:01:52+00:00\",\"description\":\"Die Hochwassermarke auf dem Rijksweg in Kruiningen zeigt, wie hoch das Wasser w\u00e4hrend der Flutkatastrophe von 1953 stand.\",\"breadcrumb\":{\"@id\":\"https:\/\/www.touristshopyerseke.nl\/de\/die-hochwassermarke-auf-dem-rijksweg-in-kruiningen\/#breadcrumb\"},\"inLanguage\":\"de\",\"potentialAction\":[{\"@type\":\"ReadAction\",\"target\":[\"https:\/\/www.touristshopyerseke.nl\/de\/die-hochwassermarke-auf-dem-rijksweg-in-kruiningen\/\"]}]},{\"@type\":\"ImageObject\",\"inLanguage\":\"de\",\"@id\":\"https:\/\/www.touristshopyerseke.nl\/de\/die-hochwassermarke-auf-dem-rijksweg-in-kruiningen\/#primaryimage\",\"url\":\"https:\/\/www.touristshopyerseke.nl\/wp-content\/uploads\/2026\/03\/Untitled-project-6.jpg\",\"contentUrl\":\"https:\/\/www.touristshopyerseke.nl\/wp-content\/uploads\/2026\/03\/Untitled-project-6.jpg\",\"width\":1536,\"height\":1024},{\"@type\":\"BreadcrumbList\",\"@id\":\"https:\/\/www.touristshopyerseke.nl\/de\/die-hochwassermarke-auf-dem-rijksweg-in-kruiningen\/#breadcrumb\",\"itemListElement\":[{\"@type\":\"ListItem\",\"position\":1,\"name\":\"Home\",\"item\":\"https:\/\/www.touristshopyerseke.nl\/de\/\"},{\"@type\":\"ListItem\",\"position\":2,\"name\":\"Die Hochwassermarke auf dem Rijksweg in Kruiningen\"}]},{\"@type\":\"WebSite\",\"@id\":\"https:\/\/www.touristshopyerseke.nl\/de\/#website\",\"url\":\"https:\/\/www.touristshopyerseke.nl\/de\/\",\"name\":\"Tourist Shop Yerseke\",\"description\":\"\",\"potentialAction\":[{\"@type\":\"SearchAction\",\"target\":{\"@type\":\"EntryPoint\",\"urlTemplate\":\"https:\/\/www.touristshopyerseke.nl\/de\/?s={search_term_string}\"},\"query-input\":{\"@type\":\"PropertyValueSpecification\",\"valueRequired\":true,\"valueName\":\"search_term_string\"}}],\"inLanguage\":\"de\"}]}<\/script>\n<!-- \/ Yoast SEO plugin. -->","yoast_head_json":{"title":"Die Hochwassermarke auf dem Rijksweg in Kruiningen - Tourist Shop Yerseke","description":"Die Hochwassermarke auf dem Rijksweg in Kruiningen zeigt, wie hoch das Wasser w\u00e4hrend der Flutkatastrophe von 1953 stand.","robots":{"index":"index","follow":"follow","max-snippet":"max-snippet:-1","max-image-preview":"max-image-preview:large","max-video-preview":"max-video-preview:-1"},"canonical":"https:\/\/www.touristshopyerseke.nl\/de\/die-hochwassermarke-auf-dem-rijksweg-in-kruiningen\/","og_locale":"de_DE","og_type":"article","og_title":"Die Hochwassermarke auf dem Rijksweg in Kruiningen - Tourist Shop Yerseke","og_description":"Die Hochwassermarke auf dem Rijksweg in Kruiningen zeigt, wie hoch das Wasser w\u00e4hrend der Flutkatastrophe von 1953 stand.","og_url":"https:\/\/www.touristshopyerseke.nl\/de\/die-hochwassermarke-auf-dem-rijksweg-in-kruiningen\/","og_site_name":"Tourist Shop Yerseke","article_modified_time":"2026-04-16T07:01:52+00:00","og_image":[{"width":1536,"height":1024,"url":"https:\/\/www.touristshopyerseke.nl\/wp-content\/uploads\/2026\/03\/Untitled-project-6.jpg","type":"image\/jpeg"}],"twitter_card":"summary_large_image","twitter_misc":{"Gesch\u00e4tzte Lesezeit":"2\u00a0Minuten"},"schema":{"@context":"https:\/\/schema.org","@graph":[{"@type":"WebPage","@id":"https:\/\/www.touristshopyerseke.nl\/de\/die-hochwassermarke-auf-dem-rijksweg-in-kruiningen\/","url":"https:\/\/www.touristshopyerseke.nl\/de\/die-hochwassermarke-auf-dem-rijksweg-in-kruiningen\/","name":"Die Hochwassermarke auf dem Rijksweg in Kruiningen - Tourist Shop Yerseke","isPartOf":{"@id":"https:\/\/www.touristshopyerseke.nl\/de\/#website"},"primaryImageOfPage":{"@id":"https:\/\/www.touristshopyerseke.nl\/de\/die-hochwassermarke-auf-dem-rijksweg-in-kruiningen\/#primaryimage"},"image":{"@id":"https:\/\/www.touristshopyerseke.nl\/de\/die-hochwassermarke-auf-dem-rijksweg-in-kruiningen\/#primaryimage"},"thumbnailUrl":"https:\/\/www.touristshopyerseke.nl\/wp-content\/uploads\/2026\/03\/Untitled-project-6.jpg","datePublished":"2026-03-12T10:09:46+00:00","dateModified":"2026-04-16T07:01:52+00:00","description":"Die Hochwassermarke auf dem Rijksweg in Kruiningen zeigt, wie hoch das Wasser w\u00e4hrend der Flutkatastrophe von 1953 stand.","breadcrumb":{"@id":"https:\/\/www.touristshopyerseke.nl\/de\/die-hochwassermarke-auf-dem-rijksweg-in-kruiningen\/#breadcrumb"},"inLanguage":"de","potentialAction":[{"@type":"ReadAction","target":["https:\/\/www.touristshopyerseke.nl\/de\/die-hochwassermarke-auf-dem-rijksweg-in-kruiningen\/"]}]},{"@type":"ImageObject","inLanguage":"de","@id":"https:\/\/www.touristshopyerseke.nl\/de\/die-hochwassermarke-auf-dem-rijksweg-in-kruiningen\/#primaryimage","url":"https:\/\/www.touristshopyerseke.nl\/wp-content\/uploads\/2026\/03\/Untitled-project-6.jpg","contentUrl":"https:\/\/www.touristshopyerseke.nl\/wp-content\/uploads\/2026\/03\/Untitled-project-6.jpg","width":1536,"height":1024},{"@type":"BreadcrumbList","@id":"https:\/\/www.touristshopyerseke.nl\/de\/die-hochwassermarke-auf-dem-rijksweg-in-kruiningen\/#breadcrumb","itemListElement":[{"@type":"ListItem","position":1,"name":"Home","item":"https:\/\/www.touristshopyerseke.nl\/de\/"},{"@type":"ListItem","position":2,"name":"Die Hochwassermarke auf dem Rijksweg in Kruiningen"}]},{"@type":"WebSite","@id":"https:\/\/www.touristshopyerseke.nl\/de\/#website","url":"https:\/\/www.touristshopyerseke.nl\/de\/","name":"Tourist Shop Yerseke","description":"","potentialAction":[{"@type":"SearchAction","target":{"@type":"EntryPoint","urlTemplate":"https:\/\/www.touristshopyerseke.nl\/de\/?s={search_term_string}"},"query-input":{"@type":"PropertyValueSpecification","valueRequired":true,"valueName":"search_term_string"}}],"inLanguage":"de"}]}},"_links":{"self":[{"href":"https:\/\/www.touristshopyerseke.nl\/de\/wp-json\/wp\/v2\/pages\/125231","targetHints":{"allow":["GET"]}}],"collection":[{"href":"https:\/\/www.touristshopyerseke.nl\/de\/wp-json\/wp\/v2\/pages"}],"about":[{"href":"https:\/\/www.touristshopyerseke.nl\/de\/wp-json\/wp\/v2\/types\/page"}],"author":[{"embeddable":true,"href":"https:\/\/www.touristshopyerseke.nl\/de\/wp-json\/wp\/v2\/users\/5"}],"replies":[{"embeddable":true,"href":"https:\/\/www.touristshopyerseke.nl\/de\/wp-json\/wp\/v2\/comments?post=125231"}],"version-history":[{"count":5,"href":"https:\/\/www.touristshopyerseke.nl\/de\/wp-json\/wp\/v2\/pages\/125231\/revisions"}],"predecessor-version":[{"id":125590,"href":"https:\/\/www.touristshopyerseke.nl\/de\/wp-json\/wp\/v2\/pages\/125231\/revisions\/125590"}],"wp:featuredmedia":[{"embeddable":true,"href":"https:\/\/www.touristshopyerseke.nl\/de\/wp-json\/wp\/v2\/media\/125321"}],"wp:attachment":[{"href":"https:\/\/www.touristshopyerseke.nl\/de\/wp-json\/wp\/v2\/media?parent=125231"}],"curies":[{"name":"wp","href":"https:\/\/api.w.org\/{rel}","templated":true}]}}