{"id":125227,"date":"2026-03-12T10:00:25","date_gmt":"2026-03-12T10:00:25","guid":{"rendered":"https:\/\/www.touristshopyerseke.nl\/hochwasser-markiert-reimerswaal\/"},"modified":"2026-03-12T14:39:28","modified_gmt":"2026-03-12T14:39:28","slug":"hochwasser-markiert-reimerswaal","status":"publish","type":"page","link":"https:\/\/www.touristshopyerseke.nl\/de\/hochwasser-markiert-reimerswaal\/","title":{"rendered":"Hochwasser markiert Reimerswaal"},"content":{"rendered":"<h2>Erinnerungen an das Wasser: Die Flutspuren von Zeeland<\/h2>\n<p data-start=\"268\" data-end=\"733\">Zeeland und Wasser: das sind Worte, die untrennbar miteinander verbunden sind. Die <strong data-start=\"351\" data-end=\"378\">Flutkatastrophe von 1953<\/strong> hinterlie\u00df eine Spur der Verw\u00fcstung, aber auch des Mutes, der Beharrlichkeit und des Wiederaufbaus. Entlang von Deichen, Stra\u00dfen und H\u00e4fen erinnern eine Reihe von <strong data-start=\"526\" data-end=\"541\">Flutzeichen<\/strong> an diese weitreichenden Ereignisse. Sie erz\u00e4hlen von den Wassermassen, die ins Land str\u00f6mten, aber auch von den Menschen, die alles taten, um ihr Dorf und ihre Mitbewohner zu sch\u00fctzen.   <\/p>\n<h3>Eine Winternacht, die alles ver\u00e4nderte<\/h3>\n<p data-start=\"777\" data-end=\"1245\">In der Nacht vom <strong data-start=\"793\" data-end=\"826\">31. Januar auf den 1. Februar 1953<\/strong> bedrohte ein schwerer Nordweststurm die K\u00fcste von Zeeland. An mehreren Stellen brachen die Deiche, und Polder wurden blitzschnell \u00fcberflutet. D\u00f6rfer wie <strong data-start=\"982\" data-end=\"1045\">Kruiningen, Waarde, Oostdijk, Yerseke, Krabbendijke und Bath<\/strong> standen kurz davor, \u00fcberflutet zu werden. F\u00fcr einige D\u00f6rfer war diese Flut unerwartet und katastrophal, f\u00fcr andere reichte die \u00e4u\u00dferste menschliche Anstrengung, um eine Katastrophe zu verhindern.   <\/p>\n<h3 data-section-id=\"14fkonu\" data-start=\"1247\" data-end=\"1276\">Wie hoch stand das Wasser?<\/h3>\n<p data-start=\"1278\" data-end=\"1648\">Die Hochwassermarken zeigen, wie hoch das Wasser im Polder stand: von <strong data-start=\"1347\" data-end=\"1381\">3,60 Metern \u00fcber NAP in Waarde<\/strong> bis fast <strong data-start=\"1392\" data-end=\"1434\">4,85 Metern in Yerseke und Krabbendijke<\/strong>. In Kruiningen markiert die Hochwassermarke am Rijksweg einen Wasserstand von <strong data-start=\"1508\" data-end=\"1545\">3,80 Metern \u00fcber dem Stra\u00dfenniveau<\/strong>, w\u00e4hrend in Bath der <strong data-start=\"1566\" data-end=\"1589\">Polder Reigerberg<\/strong> an einigen Stellen mehr als <strong data-start=\"1618\" data-end=\"1636\">3,75 Meter NAP<\/strong> erreichte. <\/p>\n<p data-start=\"1650\" data-end=\"1827\">Diese Figuren erz\u00e4hlen nicht nur von der Kraft des Wassers, sondern auch von der Verletzlichkeit des Landes hinter den Deichen und den Herausforderungen, denen sich seine Bewohner stellen m\u00fcssen.<\/p>\n<h3 data-section-id=\"1gh6zj7\" data-start=\"1829\" data-end=\"1855\">Mut und Rettungsaktionen<\/h3>\n<p data-start=\"1857\" data-end=\"2319\">Die Geschichten hinter den Hochwassermarken gehen \u00fcber blo\u00dfe Zahlen hinaus. In <strong data-start=\"1926\" data-end=\"1937\">Yerseke<\/strong> setzten Fischer ihre Boote ein, um Dutzende von Menschen aus \u00fcberfluteten Poldern zu retten. In <strong data-start=\"2026\" data-end=\"2034\">Bath<\/strong> zogen M\u00e4nner von Haus zu Haus, w\u00e4hrend der B\u00fcrgermeister und der Feuerwehrchef versuchten, das Dorf zu evakuieren &#8211; eine Anstrengung, die f\u00fcr einige das gr\u00f6\u00dfte Opfer bedeutete. In <strong data-start=\"2218\" data-end=\"2234\">Krabbendijke<\/strong> hielten die Bem\u00fchungen der Menschen vor Ort die Deiche stand und das Dorf wurde verschont.   <\/p>\n<p data-start=\"2321\" data-end=\"2525\">Jeder Ort hat seine eigene Geschichte von Angst, Kampf und Heldentum. Die Hochwassermarken sind eine greifbare Erinnerung an diese Momente und laden Sie dazu ein, die Geschichten hinter jedem einzelnen zu entdecken. <\/p>\n<h3 data-section-id=\"12m9kqk\" data-start=\"2527\" data-end=\"2562\">Eine Einladung zum Entdecken<\/h3>\n<p data-start=\"2564\" data-end=\"2953\">Heute k\u00f6nnen Sie an diesen <strong data-start=\"2597\" data-end=\"2612\">Hochwassermarken<\/strong> vorbeispazieren, radeln oder fahren und die Geschichte der Katastrophe erleben. Von der <strong data-start=\"2693\" data-end=\"2736\">Flutmarke am Rijksweg in Kruiningen<\/strong> \u00fcber den <strong data-start=\"2746\" data-end=\"2789\">kleinen Hafen von Roelshoek bei Krabbendijke<\/strong>, den <strong data-start=\"2794\" data-end=\"2813\">Damm bei Yerseke<\/strong>, das <strong data-start=\"2819\" data-end=\"2851\">Apeldoorn-Geb\u00e4ude in Oostdijk<\/strong> bis hin zur <strong data-start=\"2859\" data-end=\"2885\">Arsenaalstraat in Bath<\/strong> &#8211; jede Marke tr\u00e4gt ihre eigene Geschichte von Wasser, Deichen und Menschen in sich. <\/p>\n<p data-start=\"2955\" data-end=\"3239\">Sie zeigen, wie Zeeland einst fast vom Wasser \u00fcberflutet wurde und gleichzeitig, wie Widerstandsf\u00e4higkeit und Gemeinschaft etwas bewirken konnten. Tauchen Sie ein in diese Geschichten und entdecken Sie das Leben hinter den Zahlen, die Menschen hinter den Deichen und die Geschichte, die diese Region f\u00fcr immer gepr\u00e4gt hat. <\/p>\n<p data-start=\"2955\" data-end=\"3239\"><img loading=\"lazy\" decoding=\"async\" class=\"alignnone size-medium wp-image-125285\" src=\"https:\/\/www.touristshopyerseke.nl\/wp-content\/uploads\/2026\/03\/Untitled-project-5-600x430.jpg\" alt=\"\" width=\"600\" height=\"430\" srcset=\"https:\/\/www.touristshopyerseke.nl\/wp-content\/uploads\/2026\/03\/Untitled-project-5-600x430.jpg 600w, https:\/\/www.touristshopyerseke.nl\/wp-content\/uploads\/2026\/03\/Untitled-project-5-190x136.jpg 190w, https:\/\/www.touristshopyerseke.nl\/wp-content\/uploads\/2026\/03\/Untitled-project-5-310x222.jpg 310w, https:\/\/www.touristshopyerseke.nl\/wp-content\/uploads\/2026\/03\/Untitled-project-5.jpg 1920w\" sizes=\"auto, (max-width: 600px) 100vw, 600px\" \/><\/p>\n","protected":false},"excerpt":{"rendered":"<p>Erinnerungen an das Wasser: Die Flutspuren von Zeeland Zeeland und Wasser: das sind Worte, die untrennbar miteinander verbunden sind. Die Flutkatastrophe von 1953 hinterlie\u00df eine Spur der Verw\u00fcstung, aber auch des Mutes, der Beharrlichkeit und des Wiederaufbaus. Entlang von Deichen, Stra\u00dfen und H\u00e4fen erinnern eine Reihe von Flutzeichen an diese weitreichenden Ereignisse. Sie erz\u00e4hlen von [&hellip;]<\/p>\n","protected":false},"author":5,"featured_media":125268,"parent":0,"menu_order":0,"comment_status":"closed","ping_status":"closed","template":"","meta":{"_acf_changed":false,"footnotes":""},"class_list":["post-125227","page","type-page","status-publish","has-post-thumbnail","hentry"],"acf":[],"yoast_head":"<!-- This site is optimized with the Yoast SEO plugin v27.2 - https:\/\/yoast.com\/product\/yoast-seo-wordpress\/ -->\n<title>Hochwasser markiert Reimerswaal - Tourist Shop Yerseke<\/title>\n<meta name=\"description\" content=\"Hochwassermarken in Zeeland erz\u00e4hlen die Geschichte der Flutkatastrophe von 1953.\" \/>\n<meta name=\"robots\" content=\"index, follow, max-snippet:-1, max-image-preview:large, max-video-preview:-1\" \/>\n<link rel=\"canonical\" href=\"https:\/\/www.touristshopyerseke.nl\/de\/hochwasser-markiert-reimerswaal\/\" \/>\n<meta property=\"og:locale\" content=\"de_DE\" \/>\n<meta property=\"og:type\" content=\"article\" \/>\n<meta property=\"og:title\" content=\"Hochwasser markiert Reimerswaal - Tourist Shop Yerseke\" \/>\n<meta property=\"og:description\" content=\"Hochwassermarken in Zeeland erz\u00e4hlen die Geschichte der Flutkatastrophe von 1953.\" \/>\n<meta property=\"og:url\" content=\"https:\/\/www.touristshopyerseke.nl\/de\/hochwasser-markiert-reimerswaal\/\" \/>\n<meta property=\"og:site_name\" content=\"Tourist Shop Yerseke\" \/>\n<meta property=\"article:modified_time\" content=\"2026-03-12T14:39:28+00:00\" \/>\n<meta property=\"og:image\" content=\"https:\/\/www.touristshopyerseke.nl\/wp-content\/uploads\/2026\/03\/Hansweert-Oost-De-Put-HO-025-blz-24-onderschrift-Hansweert-Oost.jpg\" \/>\n\t<meta property=\"og:image:width\" content=\"800\" \/>\n\t<meta property=\"og:image:height\" content=\"562\" \/>\n\t<meta property=\"og:image:type\" content=\"image\/jpeg\" \/>\n<meta name=\"twitter:card\" content=\"summary_large_image\" \/>\n<meta name=\"twitter:label1\" content=\"Gesch\u00e4tzte Lesezeit\" \/>\n\t<meta name=\"twitter:data1\" content=\"2\u00a0Minuten\" \/>\n<script type=\"application\/ld+json\" class=\"yoast-schema-graph\">{\"@context\":\"https:\/\/schema.org\",\"@graph\":[{\"@type\":\"WebPage\",\"@id\":\"https:\/\/www.touristshopyerseke.nl\/de\/hochwasser-markiert-reimerswaal\/\",\"url\":\"https:\/\/www.touristshopyerseke.nl\/de\/hochwasser-markiert-reimerswaal\/\",\"name\":\"Hochwasser markiert Reimerswaal - Tourist Shop Yerseke\",\"isPartOf\":{\"@id\":\"https:\/\/www.touristshopyerseke.nl\/de\/#website\"},\"primaryImageOfPage\":{\"@id\":\"https:\/\/www.touristshopyerseke.nl\/de\/hochwasser-markiert-reimerswaal\/#primaryimage\"},\"image\":{\"@id\":\"https:\/\/www.touristshopyerseke.nl\/de\/hochwasser-markiert-reimerswaal\/#primaryimage\"},\"thumbnailUrl\":\"https:\/\/www.touristshopyerseke.nl\/wp-content\/uploads\/2026\/03\/Hansweert-Oost-De-Put-HO-025-blz-24-onderschrift-Hansweert-Oost.jpg\",\"datePublished\":\"2026-03-12T10:00:25+00:00\",\"dateModified\":\"2026-03-12T14:39:28+00:00\",\"description\":\"Hochwassermarken in Zeeland erz\u00e4hlen die Geschichte der Flutkatastrophe von 1953.\",\"breadcrumb\":{\"@id\":\"https:\/\/www.touristshopyerseke.nl\/de\/hochwasser-markiert-reimerswaal\/#breadcrumb\"},\"inLanguage\":\"de\",\"potentialAction\":[{\"@type\":\"ReadAction\",\"target\":[\"https:\/\/www.touristshopyerseke.nl\/de\/hochwasser-markiert-reimerswaal\/\"]}]},{\"@type\":\"ImageObject\",\"inLanguage\":\"de\",\"@id\":\"https:\/\/www.touristshopyerseke.nl\/de\/hochwasser-markiert-reimerswaal\/#primaryimage\",\"url\":\"https:\/\/www.touristshopyerseke.nl\/wp-content\/uploads\/2026\/03\/Hansweert-Oost-De-Put-HO-025-blz-24-onderschrift-Hansweert-Oost.jpg\",\"contentUrl\":\"https:\/\/www.touristshopyerseke.nl\/wp-content\/uploads\/2026\/03\/Hansweert-Oost-De-Put-HO-025-blz-24-onderschrift-Hansweert-Oost.jpg\",\"width\":800,\"height\":562},{\"@type\":\"BreadcrumbList\",\"@id\":\"https:\/\/www.touristshopyerseke.nl\/de\/hochwasser-markiert-reimerswaal\/#breadcrumb\",\"itemListElement\":[{\"@type\":\"ListItem\",\"position\":1,\"name\":\"Home\",\"item\":\"https:\/\/www.touristshopyerseke.nl\/de\/\"},{\"@type\":\"ListItem\",\"position\":2,\"name\":\"Hochwasser markiert Reimerswaal\"}]},{\"@type\":\"WebSite\",\"@id\":\"https:\/\/www.touristshopyerseke.nl\/de\/#website\",\"url\":\"https:\/\/www.touristshopyerseke.nl\/de\/\",\"name\":\"Tourist Shop Yerseke\",\"description\":\"\",\"potentialAction\":[{\"@type\":\"SearchAction\",\"target\":{\"@type\":\"EntryPoint\",\"urlTemplate\":\"https:\/\/www.touristshopyerseke.nl\/de\/?s={search_term_string}\"},\"query-input\":{\"@type\":\"PropertyValueSpecification\",\"valueRequired\":true,\"valueName\":\"search_term_string\"}}],\"inLanguage\":\"de\"}]}<\/script>\n<!-- \/ Yoast SEO plugin. -->","yoast_head_json":{"title":"Hochwasser markiert Reimerswaal - Tourist Shop Yerseke","description":"Hochwassermarken in Zeeland erz\u00e4hlen die Geschichte der Flutkatastrophe von 1953.","robots":{"index":"index","follow":"follow","max-snippet":"max-snippet:-1","max-image-preview":"max-image-preview:large","max-video-preview":"max-video-preview:-1"},"canonical":"https:\/\/www.touristshopyerseke.nl\/de\/hochwasser-markiert-reimerswaal\/","og_locale":"de_DE","og_type":"article","og_title":"Hochwasser markiert Reimerswaal - Tourist Shop Yerseke","og_description":"Hochwassermarken in Zeeland erz\u00e4hlen die Geschichte der Flutkatastrophe von 1953.","og_url":"https:\/\/www.touristshopyerseke.nl\/de\/hochwasser-markiert-reimerswaal\/","og_site_name":"Tourist Shop Yerseke","article_modified_time":"2026-03-12T14:39:28+00:00","og_image":[{"width":800,"height":562,"url":"https:\/\/www.touristshopyerseke.nl\/wp-content\/uploads\/2026\/03\/Hansweert-Oost-De-Put-HO-025-blz-24-onderschrift-Hansweert-Oost.jpg","type":"image\/jpeg"}],"twitter_card":"summary_large_image","twitter_misc":{"Gesch\u00e4tzte Lesezeit":"2\u00a0Minuten"},"schema":{"@context":"https:\/\/schema.org","@graph":[{"@type":"WebPage","@id":"https:\/\/www.touristshopyerseke.nl\/de\/hochwasser-markiert-reimerswaal\/","url":"https:\/\/www.touristshopyerseke.nl\/de\/hochwasser-markiert-reimerswaal\/","name":"Hochwasser markiert Reimerswaal - Tourist Shop Yerseke","isPartOf":{"@id":"https:\/\/www.touristshopyerseke.nl\/de\/#website"},"primaryImageOfPage":{"@id":"https:\/\/www.touristshopyerseke.nl\/de\/hochwasser-markiert-reimerswaal\/#primaryimage"},"image":{"@id":"https:\/\/www.touristshopyerseke.nl\/de\/hochwasser-markiert-reimerswaal\/#primaryimage"},"thumbnailUrl":"https:\/\/www.touristshopyerseke.nl\/wp-content\/uploads\/2026\/03\/Hansweert-Oost-De-Put-HO-025-blz-24-onderschrift-Hansweert-Oost.jpg","datePublished":"2026-03-12T10:00:25+00:00","dateModified":"2026-03-12T14:39:28+00:00","description":"Hochwassermarken in Zeeland erz\u00e4hlen die Geschichte der Flutkatastrophe von 1953.","breadcrumb":{"@id":"https:\/\/www.touristshopyerseke.nl\/de\/hochwasser-markiert-reimerswaal\/#breadcrumb"},"inLanguage":"de","potentialAction":[{"@type":"ReadAction","target":["https:\/\/www.touristshopyerseke.nl\/de\/hochwasser-markiert-reimerswaal\/"]}]},{"@type":"ImageObject","inLanguage":"de","@id":"https:\/\/www.touristshopyerseke.nl\/de\/hochwasser-markiert-reimerswaal\/#primaryimage","url":"https:\/\/www.touristshopyerseke.nl\/wp-content\/uploads\/2026\/03\/Hansweert-Oost-De-Put-HO-025-blz-24-onderschrift-Hansweert-Oost.jpg","contentUrl":"https:\/\/www.touristshopyerseke.nl\/wp-content\/uploads\/2026\/03\/Hansweert-Oost-De-Put-HO-025-blz-24-onderschrift-Hansweert-Oost.jpg","width":800,"height":562},{"@type":"BreadcrumbList","@id":"https:\/\/www.touristshopyerseke.nl\/de\/hochwasser-markiert-reimerswaal\/#breadcrumb","itemListElement":[{"@type":"ListItem","position":1,"name":"Home","item":"https:\/\/www.touristshopyerseke.nl\/de\/"},{"@type":"ListItem","position":2,"name":"Hochwasser markiert Reimerswaal"}]},{"@type":"WebSite","@id":"https:\/\/www.touristshopyerseke.nl\/de\/#website","url":"https:\/\/www.touristshopyerseke.nl\/de\/","name":"Tourist Shop Yerseke","description":"","potentialAction":[{"@type":"SearchAction","target":{"@type":"EntryPoint","urlTemplate":"https:\/\/www.touristshopyerseke.nl\/de\/?s={search_term_string}"},"query-input":{"@type":"PropertyValueSpecification","valueRequired":true,"valueName":"search_term_string"}}],"inLanguage":"de"}]}},"_links":{"self":[{"href":"https:\/\/www.touristshopyerseke.nl\/de\/wp-json\/wp\/v2\/pages\/125227","targetHints":{"allow":["GET"]}}],"collection":[{"href":"https:\/\/www.touristshopyerseke.nl\/de\/wp-json\/wp\/v2\/pages"}],"about":[{"href":"https:\/\/www.touristshopyerseke.nl\/de\/wp-json\/wp\/v2\/types\/page"}],"author":[{"embeddable":true,"href":"https:\/\/www.touristshopyerseke.nl\/de\/wp-json\/wp\/v2\/users\/5"}],"replies":[{"embeddable":true,"href":"https:\/\/www.touristshopyerseke.nl\/de\/wp-json\/wp\/v2\/comments?post=125227"}],"version-history":[{"count":5,"href":"https:\/\/www.touristshopyerseke.nl\/de\/wp-json\/wp\/v2\/pages\/125227\/revisions"}],"predecessor-version":[{"id":125288,"href":"https:\/\/www.touristshopyerseke.nl\/de\/wp-json\/wp\/v2\/pages\/125227\/revisions\/125288"}],"wp:featuredmedia":[{"embeddable":true,"href":"https:\/\/www.touristshopyerseke.nl\/de\/wp-json\/wp\/v2\/media\/125268"}],"wp:attachment":[{"href":"https:\/\/www.touristshopyerseke.nl\/de\/wp-json\/wp\/v2\/media?parent=125227"}],"curies":[{"name":"wp","href":"https:\/\/api.w.org\/{rel}","templated":true}]}}