{"id":124077,"date":"2024-09-02T12:24:40","date_gmt":"2024-09-02T12:24:40","guid":{"rendered":"https:\/\/www.touristshopyerseke.nl\/was-kann-man-in-yerseke-unternehmen\/"},"modified":"2024-11-28T10:34:57","modified_gmt":"2024-11-28T10:34:57","slug":"was-kann-man-in-yerseke-unternehmen","status":"publish","type":"page","link":"https:\/\/www.touristshopyerseke.nl\/de\/was-kann-man-in-yerseke-unternehmen\/","title":{"rendered":"Was kann man in Yerseke unternehmen?"},"content":{"rendered":"<p><strong>Wer Zeeland kennenlernen m\u00f6chte, kommt an Yerseke nicht vorbei. Dieses authentische Fischerdorf an der M\u00fcndung der Oosterschelde erz\u00e4hlt die Geschichte Zeelands. Hier entdecken Sie die ber\u00fchmten zeel\u00e4ndischen Muscheln, Austern und andere K\u00f6stlichkeiten aus dem Meer. Wussten Sie, dass Yerseke so viel mehr zu bieten hat? Tauchen Sie ein in die reiche Kultur, die sch\u00f6ne Natur und die besonderen Traditionen dieses einzigartigen Ortes. Ganz gleich, ob Sie einen Ausflug mit der Familie planen oder einen romantischen Kurzurlaub zu zweit suchen, in Yerseke werden Sie wertvolle Erinnerungen sammeln.     <\/strong><\/p>\n<p><a href=\"https:\/\/www.oysterduinenverkoop.nl\/tt\/?tt=38485_2361564_479747_&amp;r=\" target=\"_blank\" rel=\"sponsored nofollow noopener\"><img loading=\"lazy\" decoding=\"async\" class=\"aligncenter\" src=\"https:\/\/ti.tradetracker.net\/?c=38485&amp;m=2361564&amp;a=479747&amp;r=&amp;t=html\" alt=\"\" width=\"728\" height=\"90\" border=\"0\"><\/a><\/p>\n<h2>Wir freuen uns, unsere 12 besten Tipps mit Ihnen zu teilen!<\/h2>\n<p>Im Tourist Shop Yerseke kann man Ihnen viel mehr \u00fcber all diese Aktivit\u00e4ten erz\u00e4hlen! Au\u00dferdem k\u00f6nnen Sie dort Informationen erhalten, Touren buchen und Tickets kaufen. Sie k\u00f6nnen dort auch Motorroller und Tuktuks mieten. Kurzum, ein perfekter Ausgangspunkt f\u00fcr Ihren Tagesausflug in Yerseke!   <\/p>\n","protected":false},"excerpt":{"rendered":"<p>Wer Zeeland kennenlernen m\u00f6chte, kommt an Yerseke nicht vorbei. Dieses authentische Fischerdorf an der M\u00fcndung der Oosterschelde erz\u00e4hlt die Geschichte Zeelands. Hier entdecken Sie die ber\u00fchmten zeel\u00e4ndischen Muscheln, Austern und andere K\u00f6stlichkeiten aus dem Meer. Wussten Sie, dass Yerseke so viel mehr zu bieten hat? Tauchen Sie ein in die reiche Kultur, die sch\u00f6ne Natur [&hellip;]<\/p>\n","protected":false},"author":5,"featured_media":0,"parent":0,"menu_order":0,"comment_status":"closed","ping_status":"closed","template":"","meta":{"_acf_changed":false,"footnotes":""},"class_list":["post-124077","page","type-page","status-publish","hentry"],"acf":[],"yoast_head":"<!-- This site is optimized with the Yoast SEO plugin v27.2 - https:\/\/yoast.com\/product\/yoast-seo-wordpress\/ -->\n<title>Was kann man in Yerseke unternehmen? - Tourist Shop Yerseke<\/title>\n<meta name=\"description\" content=\"Was k\u00f6nnen Sie in Yerseke unternehmen? Probieren Sie zeel\u00e4ndische Muscheln, erkunden Sie die Natur und genie\u00dfen Sie alles, was dieses authentische Fischerdorf zu bieten hat.\" \/>\n<meta name=\"robots\" content=\"index, follow, max-snippet:-1, max-image-preview:large, max-video-preview:-1\" \/>\n<link rel=\"canonical\" href=\"https:\/\/www.touristshopyerseke.nl\/de\/was-kann-man-in-yerseke-unternehmen\/\" \/>\n<meta property=\"og:locale\" content=\"de_DE\" \/>\n<meta property=\"og:type\" content=\"article\" \/>\n<meta property=\"og:title\" content=\"Was kann man in Yerseke unternehmen? - Tourist Shop Yerseke\" \/>\n<meta property=\"og:description\" content=\"Was k\u00f6nnen Sie in Yerseke unternehmen? Probieren Sie zeel\u00e4ndische Muscheln, erkunden Sie die Natur und genie\u00dfen Sie alles, was dieses authentische Fischerdorf zu bieten hat.\" \/>\n<meta property=\"og:url\" content=\"https:\/\/www.touristshopyerseke.nl\/de\/was-kann-man-in-yerseke-unternehmen\/\" \/>\n<meta property=\"og:site_name\" content=\"Tourist Shop Yerseke\" \/>\n<meta property=\"article:modified_time\" content=\"2024-11-28T10:34:57+00:00\" \/>\n<meta property=\"og:image\" content=\"https:\/\/ti.tradetracker.net\/?c=38485&amp;m=2361564&amp;a=479747&amp;r=&amp;t=html\" \/>\n<meta name=\"twitter:card\" content=\"summary_large_image\" \/>\n<meta name=\"twitter:label1\" content=\"Gesch\u00e4tzte Lesezeit\" \/>\n\t<meta name=\"twitter:data1\" content=\"1\u00a0Minute\" \/>\n<script type=\"application\/ld+json\" class=\"yoast-schema-graph\">{\"@context\":\"https:\/\/schema.org\",\"@graph\":[{\"@type\":\"WebPage\",\"@id\":\"https:\/\/www.touristshopyerseke.nl\/de\/was-kann-man-in-yerseke-unternehmen\/\",\"url\":\"https:\/\/www.touristshopyerseke.nl\/de\/was-kann-man-in-yerseke-unternehmen\/\",\"name\":\"Was kann man in Yerseke unternehmen? - Tourist Shop Yerseke\",\"isPartOf\":{\"@id\":\"https:\/\/www.touristshopyerseke.nl\/de\/#website\"},\"primaryImageOfPage\":{\"@id\":\"https:\/\/www.touristshopyerseke.nl\/de\/was-kann-man-in-yerseke-unternehmen\/#primaryimage\"},\"image\":{\"@id\":\"https:\/\/www.touristshopyerseke.nl\/de\/was-kann-man-in-yerseke-unternehmen\/#primaryimage\"},\"thumbnailUrl\":\"https:\/\/ti.tradetracker.net\/?c=38485&amp;m=2361564&amp;a=479747&amp;r=&amp;t=html\",\"datePublished\":\"2024-09-02T12:24:40+00:00\",\"dateModified\":\"2024-11-28T10:34:57+00:00\",\"description\":\"Was k\u00f6nnen Sie in Yerseke unternehmen? Probieren Sie zeel\u00e4ndische Muscheln, erkunden Sie die Natur und genie\u00dfen Sie alles, was dieses authentische Fischerdorf zu bieten hat.\",\"breadcrumb\":{\"@id\":\"https:\/\/www.touristshopyerseke.nl\/de\/was-kann-man-in-yerseke-unternehmen\/#breadcrumb\"},\"inLanguage\":\"de\",\"potentialAction\":[{\"@type\":\"ReadAction\",\"target\":[\"https:\/\/www.touristshopyerseke.nl\/de\/was-kann-man-in-yerseke-unternehmen\/\"]}]},{\"@type\":\"ImageObject\",\"inLanguage\":\"de\",\"@id\":\"https:\/\/www.touristshopyerseke.nl\/de\/was-kann-man-in-yerseke-unternehmen\/#primaryimage\",\"url\":\"https:\/\/ti.tradetracker.net\/?c=38485&amp;m=2361564&amp;a=479747&amp;r=&amp;t=html\",\"contentUrl\":\"https:\/\/ti.tradetracker.net\/?c=38485&amp;m=2361564&amp;a=479747&amp;r=&amp;t=html\"},{\"@type\":\"BreadcrumbList\",\"@id\":\"https:\/\/www.touristshopyerseke.nl\/de\/was-kann-man-in-yerseke-unternehmen\/#breadcrumb\",\"itemListElement\":[{\"@type\":\"ListItem\",\"position\":1,\"name\":\"Home\",\"item\":\"https:\/\/www.touristshopyerseke.nl\/de\/\"},{\"@type\":\"ListItem\",\"position\":2,\"name\":\"Was kann man in Yerseke unternehmen?\"}]},{\"@type\":\"WebSite\",\"@id\":\"https:\/\/www.touristshopyerseke.nl\/de\/#website\",\"url\":\"https:\/\/www.touristshopyerseke.nl\/de\/\",\"name\":\"Tourist Shop Yerseke\",\"description\":\"\",\"potentialAction\":[{\"@type\":\"SearchAction\",\"target\":{\"@type\":\"EntryPoint\",\"urlTemplate\":\"https:\/\/www.touristshopyerseke.nl\/de\/?s={search_term_string}\"},\"query-input\":{\"@type\":\"PropertyValueSpecification\",\"valueRequired\":true,\"valueName\":\"search_term_string\"}}],\"inLanguage\":\"de\"}]}<\/script>\n<!-- \/ Yoast SEO plugin. -->","yoast_head_json":{"title":"Was kann man in Yerseke unternehmen? - Tourist Shop Yerseke","description":"Was k\u00f6nnen Sie in Yerseke unternehmen? Probieren Sie zeel\u00e4ndische Muscheln, erkunden Sie die Natur und genie\u00dfen Sie alles, was dieses authentische Fischerdorf zu bieten hat.","robots":{"index":"index","follow":"follow","max-snippet":"max-snippet:-1","max-image-preview":"max-image-preview:large","max-video-preview":"max-video-preview:-1"},"canonical":"https:\/\/www.touristshopyerseke.nl\/de\/was-kann-man-in-yerseke-unternehmen\/","og_locale":"de_DE","og_type":"article","og_title":"Was kann man in Yerseke unternehmen? - Tourist Shop Yerseke","og_description":"Was k\u00f6nnen Sie in Yerseke unternehmen? Probieren Sie zeel\u00e4ndische Muscheln, erkunden Sie die Natur und genie\u00dfen Sie alles, was dieses authentische Fischerdorf zu bieten hat.","og_url":"https:\/\/www.touristshopyerseke.nl\/de\/was-kann-man-in-yerseke-unternehmen\/","og_site_name":"Tourist Shop Yerseke","article_modified_time":"2024-11-28T10:34:57+00:00","og_image":[{"url":"https:\/\/ti.tradetracker.net\/?c=38485&amp;m=2361564&amp;a=479747&amp;r=&amp;t=html","type":"","width":"","height":""}],"twitter_card":"summary_large_image","twitter_misc":{"Gesch\u00e4tzte Lesezeit":"1\u00a0Minute"},"schema":{"@context":"https:\/\/schema.org","@graph":[{"@type":"WebPage","@id":"https:\/\/www.touristshopyerseke.nl\/de\/was-kann-man-in-yerseke-unternehmen\/","url":"https:\/\/www.touristshopyerseke.nl\/de\/was-kann-man-in-yerseke-unternehmen\/","name":"Was kann man in Yerseke unternehmen? - Tourist Shop Yerseke","isPartOf":{"@id":"https:\/\/www.touristshopyerseke.nl\/de\/#website"},"primaryImageOfPage":{"@id":"https:\/\/www.touristshopyerseke.nl\/de\/was-kann-man-in-yerseke-unternehmen\/#primaryimage"},"image":{"@id":"https:\/\/www.touristshopyerseke.nl\/de\/was-kann-man-in-yerseke-unternehmen\/#primaryimage"},"thumbnailUrl":"https:\/\/ti.tradetracker.net\/?c=38485&amp;m=2361564&amp;a=479747&amp;r=&amp;t=html","datePublished":"2024-09-02T12:24:40+00:00","dateModified":"2024-11-28T10:34:57+00:00","description":"Was k\u00f6nnen Sie in Yerseke unternehmen? Probieren Sie zeel\u00e4ndische Muscheln, erkunden Sie die Natur und genie\u00dfen Sie alles, was dieses authentische Fischerdorf zu bieten hat.","breadcrumb":{"@id":"https:\/\/www.touristshopyerseke.nl\/de\/was-kann-man-in-yerseke-unternehmen\/#breadcrumb"},"inLanguage":"de","potentialAction":[{"@type":"ReadAction","target":["https:\/\/www.touristshopyerseke.nl\/de\/was-kann-man-in-yerseke-unternehmen\/"]}]},{"@type":"ImageObject","inLanguage":"de","@id":"https:\/\/www.touristshopyerseke.nl\/de\/was-kann-man-in-yerseke-unternehmen\/#primaryimage","url":"https:\/\/ti.tradetracker.net\/?c=38485&amp;m=2361564&amp;a=479747&amp;r=&amp;t=html","contentUrl":"https:\/\/ti.tradetracker.net\/?c=38485&amp;m=2361564&amp;a=479747&amp;r=&amp;t=html"},{"@type":"BreadcrumbList","@id":"https:\/\/www.touristshopyerseke.nl\/de\/was-kann-man-in-yerseke-unternehmen\/#breadcrumb","itemListElement":[{"@type":"ListItem","position":1,"name":"Home","item":"https:\/\/www.touristshopyerseke.nl\/de\/"},{"@type":"ListItem","position":2,"name":"Was kann man in Yerseke unternehmen?"}]},{"@type":"WebSite","@id":"https:\/\/www.touristshopyerseke.nl\/de\/#website","url":"https:\/\/www.touristshopyerseke.nl\/de\/","name":"Tourist Shop Yerseke","description":"","potentialAction":[{"@type":"SearchAction","target":{"@type":"EntryPoint","urlTemplate":"https:\/\/www.touristshopyerseke.nl\/de\/?s={search_term_string}"},"query-input":{"@type":"PropertyValueSpecification","valueRequired":true,"valueName":"search_term_string"}}],"inLanguage":"de"}]}},"_links":{"self":[{"href":"https:\/\/www.touristshopyerseke.nl\/de\/wp-json\/wp\/v2\/pages\/124077","targetHints":{"allow":["GET"]}}],"collection":[{"href":"https:\/\/www.touristshopyerseke.nl\/de\/wp-json\/wp\/v2\/pages"}],"about":[{"href":"https:\/\/www.touristshopyerseke.nl\/de\/wp-json\/wp\/v2\/types\/page"}],"author":[{"embeddable":true,"href":"https:\/\/www.touristshopyerseke.nl\/de\/wp-json\/wp\/v2\/users\/5"}],"replies":[{"embeddable":true,"href":"https:\/\/www.touristshopyerseke.nl\/de\/wp-json\/wp\/v2\/comments?post=124077"}],"version-history":[{"count":3,"href":"https:\/\/www.touristshopyerseke.nl\/de\/wp-json\/wp\/v2\/pages\/124077\/revisions"}],"predecessor-version":[{"id":124238,"href":"https:\/\/www.touristshopyerseke.nl\/de\/wp-json\/wp\/v2\/pages\/124077\/revisions\/124238"}],"wp:attachment":[{"href":"https:\/\/www.touristshopyerseke.nl\/de\/wp-json\/wp\/v2\/media?parent=124077"}],"curies":[{"name":"wp","href":"https:\/\/api.w.org\/{rel}","templated":true}]}}