{"id":123109,"date":"2022-03-30T11:25:38","date_gmt":"2022-03-30T11:25:38","guid":{"rendered":"https:\/\/www.touristshopyerseke.nl\/radfahrer-cafes-zeeland\/"},"modified":"2024-08-06T08:59:44","modified_gmt":"2024-08-06T08:59:44","slug":"radfahrer-cafes-zeeland","status":"publish","type":"page","link":"https:\/\/www.touristshopyerseke.nl\/de\/radfahrer-cafes-zeeland\/","title":{"rendered":"Radfahrer-Caf\u00e9s Zeeland"},"content":{"rendered":"<p><strong>Hier sind Sie als Radfahrer besonders willkommen!<\/strong>  Eine Tasse Kaffee nach einer sch\u00f6nen Radtour entlang der Ooster- und Westerschelde-M\u00fcndung oder ein leckeres Essen zwischendurch?<br \/>\nDas und mehr ist in den Fahrradcaf\u00e9s in Yerseke und Umgebung m\u00f6glich.<br \/>\nEs gibt viele Arten von Fahrradcaf\u00e9s, von gro\u00df bis klein, aufwendig bis einfach, aber eines ist ganz wichtig: In allen werden Sie herzlich empfangen und genie\u00dfen die zeel\u00e4ndische Gastfreundschaft.<br \/>\nWelche Fahrradcaf\u00e9s liegen auf Ihrer Route?   <\/p>\n","protected":false},"excerpt":{"rendered":"<p>Hier sind Sie als Radfahrer besonders willkommen! Eine Tasse Kaffee nach einer sch\u00f6nen Radtour entlang der Ooster- und Westerschelde-M\u00fcndung oder ein leckeres Essen zwischendurch? Das und mehr ist in den Fahrradcaf\u00e9s in Yerseke und Umgebung m\u00f6glich. Es gibt viele Arten von Fahrradcaf\u00e9s, von gro\u00df bis klein, aufwendig bis einfach, aber eines ist ganz wichtig: In [&hellip;]<\/p>\n","protected":false},"author":1,"featured_media":121920,"parent":0,"menu_order":0,"comment_status":"closed","ping_status":"closed","template":"","meta":{"_acf_changed":false,"footnotes":""},"class_list":["post-123109","page","type-page","status-publish","has-post-thumbnail","hentry"],"acf":[],"yoast_head":"<!-- This site is optimized with the Yoast SEO plugin v27.2 - https:\/\/yoast.com\/product\/yoast-seo-wordpress\/ -->\n<title>- Welche Fahrradcaf\u00e9s liegen auf Ihrer Route?<\/title>\n<meta name=\"description\" content=\"Welche Fahrradcaf\u00e9s liegen auf Ihrer Route? In allen werden Sie herzlich willkommen gehei\u00dfen und genie\u00dfen die zeel\u00e4ndische Gastfreundschaft.\" \/>\n<meta name=\"robots\" content=\"index, follow, max-snippet:-1, max-image-preview:large, max-video-preview:-1\" \/>\n<link rel=\"canonical\" href=\"https:\/\/www.touristshopyerseke.nl\/de\/radfahrer-cafes-zeeland\/\" \/>\n<meta property=\"og:locale\" content=\"de_DE\" \/>\n<meta property=\"og:type\" content=\"article\" \/>\n<meta property=\"og:title\" content=\"- Welche Fahrradcaf\u00e9s liegen auf Ihrer Route?\" \/>\n<meta property=\"og:description\" content=\"Welche Fahrradcaf\u00e9s liegen auf Ihrer Route? In allen werden Sie herzlich willkommen gehei\u00dfen und genie\u00dfen die zeel\u00e4ndische Gastfreundschaft.\" \/>\n<meta property=\"og:url\" content=\"https:\/\/www.touristshopyerseke.nl\/de\/radfahrer-cafes-zeeland\/\" \/>\n<meta property=\"og:site_name\" content=\"Tourist Shop Yerseke\" \/>\n<meta property=\"article:modified_time\" content=\"2024-08-06T08:59:44+00:00\" \/>\n<meta property=\"og:image\" content=\"https:\/\/www.touristshopyerseke.nl\/wp-content\/uploads\/2022\/05\/Fietscafes-Yerseke-e1652857590576.jpeg\" \/>\n\t<meta property=\"og:image:width\" content=\"1600\" \/>\n\t<meta property=\"og:image:height\" content=\"812\" \/>\n\t<meta property=\"og:image:type\" content=\"image\/jpeg\" \/>\n<meta name=\"twitter:card\" content=\"summary_large_image\" \/>\n<script type=\"application\/ld+json\" class=\"yoast-schema-graph\">{\"@context\":\"https:\/\/schema.org\",\"@graph\":[{\"@type\":\"WebPage\",\"@id\":\"https:\/\/www.touristshopyerseke.nl\/de\/radfahrer-cafes-zeeland\/\",\"url\":\"https:\/\/www.touristshopyerseke.nl\/de\/radfahrer-cafes-zeeland\/\",\"name\":\"- Welche Fahrradcaf\u00e9s liegen auf Ihrer Route?\",\"isPartOf\":{\"@id\":\"https:\/\/www.touristshopyerseke.nl\/de\/#website\"},\"primaryImageOfPage\":{\"@id\":\"https:\/\/www.touristshopyerseke.nl\/de\/radfahrer-cafes-zeeland\/#primaryimage\"},\"image\":{\"@id\":\"https:\/\/www.touristshopyerseke.nl\/de\/radfahrer-cafes-zeeland\/#primaryimage\"},\"thumbnailUrl\":\"https:\/\/www.touristshopyerseke.nl\/wp-content\/uploads\/2022\/05\/Fietscafes-Yerseke-e1652857590576.jpeg\",\"datePublished\":\"2022-03-30T11:25:38+00:00\",\"dateModified\":\"2024-08-06T08:59:44+00:00\",\"description\":\"Welche Fahrradcaf\u00e9s liegen auf Ihrer Route? In allen werden Sie herzlich willkommen gehei\u00dfen und genie\u00dfen die zeel\u00e4ndische Gastfreundschaft.\",\"breadcrumb\":{\"@id\":\"https:\/\/www.touristshopyerseke.nl\/de\/radfahrer-cafes-zeeland\/#breadcrumb\"},\"inLanguage\":\"de\",\"potentialAction\":[{\"@type\":\"ReadAction\",\"target\":[\"https:\/\/www.touristshopyerseke.nl\/de\/radfahrer-cafes-zeeland\/\"]}]},{\"@type\":\"ImageObject\",\"inLanguage\":\"de\",\"@id\":\"https:\/\/www.touristshopyerseke.nl\/de\/radfahrer-cafes-zeeland\/#primaryimage\",\"url\":\"https:\/\/www.touristshopyerseke.nl\/wp-content\/uploads\/2022\/05\/Fietscafes-Yerseke-e1652857590576.jpeg\",\"contentUrl\":\"https:\/\/www.touristshopyerseke.nl\/wp-content\/uploads\/2022\/05\/Fietscafes-Yerseke-e1652857590576.jpeg\",\"width\":1600,\"height\":812},{\"@type\":\"BreadcrumbList\",\"@id\":\"https:\/\/www.touristshopyerseke.nl\/de\/radfahrer-cafes-zeeland\/#breadcrumb\",\"itemListElement\":[{\"@type\":\"ListItem\",\"position\":1,\"name\":\"Home\",\"item\":\"https:\/\/www.touristshopyerseke.nl\/de\/\"},{\"@type\":\"ListItem\",\"position\":2,\"name\":\"Radfahrer-Caf\u00e9s Zeeland\"}]},{\"@type\":\"WebSite\",\"@id\":\"https:\/\/www.touristshopyerseke.nl\/de\/#website\",\"url\":\"https:\/\/www.touristshopyerseke.nl\/de\/\",\"name\":\"Tourist Shop Yerseke\",\"description\":\"\",\"potentialAction\":[{\"@type\":\"SearchAction\",\"target\":{\"@type\":\"EntryPoint\",\"urlTemplate\":\"https:\/\/www.touristshopyerseke.nl\/de\/?s={search_term_string}\"},\"query-input\":{\"@type\":\"PropertyValueSpecification\",\"valueRequired\":true,\"valueName\":\"search_term_string\"}}],\"inLanguage\":\"de\"}]}<\/script>\n<!-- \/ Yoast SEO plugin. -->","yoast_head_json":{"title":"- Welche Fahrradcaf\u00e9s liegen auf Ihrer Route?","description":"Welche Fahrradcaf\u00e9s liegen auf Ihrer Route? In allen werden Sie herzlich willkommen gehei\u00dfen und genie\u00dfen die zeel\u00e4ndische Gastfreundschaft.","robots":{"index":"index","follow":"follow","max-snippet":"max-snippet:-1","max-image-preview":"max-image-preview:large","max-video-preview":"max-video-preview:-1"},"canonical":"https:\/\/www.touristshopyerseke.nl\/de\/radfahrer-cafes-zeeland\/","og_locale":"de_DE","og_type":"article","og_title":"- Welche Fahrradcaf\u00e9s liegen auf Ihrer Route?","og_description":"Welche Fahrradcaf\u00e9s liegen auf Ihrer Route? In allen werden Sie herzlich willkommen gehei\u00dfen und genie\u00dfen die zeel\u00e4ndische Gastfreundschaft.","og_url":"https:\/\/www.touristshopyerseke.nl\/de\/radfahrer-cafes-zeeland\/","og_site_name":"Tourist Shop Yerseke","article_modified_time":"2024-08-06T08:59:44+00:00","og_image":[{"width":1600,"height":812,"url":"https:\/\/www.touristshopyerseke.nl\/wp-content\/uploads\/2022\/05\/Fietscafes-Yerseke-e1652857590576.jpeg","type":"image\/jpeg"}],"twitter_card":"summary_large_image","schema":{"@context":"https:\/\/schema.org","@graph":[{"@type":"WebPage","@id":"https:\/\/www.touristshopyerseke.nl\/de\/radfahrer-cafes-zeeland\/","url":"https:\/\/www.touristshopyerseke.nl\/de\/radfahrer-cafes-zeeland\/","name":"- Welche Fahrradcaf\u00e9s liegen auf Ihrer Route?","isPartOf":{"@id":"https:\/\/www.touristshopyerseke.nl\/de\/#website"},"primaryImageOfPage":{"@id":"https:\/\/www.touristshopyerseke.nl\/de\/radfahrer-cafes-zeeland\/#primaryimage"},"image":{"@id":"https:\/\/www.touristshopyerseke.nl\/de\/radfahrer-cafes-zeeland\/#primaryimage"},"thumbnailUrl":"https:\/\/www.touristshopyerseke.nl\/wp-content\/uploads\/2022\/05\/Fietscafes-Yerseke-e1652857590576.jpeg","datePublished":"2022-03-30T11:25:38+00:00","dateModified":"2024-08-06T08:59:44+00:00","description":"Welche Fahrradcaf\u00e9s liegen auf Ihrer Route? In allen werden Sie herzlich willkommen gehei\u00dfen und genie\u00dfen die zeel\u00e4ndische Gastfreundschaft.","breadcrumb":{"@id":"https:\/\/www.touristshopyerseke.nl\/de\/radfahrer-cafes-zeeland\/#breadcrumb"},"inLanguage":"de","potentialAction":[{"@type":"ReadAction","target":["https:\/\/www.touristshopyerseke.nl\/de\/radfahrer-cafes-zeeland\/"]}]},{"@type":"ImageObject","inLanguage":"de","@id":"https:\/\/www.touristshopyerseke.nl\/de\/radfahrer-cafes-zeeland\/#primaryimage","url":"https:\/\/www.touristshopyerseke.nl\/wp-content\/uploads\/2022\/05\/Fietscafes-Yerseke-e1652857590576.jpeg","contentUrl":"https:\/\/www.touristshopyerseke.nl\/wp-content\/uploads\/2022\/05\/Fietscafes-Yerseke-e1652857590576.jpeg","width":1600,"height":812},{"@type":"BreadcrumbList","@id":"https:\/\/www.touristshopyerseke.nl\/de\/radfahrer-cafes-zeeland\/#breadcrumb","itemListElement":[{"@type":"ListItem","position":1,"name":"Home","item":"https:\/\/www.touristshopyerseke.nl\/de\/"},{"@type":"ListItem","position":2,"name":"Radfahrer-Caf\u00e9s Zeeland"}]},{"@type":"WebSite","@id":"https:\/\/www.touristshopyerseke.nl\/de\/#website","url":"https:\/\/www.touristshopyerseke.nl\/de\/","name":"Tourist Shop Yerseke","description":"","potentialAction":[{"@type":"SearchAction","target":{"@type":"EntryPoint","urlTemplate":"https:\/\/www.touristshopyerseke.nl\/de\/?s={search_term_string}"},"query-input":{"@type":"PropertyValueSpecification","valueRequired":true,"valueName":"search_term_string"}}],"inLanguage":"de"}]}},"_links":{"self":[{"href":"https:\/\/www.touristshopyerseke.nl\/de\/wp-json\/wp\/v2\/pages\/123109","targetHints":{"allow":["GET"]}}],"collection":[{"href":"https:\/\/www.touristshopyerseke.nl\/de\/wp-json\/wp\/v2\/pages"}],"about":[{"href":"https:\/\/www.touristshopyerseke.nl\/de\/wp-json\/wp\/v2\/types\/page"}],"author":[{"embeddable":true,"href":"https:\/\/www.touristshopyerseke.nl\/de\/wp-json\/wp\/v2\/users\/1"}],"replies":[{"embeddable":true,"href":"https:\/\/www.touristshopyerseke.nl\/de\/wp-json\/wp\/v2\/comments?post=123109"}],"version-history":[{"count":1,"href":"https:\/\/www.touristshopyerseke.nl\/de\/wp-json\/wp\/v2\/pages\/123109\/revisions"}],"predecessor-version":[{"id":124005,"href":"https:\/\/www.touristshopyerseke.nl\/de\/wp-json\/wp\/v2\/pages\/123109\/revisions\/124005"}],"wp:featuredmedia":[{"embeddable":true,"href":"https:\/\/www.touristshopyerseke.nl\/de\/wp-json\/wp\/v2\/media\/121920"}],"wp:attachment":[{"href":"https:\/\/www.touristshopyerseke.nl\/de\/wp-json\/wp\/v2\/media?parent=123109"}],"curies":[{"name":"wp","href":"https:\/\/api.w.org\/{rel}","templated":true}]}}