{"id":123108,"date":"2022-03-30T11:25:54","date_gmt":"2022-03-30T11:25:54","guid":{"rendered":"https:\/\/www.touristshopyerseke.nl\/ladesaeulen-yerseke\/"},"modified":"2024-08-06T08:59:42","modified_gmt":"2024-08-06T08:59:42","slug":"ladesaeulen-yerseke","status":"publish","type":"page","link":"https:\/\/www.touristshopyerseke.nl\/de\/ladesaeulen-yerseke\/","title":{"rendered":"Lades\u00e4ulen Yerseke"},"content":{"rendered":"<p>Sie suchen eine Ladestation f\u00fcr Ihr Auto?<br \/>\n\u00d6ffentliche Ladestationen finden Sie hier in der N\u00e4he, siehe unten.<br \/>\nWenn der Ort, den Sie suchen, nicht in dieser Liste enthalten ist, finden Sie alle \u00f6ffentlichen Ladestationen auch auf der ANWB-Website.  <\/p>\n","protected":false},"excerpt":{"rendered":"<p>Sie suchen eine Ladestation f\u00fcr Ihr Auto? \u00d6ffentliche Ladestationen finden Sie hier in der N\u00e4he, siehe unten. Wenn der Ort, den Sie suchen, nicht in dieser Liste enthalten ist, finden Sie alle \u00f6ffentlichen Ladestationen auch auf der ANWB-Website.<\/p>\n","protected":false},"author":1,"featured_media":121910,"parent":0,"menu_order":0,"comment_status":"closed","ping_status":"closed","template":"","meta":{"_acf_changed":false,"footnotes":""},"class_list":["post-123108","page","type-page","status-publish","has-post-thumbnail","hentry"],"acf":[],"yoast_head":"<!-- This site is optimized with the Yoast SEO plugin v27.2 - https:\/\/yoast.com\/product\/yoast-seo-wordpress\/ -->\n<title>Lades\u00e4ulen Yerseke - Tourist Shop Yerseke<\/title>\n<meta name=\"description\" content=\"Sie suchen eine Ladestation f\u00fcr ein Elektroauto? Hier finden Sie die \u00f6ffentlichen Ladestationen in Reimerswaal und Kapelle.\" \/>\n<meta name=\"robots\" content=\"index, follow, max-snippet:-1, max-image-preview:large, max-video-preview:-1\" \/>\n<link rel=\"canonical\" href=\"https:\/\/www.touristshopyerseke.nl\/de\/ladesaeulen-yerseke\/\" \/>\n<meta property=\"og:locale\" content=\"de_DE\" \/>\n<meta property=\"og:type\" content=\"article\" \/>\n<meta property=\"og:title\" content=\"Lades\u00e4ulen Yerseke - Tourist Shop Yerseke\" \/>\n<meta property=\"og:description\" content=\"Sie suchen eine Ladestation f\u00fcr ein Elektroauto? Hier finden Sie die \u00f6ffentlichen Ladestationen in Reimerswaal und Kapelle.\" \/>\n<meta property=\"og:url\" content=\"https:\/\/www.touristshopyerseke.nl\/de\/ladesaeulen-yerseke\/\" \/>\n<meta property=\"og:site_name\" content=\"Tourist Shop Yerseke\" \/>\n<meta property=\"article:modified_time\" content=\"2024-08-06T08:59:42+00:00\" \/>\n<meta property=\"og:image\" content=\"https:\/\/www.touristshopyerseke.nl\/wp-content\/uploads\/2022\/05\/oplaadpunt-autos-e1652789618549.jpg\" \/>\n\t<meta property=\"og:image:width\" content=\"750\" \/>\n\t<meta property=\"og:image:height\" content=\"500\" \/>\n\t<meta property=\"og:image:type\" content=\"image\/jpeg\" \/>\n<meta name=\"twitter:card\" content=\"summary_large_image\" \/>\n<script type=\"application\/ld+json\" class=\"yoast-schema-graph\">{\"@context\":\"https:\/\/schema.org\",\"@graph\":[{\"@type\":\"WebPage\",\"@id\":\"https:\/\/www.touristshopyerseke.nl\/de\/ladesaeulen-yerseke\/\",\"url\":\"https:\/\/www.touristshopyerseke.nl\/de\/ladesaeulen-yerseke\/\",\"name\":\"Lades\u00e4ulen Yerseke - Tourist Shop Yerseke\",\"isPartOf\":{\"@id\":\"https:\/\/www.touristshopyerseke.nl\/de\/#website\"},\"primaryImageOfPage\":{\"@id\":\"https:\/\/www.touristshopyerseke.nl\/de\/ladesaeulen-yerseke\/#primaryimage\"},\"image\":{\"@id\":\"https:\/\/www.touristshopyerseke.nl\/de\/ladesaeulen-yerseke\/#primaryimage\"},\"thumbnailUrl\":\"https:\/\/www.touristshopyerseke.nl\/wp-content\/uploads\/2022\/05\/oplaadpunt-autos-e1652789618549.jpg\",\"datePublished\":\"2022-03-30T11:25:54+00:00\",\"dateModified\":\"2024-08-06T08:59:42+00:00\",\"description\":\"Sie suchen eine Ladestation f\u00fcr ein Elektroauto? Hier finden Sie die \u00f6ffentlichen Ladestationen in Reimerswaal und Kapelle.\",\"breadcrumb\":{\"@id\":\"https:\/\/www.touristshopyerseke.nl\/de\/ladesaeulen-yerseke\/#breadcrumb\"},\"inLanguage\":\"de\",\"potentialAction\":[{\"@type\":\"ReadAction\",\"target\":[\"https:\/\/www.touristshopyerseke.nl\/de\/ladesaeulen-yerseke\/\"]}]},{\"@type\":\"ImageObject\",\"inLanguage\":\"de\",\"@id\":\"https:\/\/www.touristshopyerseke.nl\/de\/ladesaeulen-yerseke\/#primaryimage\",\"url\":\"https:\/\/www.touristshopyerseke.nl\/wp-content\/uploads\/2022\/05\/oplaadpunt-autos-e1652789618549.jpg\",\"contentUrl\":\"https:\/\/www.touristshopyerseke.nl\/wp-content\/uploads\/2022\/05\/oplaadpunt-autos-e1652789618549.jpg\",\"width\":750,\"height\":500},{\"@type\":\"BreadcrumbList\",\"@id\":\"https:\/\/www.touristshopyerseke.nl\/de\/ladesaeulen-yerseke\/#breadcrumb\",\"itemListElement\":[{\"@type\":\"ListItem\",\"position\":1,\"name\":\"Home\",\"item\":\"https:\/\/www.touristshopyerseke.nl\/de\/\"},{\"@type\":\"ListItem\",\"position\":2,\"name\":\"Lades\u00e4ulen Yerseke\"}]},{\"@type\":\"WebSite\",\"@id\":\"https:\/\/www.touristshopyerseke.nl\/de\/#website\",\"url\":\"https:\/\/www.touristshopyerseke.nl\/de\/\",\"name\":\"Tourist Shop Yerseke\",\"description\":\"\",\"potentialAction\":[{\"@type\":\"SearchAction\",\"target\":{\"@type\":\"EntryPoint\",\"urlTemplate\":\"https:\/\/www.touristshopyerseke.nl\/de\/?s={search_term_string}\"},\"query-input\":{\"@type\":\"PropertyValueSpecification\",\"valueRequired\":true,\"valueName\":\"search_term_string\"}}],\"inLanguage\":\"de\"}]}<\/script>\n<!-- \/ Yoast SEO plugin. -->","yoast_head_json":{"title":"Lades\u00e4ulen Yerseke - Tourist Shop Yerseke","description":"Sie suchen eine Ladestation f\u00fcr ein Elektroauto? Hier finden Sie die \u00f6ffentlichen Ladestationen in Reimerswaal und Kapelle.","robots":{"index":"index","follow":"follow","max-snippet":"max-snippet:-1","max-image-preview":"max-image-preview:large","max-video-preview":"max-video-preview:-1"},"canonical":"https:\/\/www.touristshopyerseke.nl\/de\/ladesaeulen-yerseke\/","og_locale":"de_DE","og_type":"article","og_title":"Lades\u00e4ulen Yerseke - Tourist Shop Yerseke","og_description":"Sie suchen eine Ladestation f\u00fcr ein Elektroauto? Hier finden Sie die \u00f6ffentlichen Ladestationen in Reimerswaal und Kapelle.","og_url":"https:\/\/www.touristshopyerseke.nl\/de\/ladesaeulen-yerseke\/","og_site_name":"Tourist Shop Yerseke","article_modified_time":"2024-08-06T08:59:42+00:00","og_image":[{"width":750,"height":500,"url":"https:\/\/www.touristshopyerseke.nl\/wp-content\/uploads\/2022\/05\/oplaadpunt-autos-e1652789618549.jpg","type":"image\/jpeg"}],"twitter_card":"summary_large_image","schema":{"@context":"https:\/\/schema.org","@graph":[{"@type":"WebPage","@id":"https:\/\/www.touristshopyerseke.nl\/de\/ladesaeulen-yerseke\/","url":"https:\/\/www.touristshopyerseke.nl\/de\/ladesaeulen-yerseke\/","name":"Lades\u00e4ulen Yerseke - Tourist Shop Yerseke","isPartOf":{"@id":"https:\/\/www.touristshopyerseke.nl\/de\/#website"},"primaryImageOfPage":{"@id":"https:\/\/www.touristshopyerseke.nl\/de\/ladesaeulen-yerseke\/#primaryimage"},"image":{"@id":"https:\/\/www.touristshopyerseke.nl\/de\/ladesaeulen-yerseke\/#primaryimage"},"thumbnailUrl":"https:\/\/www.touristshopyerseke.nl\/wp-content\/uploads\/2022\/05\/oplaadpunt-autos-e1652789618549.jpg","datePublished":"2022-03-30T11:25:54+00:00","dateModified":"2024-08-06T08:59:42+00:00","description":"Sie suchen eine Ladestation f\u00fcr ein Elektroauto? Hier finden Sie die \u00f6ffentlichen Ladestationen in Reimerswaal und Kapelle.","breadcrumb":{"@id":"https:\/\/www.touristshopyerseke.nl\/de\/ladesaeulen-yerseke\/#breadcrumb"},"inLanguage":"de","potentialAction":[{"@type":"ReadAction","target":["https:\/\/www.touristshopyerseke.nl\/de\/ladesaeulen-yerseke\/"]}]},{"@type":"ImageObject","inLanguage":"de","@id":"https:\/\/www.touristshopyerseke.nl\/de\/ladesaeulen-yerseke\/#primaryimage","url":"https:\/\/www.touristshopyerseke.nl\/wp-content\/uploads\/2022\/05\/oplaadpunt-autos-e1652789618549.jpg","contentUrl":"https:\/\/www.touristshopyerseke.nl\/wp-content\/uploads\/2022\/05\/oplaadpunt-autos-e1652789618549.jpg","width":750,"height":500},{"@type":"BreadcrumbList","@id":"https:\/\/www.touristshopyerseke.nl\/de\/ladesaeulen-yerseke\/#breadcrumb","itemListElement":[{"@type":"ListItem","position":1,"name":"Home","item":"https:\/\/www.touristshopyerseke.nl\/de\/"},{"@type":"ListItem","position":2,"name":"Lades\u00e4ulen Yerseke"}]},{"@type":"WebSite","@id":"https:\/\/www.touristshopyerseke.nl\/de\/#website","url":"https:\/\/www.touristshopyerseke.nl\/de\/","name":"Tourist Shop Yerseke","description":"","potentialAction":[{"@type":"SearchAction","target":{"@type":"EntryPoint","urlTemplate":"https:\/\/www.touristshopyerseke.nl\/de\/?s={search_term_string}"},"query-input":{"@type":"PropertyValueSpecification","valueRequired":true,"valueName":"search_term_string"}}],"inLanguage":"de"}]}},"_links":{"self":[{"href":"https:\/\/www.touristshopyerseke.nl\/de\/wp-json\/wp\/v2\/pages\/123108","targetHints":{"allow":["GET"]}}],"collection":[{"href":"https:\/\/www.touristshopyerseke.nl\/de\/wp-json\/wp\/v2\/pages"}],"about":[{"href":"https:\/\/www.touristshopyerseke.nl\/de\/wp-json\/wp\/v2\/types\/page"}],"author":[{"embeddable":true,"href":"https:\/\/www.touristshopyerseke.nl\/de\/wp-json\/wp\/v2\/users\/1"}],"replies":[{"embeddable":true,"href":"https:\/\/www.touristshopyerseke.nl\/de\/wp-json\/wp\/v2\/comments?post=123108"}],"version-history":[{"count":1,"href":"https:\/\/www.touristshopyerseke.nl\/de\/wp-json\/wp\/v2\/pages\/123108\/revisions"}],"predecessor-version":[{"id":124004,"href":"https:\/\/www.touristshopyerseke.nl\/de\/wp-json\/wp\/v2\/pages\/123108\/revisions\/124004"}],"wp:featuredmedia":[{"embeddable":true,"href":"https:\/\/www.touristshopyerseke.nl\/de\/wp-json\/wp\/v2\/media\/121910"}],"wp:attachment":[{"href":"https:\/\/www.touristshopyerseke.nl\/de\/wp-json\/wp\/v2\/media?parent=123108"}],"curies":[{"name":"wp","href":"https:\/\/api.w.org\/{rel}","templated":true}]}}