{"id":123102,"date":"2022-03-14T16:10:04","date_gmt":"2022-03-14T16:10:04","guid":{"rendered":"https:\/\/www.touristshopyerseke.nl\/haeufig-gestellte-fragen\/"},"modified":"2024-08-06T08:59:50","modified_gmt":"2024-08-06T08:59:50","slug":"haeufig-gestellte-fragen","status":"publish","type":"page","link":"https:\/\/www.touristshopyerseke.nl\/de\/haeufig-gestellte-fragen\/","title":{"rendered":"H\u00e4ufig gestellte Fragen"},"content":{"rendered":"<p><strong>Die am h\u00e4ufigsten gestellten Fragen zu Yerseke<\/strong> Hier haben wir f\u00fcr Sie alle Antworten auf h\u00e4ufig gestellte Fragen zusammengestellt.<br \/>\nHaben Sie eine andere Frage?<br \/>\nWir sind bereit, diese f\u00fcr Sie zu beantworten!<br \/>\nKlicken Sie auf das Thema und dann auf die Frage, die f\u00fcr Sie am wichtigsten ist.<br \/>\nWenn Sie erneut auf den Text oder den Pfeil klicken, k\u00f6nnen Sie die Informationen ausblenden.<br \/>\nWenn Ihre Frage nicht dabei ist, nehmen Sie bitte Kontakt mit uns auf, stellen Sie Ihre Frage \u00fcber das Kontaktformular oder rufen Sie uns unter +31(0)113-750711 an.     <\/p>\n","protected":false},"excerpt":{"rendered":"<p>Die am h\u00e4ufigsten gestellten Fragen zu Yerseke Hier haben wir f\u00fcr Sie alle Antworten auf h\u00e4ufig gestellte Fragen zusammengestellt. Haben Sie eine andere Frage? Wir sind bereit, diese f\u00fcr Sie zu beantworten! Klicken Sie auf das Thema und dann auf die Frage, die f\u00fcr Sie am wichtigsten ist. Wenn Sie erneut auf den Text oder [&hellip;]<\/p>\n","protected":false},"author":1,"featured_media":121715,"parent":0,"menu_order":0,"comment_status":"closed","ping_status":"closed","template":"","meta":{"_acf_changed":false,"footnotes":""},"class_list":["post-123102","page","type-page","status-publish","has-post-thumbnail","hentry"],"acf":[],"yoast_head":"<!-- This site is optimized with the Yoast SEO plugin v27.2 - https:\/\/yoast.com\/product\/yoast-seo-wordpress\/ -->\n<title>H\u00e4ufig gestellte Fragen - Tourist Shop Yerseke<\/title>\n<meta name=\"description\" content=\"Hier haben wir bequem alle Antworten auf h\u00e4ufig gestellte Fragen zusammengestellt. Haben Sie eine andere Frage? Lassen Sie es uns wissen.\" \/>\n<meta name=\"robots\" content=\"index, follow, max-snippet:-1, max-image-preview:large, max-video-preview:-1\" \/>\n<link rel=\"canonical\" href=\"https:\/\/www.touristshopyerseke.nl\/de\/haeufig-gestellte-fragen\/\" \/>\n<meta property=\"og:locale\" content=\"de_DE\" \/>\n<meta property=\"og:type\" content=\"article\" \/>\n<meta property=\"og:title\" content=\"H\u00e4ufig gestellte Fragen - Tourist Shop Yerseke\" \/>\n<meta property=\"og:description\" content=\"Hier haben wir bequem alle Antworten auf h\u00e4ufig gestellte Fragen zusammengestellt. Haben Sie eine andere Frage? Lassen Sie es uns wissen.\" \/>\n<meta property=\"og:url\" content=\"https:\/\/www.touristshopyerseke.nl\/de\/haeufig-gestellte-fragen\/\" \/>\n<meta property=\"og:site_name\" content=\"Tourist Shop Yerseke\" \/>\n<meta property=\"article:modified_time\" content=\"2024-08-06T08:59:50+00:00\" \/>\n<meta property=\"og:image\" content=\"https:\/\/www.touristshopyerseke.nl\/wp-content\/uploads\/2022\/05\/Logo-Shop.jpg\" \/>\n\t<meta property=\"og:image:width\" content=\"300\" \/>\n\t<meta property=\"og:image:height\" content=\"300\" \/>\n\t<meta property=\"og:image:type\" content=\"image\/jpeg\" \/>\n<meta name=\"twitter:card\" content=\"summary_large_image\" \/>\n<script type=\"application\/ld+json\" class=\"yoast-schema-graph\">{\"@context\":\"https:\/\/schema.org\",\"@graph\":[{\"@type\":\"WebPage\",\"@id\":\"https:\/\/www.touristshopyerseke.nl\/de\/haeufig-gestellte-fragen\/\",\"url\":\"https:\/\/www.touristshopyerseke.nl\/de\/haeufig-gestellte-fragen\/\",\"name\":\"H\u00e4ufig gestellte Fragen - Tourist Shop Yerseke\",\"isPartOf\":{\"@id\":\"https:\/\/www.touristshopyerseke.nl\/de\/#website\"},\"primaryImageOfPage\":{\"@id\":\"https:\/\/www.touristshopyerseke.nl\/de\/haeufig-gestellte-fragen\/#primaryimage\"},\"image\":{\"@id\":\"https:\/\/www.touristshopyerseke.nl\/de\/haeufig-gestellte-fragen\/#primaryimage\"},\"thumbnailUrl\":\"https:\/\/www.touristshopyerseke.nl\/wp-content\/uploads\/2022\/05\/Logo-Shop.jpg\",\"datePublished\":\"2022-03-14T16:10:04+00:00\",\"dateModified\":\"2024-08-06T08:59:50+00:00\",\"description\":\"Hier haben wir bequem alle Antworten auf h\u00e4ufig gestellte Fragen zusammengestellt. Haben Sie eine andere Frage? Lassen Sie es uns wissen.\",\"breadcrumb\":{\"@id\":\"https:\/\/www.touristshopyerseke.nl\/de\/haeufig-gestellte-fragen\/#breadcrumb\"},\"inLanguage\":\"de\",\"potentialAction\":[{\"@type\":\"ReadAction\",\"target\":[\"https:\/\/www.touristshopyerseke.nl\/de\/haeufig-gestellte-fragen\/\"]}]},{\"@type\":\"ImageObject\",\"inLanguage\":\"de\",\"@id\":\"https:\/\/www.touristshopyerseke.nl\/de\/haeufig-gestellte-fragen\/#primaryimage\",\"url\":\"https:\/\/www.touristshopyerseke.nl\/wp-content\/uploads\/2022\/05\/Logo-Shop.jpg\",\"contentUrl\":\"https:\/\/www.touristshopyerseke.nl\/wp-content\/uploads\/2022\/05\/Logo-Shop.jpg\",\"width\":300,\"height\":300},{\"@type\":\"BreadcrumbList\",\"@id\":\"https:\/\/www.touristshopyerseke.nl\/de\/haeufig-gestellte-fragen\/#breadcrumb\",\"itemListElement\":[{\"@type\":\"ListItem\",\"position\":1,\"name\":\"Home\",\"item\":\"https:\/\/www.touristshopyerseke.nl\/de\/\"},{\"@type\":\"ListItem\",\"position\":2,\"name\":\"H\u00e4ufig gestellte Fragen\"}]},{\"@type\":\"WebSite\",\"@id\":\"https:\/\/www.touristshopyerseke.nl\/de\/#website\",\"url\":\"https:\/\/www.touristshopyerseke.nl\/de\/\",\"name\":\"Tourist Shop Yerseke\",\"description\":\"\",\"potentialAction\":[{\"@type\":\"SearchAction\",\"target\":{\"@type\":\"EntryPoint\",\"urlTemplate\":\"https:\/\/www.touristshopyerseke.nl\/de\/?s={search_term_string}\"},\"query-input\":{\"@type\":\"PropertyValueSpecification\",\"valueRequired\":true,\"valueName\":\"search_term_string\"}}],\"inLanguage\":\"de\"}]}<\/script>\n<!-- \/ Yoast SEO plugin. -->","yoast_head_json":{"title":"H\u00e4ufig gestellte Fragen - Tourist Shop Yerseke","description":"Hier haben wir bequem alle Antworten auf h\u00e4ufig gestellte Fragen zusammengestellt. Haben Sie eine andere Frage? Lassen Sie es uns wissen.","robots":{"index":"index","follow":"follow","max-snippet":"max-snippet:-1","max-image-preview":"max-image-preview:large","max-video-preview":"max-video-preview:-1"},"canonical":"https:\/\/www.touristshopyerseke.nl\/de\/haeufig-gestellte-fragen\/","og_locale":"de_DE","og_type":"article","og_title":"H\u00e4ufig gestellte Fragen - Tourist Shop Yerseke","og_description":"Hier haben wir bequem alle Antworten auf h\u00e4ufig gestellte Fragen zusammengestellt. Haben Sie eine andere Frage? Lassen Sie es uns wissen.","og_url":"https:\/\/www.touristshopyerseke.nl\/de\/haeufig-gestellte-fragen\/","og_site_name":"Tourist Shop Yerseke","article_modified_time":"2024-08-06T08:59:50+00:00","og_image":[{"width":300,"height":300,"url":"https:\/\/www.touristshopyerseke.nl\/wp-content\/uploads\/2022\/05\/Logo-Shop.jpg","type":"image\/jpeg"}],"twitter_card":"summary_large_image","schema":{"@context":"https:\/\/schema.org","@graph":[{"@type":"WebPage","@id":"https:\/\/www.touristshopyerseke.nl\/de\/haeufig-gestellte-fragen\/","url":"https:\/\/www.touristshopyerseke.nl\/de\/haeufig-gestellte-fragen\/","name":"H\u00e4ufig gestellte Fragen - Tourist Shop Yerseke","isPartOf":{"@id":"https:\/\/www.touristshopyerseke.nl\/de\/#website"},"primaryImageOfPage":{"@id":"https:\/\/www.touristshopyerseke.nl\/de\/haeufig-gestellte-fragen\/#primaryimage"},"image":{"@id":"https:\/\/www.touristshopyerseke.nl\/de\/haeufig-gestellte-fragen\/#primaryimage"},"thumbnailUrl":"https:\/\/www.touristshopyerseke.nl\/wp-content\/uploads\/2022\/05\/Logo-Shop.jpg","datePublished":"2022-03-14T16:10:04+00:00","dateModified":"2024-08-06T08:59:50+00:00","description":"Hier haben wir bequem alle Antworten auf h\u00e4ufig gestellte Fragen zusammengestellt. Haben Sie eine andere Frage? Lassen Sie es uns wissen.","breadcrumb":{"@id":"https:\/\/www.touristshopyerseke.nl\/de\/haeufig-gestellte-fragen\/#breadcrumb"},"inLanguage":"de","potentialAction":[{"@type":"ReadAction","target":["https:\/\/www.touristshopyerseke.nl\/de\/haeufig-gestellte-fragen\/"]}]},{"@type":"ImageObject","inLanguage":"de","@id":"https:\/\/www.touristshopyerseke.nl\/de\/haeufig-gestellte-fragen\/#primaryimage","url":"https:\/\/www.touristshopyerseke.nl\/wp-content\/uploads\/2022\/05\/Logo-Shop.jpg","contentUrl":"https:\/\/www.touristshopyerseke.nl\/wp-content\/uploads\/2022\/05\/Logo-Shop.jpg","width":300,"height":300},{"@type":"BreadcrumbList","@id":"https:\/\/www.touristshopyerseke.nl\/de\/haeufig-gestellte-fragen\/#breadcrumb","itemListElement":[{"@type":"ListItem","position":1,"name":"Home","item":"https:\/\/www.touristshopyerseke.nl\/de\/"},{"@type":"ListItem","position":2,"name":"H\u00e4ufig gestellte Fragen"}]},{"@type":"WebSite","@id":"https:\/\/www.touristshopyerseke.nl\/de\/#website","url":"https:\/\/www.touristshopyerseke.nl\/de\/","name":"Tourist Shop Yerseke","description":"","potentialAction":[{"@type":"SearchAction","target":{"@type":"EntryPoint","urlTemplate":"https:\/\/www.touristshopyerseke.nl\/de\/?s={search_term_string}"},"query-input":{"@type":"PropertyValueSpecification","valueRequired":true,"valueName":"search_term_string"}}],"inLanguage":"de"}]}},"_links":{"self":[{"href":"https:\/\/www.touristshopyerseke.nl\/de\/wp-json\/wp\/v2\/pages\/123102","targetHints":{"allow":["GET"]}}],"collection":[{"href":"https:\/\/www.touristshopyerseke.nl\/de\/wp-json\/wp\/v2\/pages"}],"about":[{"href":"https:\/\/www.touristshopyerseke.nl\/de\/wp-json\/wp\/v2\/types\/page"}],"author":[{"embeddable":true,"href":"https:\/\/www.touristshopyerseke.nl\/de\/wp-json\/wp\/v2\/users\/1"}],"replies":[{"embeddable":true,"href":"https:\/\/www.touristshopyerseke.nl\/de\/wp-json\/wp\/v2\/comments?post=123102"}],"version-history":[{"count":1,"href":"https:\/\/www.touristshopyerseke.nl\/de\/wp-json\/wp\/v2\/pages\/123102\/revisions"}],"predecessor-version":[{"id":124011,"href":"https:\/\/www.touristshopyerseke.nl\/de\/wp-json\/wp\/v2\/pages\/123102\/revisions\/124011"}],"wp:featuredmedia":[{"embeddable":true,"href":"https:\/\/www.touristshopyerseke.nl\/de\/wp-json\/wp\/v2\/media\/121715"}],"wp:attachment":[{"href":"https:\/\/www.touristshopyerseke.nl\/de\/wp-json\/wp\/v2\/media?parent=123102"}],"curies":[{"name":"wp","href":"https:\/\/api.w.org\/{rel}","templated":true}]}}