{"id":123100,"date":"2022-03-14T16:10:25","date_gmt":"2022-03-14T16:10:25","guid":{"rendered":"https:\/\/www.touristshopyerseke.nl\/hotels-yerseke\/"},"modified":"2024-08-06T10:51:04","modified_gmt":"2024-08-06T10:51:04","slug":"hotels-yerseke","status":"publish","type":"page","link":"https:\/\/www.touristshopyerseke.nl\/de\/hotels-yerseke\/","title":{"rendered":"Hotels Yerseke"},"content":{"rendered":"<p>W\u00e4hrend Ihres Besuchs in Yerseke brauchen Sie nat\u00fcrlich eine gute Unterkunft. Entdecken Sie den Charme der \u00dcbernachtungsm\u00f6glichkeiten in Yerseke und Umgebung, von Hotels \u00fcber Campingpl\u00e4tze bis hin zu charmanten B&amp;Bs und Ferienunterk\u00fcnften. Wenn Sie Yerseke wirklich kennenlernen wollen, bleiben Sie einfach etwas l\u00e4nger. Um das Beste aus Ihrem Besuch in Yerseke herauszuholen, ist ein mehrt\u00e4giger Aufenthalt die beste Wahl. Ob Sie als Paar kommen, den Urlaub mit der ganzen Familie oder mit den Enkelkindern feiern, Sie haben die Wahl, in Yerseke und Umgebung zu \u00fcbernachten.      <\/p>\n<p><script src=\"https:\/\/allyourz.localbooker.nl\/localbooker.js\"><\/script><\/p>\n<div id=\"localbooker\" data-pid=\"touristshopyerseke.localbooker.nl\" data-mainfilter=\"{&quot;where&quot;:{&quot;range&quot;:10,&quot;disabled&quot;:true,&quot;destinationZip&quot;:&quot;4401ED&quot;}}\" data-locale=\"nl\" data-offset=\"#header\" data-page=\"spa\"><\/div>\n","protected":false},"excerpt":{"rendered":"<p>W\u00e4hrend Ihres Besuchs in Yerseke brauchen Sie nat\u00fcrlich eine gute Unterkunft. Entdecken Sie den Charme der \u00dcbernachtungsm\u00f6glichkeiten in Yerseke und Umgebung, von Hotels \u00fcber Campingpl\u00e4tze bis hin zu charmanten B&amp;Bs und Ferienunterk\u00fcnften. Wenn Sie Yerseke wirklich kennenlernen wollen, bleiben Sie einfach etwas l\u00e4nger. Um das Beste aus Ihrem Besuch in Yerseke herauszuholen, ist ein mehrt\u00e4giger [&hellip;]<\/p>\n","protected":false},"author":1,"featured_media":0,"parent":0,"menu_order":0,"comment_status":"closed","ping_status":"closed","template":"","meta":{"_acf_changed":false,"footnotes":""},"class_list":["post-123100","page","type-page","status-publish","hentry"],"acf":[],"yoast_head":"<!-- This site is optimized with the Yoast SEO plugin v27.2 - https:\/\/yoast.com\/product\/yoast-seo-wordpress\/ -->\n<title>Hotels Yerseke - Tourist Shop Yerseke<\/title>\n<meta name=\"description\" content=\"Entdecken Sie den Charme einer \u00dcbernachtung in Yerseke und Umgebung, von Hotels \u00fcber Campingpl\u00e4tze bis hin zu charmanten Bed &amp; Breakfasts und Ferienunterk\u00fcnften.\" \/>\n<meta name=\"robots\" content=\"index, follow, max-snippet:-1, max-image-preview:large, max-video-preview:-1\" \/>\n<link rel=\"canonical\" href=\"https:\/\/www.touristshopyerseke.nl\/de\/hotels-yerseke\/\" \/>\n<meta property=\"og:locale\" content=\"de_DE\" \/>\n<meta property=\"og:type\" content=\"article\" \/>\n<meta property=\"og:title\" content=\"Hotels Yerseke - Tourist Shop Yerseke\" \/>\n<meta property=\"og:description\" content=\"Entdecken Sie den Charme einer \u00dcbernachtung in Yerseke und Umgebung, von Hotels \u00fcber Campingpl\u00e4tze bis hin zu charmanten Bed &amp; Breakfasts und Ferienunterk\u00fcnften.\" \/>\n<meta property=\"og:url\" content=\"https:\/\/www.touristshopyerseke.nl\/de\/hotels-yerseke\/\" \/>\n<meta property=\"og:site_name\" content=\"Tourist Shop Yerseke\" \/>\n<meta property=\"article:modified_time\" content=\"2024-08-06T10:51:04+00:00\" \/>\n<meta name=\"twitter:card\" content=\"summary_large_image\" \/>\n<meta name=\"twitter:label1\" content=\"Gesch\u00e4tzte Lesezeit\" \/>\n\t<meta name=\"twitter:data1\" content=\"1\u00a0Minute\" \/>\n<script type=\"application\/ld+json\" class=\"yoast-schema-graph\">{\"@context\":\"https:\/\/schema.org\",\"@graph\":[{\"@type\":\"WebPage\",\"@id\":\"https:\/\/www.touristshopyerseke.nl\/de\/hotels-yerseke\/\",\"url\":\"https:\/\/www.touristshopyerseke.nl\/de\/hotels-yerseke\/\",\"name\":\"Hotels Yerseke - Tourist Shop Yerseke\",\"isPartOf\":{\"@id\":\"https:\/\/www.touristshopyerseke.nl\/de\/#website\"},\"datePublished\":\"2022-03-14T16:10:25+00:00\",\"dateModified\":\"2024-08-06T10:51:04+00:00\",\"description\":\"Entdecken Sie den Charme einer \u00dcbernachtung in Yerseke und Umgebung, von Hotels \u00fcber Campingpl\u00e4tze bis hin zu charmanten Bed & Breakfasts und Ferienunterk\u00fcnften.\",\"breadcrumb\":{\"@id\":\"https:\/\/www.touristshopyerseke.nl\/de\/hotels-yerseke\/#breadcrumb\"},\"inLanguage\":\"de\",\"potentialAction\":[{\"@type\":\"ReadAction\",\"target\":[\"https:\/\/www.touristshopyerseke.nl\/de\/hotels-yerseke\/\"]}]},{\"@type\":\"BreadcrumbList\",\"@id\":\"https:\/\/www.touristshopyerseke.nl\/de\/hotels-yerseke\/#breadcrumb\",\"itemListElement\":[{\"@type\":\"ListItem\",\"position\":1,\"name\":\"Home\",\"item\":\"https:\/\/www.touristshopyerseke.nl\/de\/\"},{\"@type\":\"ListItem\",\"position\":2,\"name\":\"Hotels Yerseke\"}]},{\"@type\":\"WebSite\",\"@id\":\"https:\/\/www.touristshopyerseke.nl\/de\/#website\",\"url\":\"https:\/\/www.touristshopyerseke.nl\/de\/\",\"name\":\"Tourist Shop Yerseke\",\"description\":\"\",\"potentialAction\":[{\"@type\":\"SearchAction\",\"target\":{\"@type\":\"EntryPoint\",\"urlTemplate\":\"https:\/\/www.touristshopyerseke.nl\/de\/?s={search_term_string}\"},\"query-input\":{\"@type\":\"PropertyValueSpecification\",\"valueRequired\":true,\"valueName\":\"search_term_string\"}}],\"inLanguage\":\"de\"}]}<\/script>\n<!-- \/ Yoast SEO plugin. -->","yoast_head_json":{"title":"Hotels Yerseke - Tourist Shop Yerseke","description":"Entdecken Sie den Charme einer \u00dcbernachtung in Yerseke und Umgebung, von Hotels \u00fcber Campingpl\u00e4tze bis hin zu charmanten Bed & Breakfasts und Ferienunterk\u00fcnften.","robots":{"index":"index","follow":"follow","max-snippet":"max-snippet:-1","max-image-preview":"max-image-preview:large","max-video-preview":"max-video-preview:-1"},"canonical":"https:\/\/www.touristshopyerseke.nl\/de\/hotels-yerseke\/","og_locale":"de_DE","og_type":"article","og_title":"Hotels Yerseke - Tourist Shop Yerseke","og_description":"Entdecken Sie den Charme einer \u00dcbernachtung in Yerseke und Umgebung, von Hotels \u00fcber Campingpl\u00e4tze bis hin zu charmanten Bed & Breakfasts und Ferienunterk\u00fcnften.","og_url":"https:\/\/www.touristshopyerseke.nl\/de\/hotels-yerseke\/","og_site_name":"Tourist Shop Yerseke","article_modified_time":"2024-08-06T10:51:04+00:00","twitter_card":"summary_large_image","twitter_misc":{"Gesch\u00e4tzte Lesezeit":"1\u00a0Minute"},"schema":{"@context":"https:\/\/schema.org","@graph":[{"@type":"WebPage","@id":"https:\/\/www.touristshopyerseke.nl\/de\/hotels-yerseke\/","url":"https:\/\/www.touristshopyerseke.nl\/de\/hotels-yerseke\/","name":"Hotels Yerseke - Tourist Shop Yerseke","isPartOf":{"@id":"https:\/\/www.touristshopyerseke.nl\/de\/#website"},"datePublished":"2022-03-14T16:10:25+00:00","dateModified":"2024-08-06T10:51:04+00:00","description":"Entdecken Sie den Charme einer \u00dcbernachtung in Yerseke und Umgebung, von Hotels \u00fcber Campingpl\u00e4tze bis hin zu charmanten Bed & Breakfasts und Ferienunterk\u00fcnften.","breadcrumb":{"@id":"https:\/\/www.touristshopyerseke.nl\/de\/hotels-yerseke\/#breadcrumb"},"inLanguage":"de","potentialAction":[{"@type":"ReadAction","target":["https:\/\/www.touristshopyerseke.nl\/de\/hotels-yerseke\/"]}]},{"@type":"BreadcrumbList","@id":"https:\/\/www.touristshopyerseke.nl\/de\/hotels-yerseke\/#breadcrumb","itemListElement":[{"@type":"ListItem","position":1,"name":"Home","item":"https:\/\/www.touristshopyerseke.nl\/de\/"},{"@type":"ListItem","position":2,"name":"Hotels Yerseke"}]},{"@type":"WebSite","@id":"https:\/\/www.touristshopyerseke.nl\/de\/#website","url":"https:\/\/www.touristshopyerseke.nl\/de\/","name":"Tourist Shop Yerseke","description":"","potentialAction":[{"@type":"SearchAction","target":{"@type":"EntryPoint","urlTemplate":"https:\/\/www.touristshopyerseke.nl\/de\/?s={search_term_string}"},"query-input":{"@type":"PropertyValueSpecification","valueRequired":true,"valueName":"search_term_string"}}],"inLanguage":"de"}]}},"_links":{"self":[{"href":"https:\/\/www.touristshopyerseke.nl\/de\/wp-json\/wp\/v2\/pages\/123100","targetHints":{"allow":["GET"]}}],"collection":[{"href":"https:\/\/www.touristshopyerseke.nl\/de\/wp-json\/wp\/v2\/pages"}],"about":[{"href":"https:\/\/www.touristshopyerseke.nl\/de\/wp-json\/wp\/v2\/types\/page"}],"author":[{"embeddable":true,"href":"https:\/\/www.touristshopyerseke.nl\/de\/wp-json\/wp\/v2\/users\/1"}],"replies":[{"embeddable":true,"href":"https:\/\/www.touristshopyerseke.nl\/de\/wp-json\/wp\/v2\/comments?post=123100"}],"version-history":[{"count":3,"href":"https:\/\/www.touristshopyerseke.nl\/de\/wp-json\/wp\/v2\/pages\/123100\/revisions"}],"predecessor-version":[{"id":124043,"href":"https:\/\/www.touristshopyerseke.nl\/de\/wp-json\/wp\/v2\/pages\/123100\/revisions\/124043"}],"wp:attachment":[{"href":"https:\/\/www.touristshopyerseke.nl\/de\/wp-json\/wp\/v2\/media?parent=123100"}],"curies":[{"name":"wp","href":"https:\/\/api.w.org\/{rel}","templated":true}]}}