{"id":123093,"date":"2020-08-26T11:59:16","date_gmt":"2020-08-26T11:59:16","guid":{"rendered":"https:\/\/www.touristshopyerseke.nl\/touristisches-geschaeft-yerseke\/"},"modified":"2024-08-06T10:42:12","modified_gmt":"2024-08-06T10:42:12","slug":"touristisches-geschaeft-yerseke","status":"publish","type":"page","link":"https:\/\/www.touristshopyerseke.nl\/de\/","title":{"rendered":"Touristisches Gesch\u00e4ft Yerseke"},"content":{"rendered":"<p>Der Tourist Shop Yerseke befindet sich direkt im Zentrum von Yerseke.<br \/>\nWir sind die offizielle Informationsstelle der Gemeinde Reimerswaal.<br \/>\nUnser Ziel ist es, alle Besucher zu f\u00fchren, zu inspirieren und zu informieren.<br \/>\nOb Sie eine gef\u00fchrte Tour, eine Austernsammlung oder eine Rollertour mit einem F\u00fchrer oder ein ma\u00dfgeschneidertes Paket w\u00fcnschen, nichts ist uns zu verr\u00fcckt.<br \/>\nAuch Tickets f\u00fcr einen Besuch des Oosterschelde-Museums und\/oder Veranstaltungen sind bei uns erh\u00e4ltlich.<br \/>\nNat\u00fcrlich k\u00f6nnen wir Ihnen auch Wander- und Fahrradkarten f\u00fcr die Gegend zur Verf\u00fcgung stellen.<br \/>\nUnd nat\u00fcrlich w\u00fcrden wir Ihnen gerne die Muscheln und Austern in unserem lebendigen und authentischen Fischerdorf Yerseke an der Oosterschelde vorstellen.<\/p>\n<h3>Entdecken Sie<\/h3>\n<p>Lassen Sie sich von den vielen M\u00f6glichkeiten in Yerseke \u00fcberraschen.<br \/>\nAuge in Auge mit einer Robbe, eine Bootstour auf der Oosterschelde, dem gr\u00f6\u00dften Nationalpark der Niederlande, oder frische Luft schnappen im wundersch\u00f6nen Moorgebiet Yerseke Moer &#8211; Yerseke hat alles zu bieten.<br \/>\nUnd noch viel mehr!<br \/>\nDie Region Yerseke bietet Ihnen Ruhe, Platz und Charakter.<br \/>\nKommen Sie und genie\u00dfen Sie die sch\u00f6ne Landschaft, die verschiedenen Gesch\u00e4fte und die freundlichen Menschen.<br \/>\nWir sehen uns in Yerseke!<\/p>\n","protected":false},"excerpt":{"rendered":"<p>Der Tourist Shop Yerseke befindet sich direkt im Zentrum von Yerseke. Wir sind die offizielle Informationsstelle der Gemeinde Reimerswaal. Unser Ziel ist es, alle Besucher zu f\u00fchren, zu inspirieren und zu informieren. Ob Sie eine gef\u00fchrte Tour, eine Austernsammlung oder eine Rollertour mit einem F\u00fchrer oder ein ma\u00dfgeschneidertes Paket w\u00fcnschen, nichts ist uns zu verr\u00fcckt. [&hellip;]<\/p>\n","protected":false},"author":1,"featured_media":0,"parent":0,"menu_order":0,"comment_status":"closed","ping_status":"closed","template":"","meta":{"_acf_changed":false,"footnotes":""},"class_list":["post-123093","page","type-page","status-publish","hentry"],"acf":[],"yoast_head":"<!-- This site is optimized with the Yoast SEO plugin v27.2 - https:\/\/yoast.com\/product\/yoast-seo-wordpress\/ -->\n<title>Die soll allen Besuchern den Weg nach Yerseke weisen<\/title>\n<meta name=\"description\" content=\"Der Tourist Shop Yerseke befindet sich direkt im Zentrum von Yerseke. Unser Ziel ist es, alle Besucher zu f\u00fchren, zu inspirieren und zu informieren.\" \/>\n<meta name=\"robots\" content=\"index, follow, max-snippet:-1, max-image-preview:large, max-video-preview:-1\" \/>\n<link rel=\"canonical\" href=\"https:\/\/www.touristshopyerseke.nl\/de\/\" \/>\n<meta property=\"og:locale\" content=\"de_DE\" \/>\n<meta property=\"og:type\" content=\"article\" \/>\n<meta property=\"og:title\" content=\"Die soll allen Besuchern den Weg nach Yerseke weisen\" \/>\n<meta property=\"og:description\" content=\"Der Tourist Shop Yerseke befindet sich direkt im Zentrum von Yerseke. Unser Ziel ist es, alle Besucher zu f\u00fchren, zu inspirieren und zu informieren.\" \/>\n<meta property=\"og:url\" content=\"https:\/\/www.touristshopyerseke.nl\/de\/\" \/>\n<meta property=\"og:site_name\" content=\"Tourist Shop Yerseke\" \/>\n<meta property=\"article:modified_time\" content=\"2024-08-06T10:42:12+00:00\" \/>\n<meta name=\"twitter:card\" content=\"summary_large_image\" \/>\n<meta name=\"twitter:label1\" content=\"Gesch\u00e4tzte Lesezeit\" \/>\n\t<meta name=\"twitter:data1\" content=\"1\u00a0Minute\" \/>\n<script type=\"application\/ld+json\" class=\"yoast-schema-graph\">{\"@context\":\"https:\/\/schema.org\",\"@graph\":[{\"@type\":\"WebPage\",\"@id\":\"https:\/\/www.touristshopyerseke.nl\/de\/\",\"url\":\"https:\/\/www.touristshopyerseke.nl\/de\/\",\"name\":\"Die soll allen Besuchern den Weg nach Yerseke weisen\",\"isPartOf\":{\"@id\":\"https:\/\/www.touristshopyerseke.nl\/de\/#website\"},\"datePublished\":\"2020-08-26T11:59:16+00:00\",\"dateModified\":\"2024-08-06T10:42:12+00:00\",\"description\":\"Der Tourist Shop Yerseke befindet sich direkt im Zentrum von Yerseke. Unser Ziel ist es, alle Besucher zu f\u00fchren, zu inspirieren und zu informieren.\",\"breadcrumb\":{\"@id\":\"https:\/\/www.touristshopyerseke.nl\/de\/#breadcrumb\"},\"inLanguage\":\"de\",\"potentialAction\":[{\"@type\":\"ReadAction\",\"target\":[\"https:\/\/www.touristshopyerseke.nl\/de\/\"]}]},{\"@type\":\"BreadcrumbList\",\"@id\":\"https:\/\/www.touristshopyerseke.nl\/de\/#breadcrumb\",\"itemListElement\":[{\"@type\":\"ListItem\",\"position\":1,\"name\":\"Home\",\"item\":\"https:\/\/www.touristshopyerseke.nl\/de\/\"},{\"@type\":\"ListItem\",\"position\":2,\"name\":\"Touristisches Gesch\u00e4ft Yerseke\"}]},{\"@type\":\"WebSite\",\"@id\":\"https:\/\/www.touristshopyerseke.nl\/de\/#website\",\"url\":\"https:\/\/www.touristshopyerseke.nl\/de\/\",\"name\":\"Tourist Shop Yerseke\",\"description\":\"\",\"potentialAction\":[{\"@type\":\"SearchAction\",\"target\":{\"@type\":\"EntryPoint\",\"urlTemplate\":\"https:\/\/www.touristshopyerseke.nl\/de\/?s={search_term_string}\"},\"query-input\":{\"@type\":\"PropertyValueSpecification\",\"valueRequired\":true,\"valueName\":\"search_term_string\"}}],\"inLanguage\":\"de\"}]}<\/script>\n<!-- \/ Yoast SEO plugin. -->","yoast_head_json":{"title":"Die soll allen Besuchern den Weg nach Yerseke weisen","description":"Der Tourist Shop Yerseke befindet sich direkt im Zentrum von Yerseke. Unser Ziel ist es, alle Besucher zu f\u00fchren, zu inspirieren und zu informieren.","robots":{"index":"index","follow":"follow","max-snippet":"max-snippet:-1","max-image-preview":"max-image-preview:large","max-video-preview":"max-video-preview:-1"},"canonical":"https:\/\/www.touristshopyerseke.nl\/de\/","og_locale":"de_DE","og_type":"article","og_title":"Die soll allen Besuchern den Weg nach Yerseke weisen","og_description":"Der Tourist Shop Yerseke befindet sich direkt im Zentrum von Yerseke. Unser Ziel ist es, alle Besucher zu f\u00fchren, zu inspirieren und zu informieren.","og_url":"https:\/\/www.touristshopyerseke.nl\/de\/","og_site_name":"Tourist Shop Yerseke","article_modified_time":"2024-08-06T10:42:12+00:00","twitter_card":"summary_large_image","twitter_misc":{"Gesch\u00e4tzte Lesezeit":"1\u00a0Minute"},"schema":{"@context":"https:\/\/schema.org","@graph":[{"@type":"WebPage","@id":"https:\/\/www.touristshopyerseke.nl\/de\/","url":"https:\/\/www.touristshopyerseke.nl\/de\/","name":"Die soll allen Besuchern den Weg nach Yerseke weisen","isPartOf":{"@id":"https:\/\/www.touristshopyerseke.nl\/de\/#website"},"datePublished":"2020-08-26T11:59:16+00:00","dateModified":"2024-08-06T10:42:12+00:00","description":"Der Tourist Shop Yerseke befindet sich direkt im Zentrum von Yerseke. Unser Ziel ist es, alle Besucher zu f\u00fchren, zu inspirieren und zu informieren.","breadcrumb":{"@id":"https:\/\/www.touristshopyerseke.nl\/de\/#breadcrumb"},"inLanguage":"de","potentialAction":[{"@type":"ReadAction","target":["https:\/\/www.touristshopyerseke.nl\/de\/"]}]},{"@type":"BreadcrumbList","@id":"https:\/\/www.touristshopyerseke.nl\/de\/#breadcrumb","itemListElement":[{"@type":"ListItem","position":1,"name":"Home","item":"https:\/\/www.touristshopyerseke.nl\/de\/"},{"@type":"ListItem","position":2,"name":"Touristisches Gesch\u00e4ft Yerseke"}]},{"@type":"WebSite","@id":"https:\/\/www.touristshopyerseke.nl\/de\/#website","url":"https:\/\/www.touristshopyerseke.nl\/de\/","name":"Tourist Shop Yerseke","description":"","potentialAction":[{"@type":"SearchAction","target":{"@type":"EntryPoint","urlTemplate":"https:\/\/www.touristshopyerseke.nl\/de\/?s={search_term_string}"},"query-input":{"@type":"PropertyValueSpecification","valueRequired":true,"valueName":"search_term_string"}}],"inLanguage":"de"}]}},"_links":{"self":[{"href":"https:\/\/www.touristshopyerseke.nl\/de\/wp-json\/wp\/v2\/pages\/123093","targetHints":{"allow":["GET"]}}],"collection":[{"href":"https:\/\/www.touristshopyerseke.nl\/de\/wp-json\/wp\/v2\/pages"}],"about":[{"href":"https:\/\/www.touristshopyerseke.nl\/de\/wp-json\/wp\/v2\/types\/page"}],"author":[{"embeddable":true,"href":"https:\/\/www.touristshopyerseke.nl\/de\/wp-json\/wp\/v2\/users\/1"}],"replies":[{"embeddable":true,"href":"https:\/\/www.touristshopyerseke.nl\/de\/wp-json\/wp\/v2\/comments?post=123093"}],"version-history":[{"count":3,"href":"https:\/\/www.touristshopyerseke.nl\/de\/wp-json\/wp\/v2\/pages\/123093\/revisions"}],"predecessor-version":[{"id":124041,"href":"https:\/\/www.touristshopyerseke.nl\/de\/wp-json\/wp\/v2\/pages\/123093\/revisions\/124041"}],"wp:attachment":[{"href":"https:\/\/www.touristshopyerseke.nl\/de\/wp-json\/wp\/v2\/media?parent=123093"}],"curies":[{"name":"wp","href":"https:\/\/api.w.org\/{rel}","templated":true}]}}