{"id":123092,"date":"2020-08-26T13:10:25","date_gmt":"2020-08-26T13:10:25","guid":{"rendered":"https:\/\/www.touristshopyerseke.nl\/kontakt\/"},"modified":"2025-07-28T11:53:05","modified_gmt":"2025-07-28T11:53:05","slug":"kontakt","status":"publish","type":"page","link":"https:\/\/www.touristshopyerseke.nl\/de\/kontakt\/","title":{"rendered":"Kontakt"},"content":{"rendered":"<p>Wenn Sie Fragen oder Anmerkungen haben, kontaktieren Sie uns bitte oder f\u00fcllen Sie das untenstehende Kontaktformular aus. Wir werden Ihnen so schnell wie m\u00f6glich antworten. <\/p>\n\n<div class=\"wpcf7 no-js\" id=\"wpcf7-f123122-o1\" lang=\"de-DE\" dir=\"ltr\" data-wpcf7-id=\"123122\">\n<div class=\"screen-reader-response\"><p role=\"status\" aria-live=\"polite\" aria-atomic=\"true\"><\/p> <ul><\/ul><\/div>\n<form action=\"\/de\/wp-json\/wp\/v2\/pages\/123092#wpcf7-f123122-o1\" method=\"post\" class=\"wpcf7-form init\" aria-label=\"Kontaktformular\" novalidate=\"novalidate\" data-status=\"init\">\n<fieldset class=\"hidden-fields-container\"><input type=\"hidden\" name=\"_wpcf7\" value=\"123122\" \/><input type=\"hidden\" name=\"_wpcf7_version\" value=\"6.1.5\" \/><input type=\"hidden\" name=\"_wpcf7_locale\" value=\"de_DE\" \/><input type=\"hidden\" name=\"_wpcf7_unit_tag\" value=\"wpcf7-f123122-o1\" \/><input type=\"hidden\" name=\"_wpcf7_container_post\" value=\"0\" \/><input type=\"hidden\" name=\"_wpcf7_posted_data_hash\" value=\"\" \/><input type=\"hidden\" name=\"_wpcf7dtx_version\" value=\"5.0.5\" \/><input type=\"hidden\" name=\"_wpcf7_recaptcha_response\" value=\"\" \/>\n<\/fieldset>\n<div class=\"form_item\">\n\t<p><span class=\"form_label\">Name des Unternehmens<\/span><span class=\"wpcf7-form-control-wrap\" data-name=\"company\"><input size=\"40\" maxlength=\"400\" class=\"wpcf7-form-control wpcf7-text\" aria-invalid=\"false\" value=\"\" type=\"text\" name=\"company\" \/><\/span>\n\t<\/p>\n<\/div>\n<div class=\"form_item\">\n\t<p><span class=\"form_label\">Name*<\/span><span class=\"wpcf7-form-control-wrap\" data-name=\"naam\"><input size=\"40\" maxlength=\"400\" class=\"wpcf7-form-control wpcf7-text wpcf7-validates-as-required\" aria-required=\"true\" aria-invalid=\"false\" value=\"\" type=\"text\" name=\"naam\" \/><\/span>\n\t<\/p>\n<\/div>\n<div class=\"form_item\">\n\t<p><span class=\"form_label\">E-Mail Adresse*<\/span><span class=\"wpcf7-form-control-wrap\" data-name=\"email\"><input size=\"40\" maxlength=\"400\" class=\"wpcf7-form-control wpcf7-email wpcf7-validates-as-required wpcf7-text wpcf7-validates-as-email\" aria-required=\"true\" aria-invalid=\"false\" value=\"\" type=\"email\" name=\"email\" \/><\/span>\n\t<\/p>\n<\/div>\n<div class=\"form_item\">\n\t<p><span class=\"form_label\">Rufnummer*<\/span><span class=\"wpcf7-form-control-wrap\" data-name=\"phone\"><input size=\"40\" maxlength=\"400\" class=\"wpcf7-form-control wpcf7-text wpcf7-validates-as-required\" aria-required=\"true\" aria-invalid=\"false\" value=\"\" type=\"text\" name=\"phone\" \/><\/span>\n\t<\/p>\n<\/div>\n<div class=\"form_item\">\n\t<p><span class=\"form_label\">Thema*<\/span><span class=\"wpcf7-form-control-wrap\" data-name=\"subject\"><input size=\"40\" maxlength=\"400\" class=\"wpcf7-form-control wpcf7-text wpcf7-validates-as-required\" aria-required=\"true\" aria-invalid=\"false\" value=\"\" type=\"text\" name=\"subject\" \/><\/span>\n\t<\/p>\n<\/div>\n<div class=\"form_item\">\n\t<p><span class=\"form_label\">Fragen \/ Kommentare<\/span><span class=\"wpcf7-form-control-wrap\" data-name=\"questions\"><textarea cols=\"40\" rows=\"10\" maxlength=\"2000\" class=\"wpcf7-form-control wpcf7-textarea\" aria-invalid=\"false\" name=\"questions\"><\/textarea><\/span>\n\t<\/p>\n<\/div>\n<div class=\"form_item\">\n\t<p><button type=\"submit\" class=\"btn n_btn blue\"><i class=\"far fa-paper-plane left\"><\/i>Versand<\/button>\n\t<\/p>\n<\/div><div class=\"wpcf7-response-output\" aria-hidden=\"true\"><\/div>\n<\/form>\n<\/div>\n\n<h3>Die \u00d6ffnungszeiten<\/h3>\n<table class=\"times\"><tr><td>Montag<\/td><td>08:30 - 17:00<\/td><\/tr><tr><td>Dienstag<\/td><td>08:30 - 17:00<\/td><\/tr><tr><td>Mittwoch<\/td><td>08:30 - 17:00<\/td><\/tr><tr><td>Donnerstag<\/td><td>08:30 - 17:00<\/td><\/tr><tr><td>Freitag<\/td><td>08:30 - 17:00<\/td><\/tr><tr><td>Samstag<\/td><td>08:30 - 17:00<\/td><\/tr><tr><td>Sonntag<\/td><td>Geschlossen<\/td><\/tr><\/table><div class=\"small_text\"><p>Die \u00d6ffnungszeiten an Feiertagen finden Sie auf unseren Social-Media-Kan\u00e4len.<\/p>\n<\/div>\n","protected":false},"excerpt":{"rendered":"<p>Wenn Sie Fragen oder Anmerkungen haben, kontaktieren Sie uns bitte oder f\u00fcllen Sie das untenstehende Kontaktformular aus. Wir werden Ihnen so schnell wie m\u00f6glich antworten. Die \u00d6ffnungszeiten<\/p>\n","protected":false},"author":1,"featured_media":0,"parent":0,"menu_order":6,"comment_status":"closed","ping_status":"closed","template":"","meta":{"_acf_changed":false,"footnotes":""},"class_list":["post-123092","page","type-page","status-publish","hentry"],"acf":[],"yoast_head":"<!-- This site is optimized with the Yoast SEO plugin v27.2 - https:\/\/yoast.com\/product\/yoast-seo-wordpress\/ -->\n<title>Kontakt - Tourist Shop Yerseke<\/title>\n<meta name=\"description\" content=\"Kontaktieren Sie uns f\u00fcr weitere Informationen oder um eine unserer Touren oder Pakete zu buchen.\" \/>\n<meta name=\"robots\" content=\"index, follow, max-snippet:-1, max-image-preview:large, max-video-preview:-1\" \/>\n<link rel=\"canonical\" href=\"https:\/\/www.touristshopyerseke.nl\/de\/kontakt\/\" \/>\n<meta property=\"og:locale\" content=\"de_DE\" \/>\n<meta property=\"og:type\" content=\"article\" \/>\n<meta property=\"og:title\" content=\"Kontakt - Tourist Shop Yerseke\" \/>\n<meta property=\"og:description\" content=\"Kontaktieren Sie uns f\u00fcr weitere Informationen oder um eine unserer Touren oder Pakete zu buchen.\" \/>\n<meta property=\"og:url\" content=\"https:\/\/www.touristshopyerseke.nl\/de\/kontakt\/\" \/>\n<meta property=\"og:site_name\" content=\"Tourist Shop Yerseke\" \/>\n<meta property=\"article:modified_time\" content=\"2025-07-28T11:53:05+00:00\" \/>\n<meta name=\"twitter:card\" content=\"summary_large_image\" \/>\n<script type=\"application\/ld+json\" class=\"yoast-schema-graph\">{\"@context\":\"https:\/\/schema.org\",\"@graph\":[{\"@type\":\"WebPage\",\"@id\":\"https:\/\/www.touristshopyerseke.nl\/de\/kontakt\/\",\"url\":\"https:\/\/www.touristshopyerseke.nl\/de\/kontakt\/\",\"name\":\"Kontakt - Tourist Shop Yerseke\",\"isPartOf\":{\"@id\":\"https:\/\/www.touristshopyerseke.nl\/de\/#website\"},\"datePublished\":\"2020-08-26T13:10:25+00:00\",\"dateModified\":\"2025-07-28T11:53:05+00:00\",\"description\":\"Kontaktieren Sie uns f\u00fcr weitere Informationen oder um eine unserer Touren oder Pakete zu buchen.\",\"breadcrumb\":{\"@id\":\"https:\/\/www.touristshopyerseke.nl\/de\/kontakt\/#breadcrumb\"},\"inLanguage\":\"de\",\"potentialAction\":[{\"@type\":\"ReadAction\",\"target\":[\"https:\/\/www.touristshopyerseke.nl\/de\/kontakt\/\"]}]},{\"@type\":\"BreadcrumbList\",\"@id\":\"https:\/\/www.touristshopyerseke.nl\/de\/kontakt\/#breadcrumb\",\"itemListElement\":[{\"@type\":\"ListItem\",\"position\":1,\"name\":\"Home\",\"item\":\"https:\/\/www.touristshopyerseke.nl\/de\/\"},{\"@type\":\"ListItem\",\"position\":2,\"name\":\"Kontakt\"}]},{\"@type\":\"WebSite\",\"@id\":\"https:\/\/www.touristshopyerseke.nl\/de\/#website\",\"url\":\"https:\/\/www.touristshopyerseke.nl\/de\/\",\"name\":\"Tourist Shop Yerseke\",\"description\":\"\",\"potentialAction\":[{\"@type\":\"SearchAction\",\"target\":{\"@type\":\"EntryPoint\",\"urlTemplate\":\"https:\/\/www.touristshopyerseke.nl\/de\/?s={search_term_string}\"},\"query-input\":{\"@type\":\"PropertyValueSpecification\",\"valueRequired\":true,\"valueName\":\"search_term_string\"}}],\"inLanguage\":\"de\"}]}<\/script>\n<!-- \/ Yoast SEO plugin. -->","yoast_head_json":{"title":"Kontakt - Tourist Shop Yerseke","description":"Kontaktieren Sie uns f\u00fcr weitere Informationen oder um eine unserer Touren oder Pakete zu buchen.","robots":{"index":"index","follow":"follow","max-snippet":"max-snippet:-1","max-image-preview":"max-image-preview:large","max-video-preview":"max-video-preview:-1"},"canonical":"https:\/\/www.touristshopyerseke.nl\/de\/kontakt\/","og_locale":"de_DE","og_type":"article","og_title":"Kontakt - Tourist Shop Yerseke","og_description":"Kontaktieren Sie uns f\u00fcr weitere Informationen oder um eine unserer Touren oder Pakete zu buchen.","og_url":"https:\/\/www.touristshopyerseke.nl\/de\/kontakt\/","og_site_name":"Tourist Shop Yerseke","article_modified_time":"2025-07-28T11:53:05+00:00","twitter_card":"summary_large_image","schema":{"@context":"https:\/\/schema.org","@graph":[{"@type":"WebPage","@id":"https:\/\/www.touristshopyerseke.nl\/de\/kontakt\/","url":"https:\/\/www.touristshopyerseke.nl\/de\/kontakt\/","name":"Kontakt - Tourist Shop Yerseke","isPartOf":{"@id":"https:\/\/www.touristshopyerseke.nl\/de\/#website"},"datePublished":"2020-08-26T13:10:25+00:00","dateModified":"2025-07-28T11:53:05+00:00","description":"Kontaktieren Sie uns f\u00fcr weitere Informationen oder um eine unserer Touren oder Pakete zu buchen.","breadcrumb":{"@id":"https:\/\/www.touristshopyerseke.nl\/de\/kontakt\/#breadcrumb"},"inLanguage":"de","potentialAction":[{"@type":"ReadAction","target":["https:\/\/www.touristshopyerseke.nl\/de\/kontakt\/"]}]},{"@type":"BreadcrumbList","@id":"https:\/\/www.touristshopyerseke.nl\/de\/kontakt\/#breadcrumb","itemListElement":[{"@type":"ListItem","position":1,"name":"Home","item":"https:\/\/www.touristshopyerseke.nl\/de\/"},{"@type":"ListItem","position":2,"name":"Kontakt"}]},{"@type":"WebSite","@id":"https:\/\/www.touristshopyerseke.nl\/de\/#website","url":"https:\/\/www.touristshopyerseke.nl\/de\/","name":"Tourist Shop Yerseke","description":"","potentialAction":[{"@type":"SearchAction","target":{"@type":"EntryPoint","urlTemplate":"https:\/\/www.touristshopyerseke.nl\/de\/?s={search_term_string}"},"query-input":{"@type":"PropertyValueSpecification","valueRequired":true,"valueName":"search_term_string"}}],"inLanguage":"de"}]}},"_links":{"self":[{"href":"https:\/\/www.touristshopyerseke.nl\/de\/wp-json\/wp\/v2\/pages\/123092","targetHints":{"allow":["GET"]}}],"collection":[{"href":"https:\/\/www.touristshopyerseke.nl\/de\/wp-json\/wp\/v2\/pages"}],"about":[{"href":"https:\/\/www.touristshopyerseke.nl\/de\/wp-json\/wp\/v2\/types\/page"}],"author":[{"embeddable":true,"href":"https:\/\/www.touristshopyerseke.nl\/de\/wp-json\/wp\/v2\/users\/1"}],"replies":[{"embeddable":true,"href":"https:\/\/www.touristshopyerseke.nl\/de\/wp-json\/wp\/v2\/comments?post=123092"}],"version-history":[{"count":3,"href":"https:\/\/www.touristshopyerseke.nl\/de\/wp-json\/wp\/v2\/pages\/123092\/revisions"}],"predecessor-version":[{"id":124909,"href":"https:\/\/www.touristshopyerseke.nl\/de\/wp-json\/wp\/v2\/pages\/123092\/revisions\/124909"}],"wp:attachment":[{"href":"https:\/\/www.touristshopyerseke.nl\/de\/wp-json\/wp\/v2\/media?parent=123092"}],"curies":[{"name":"wp","href":"https:\/\/api.w.org\/{rel}","templated":true}]}}