{"id":123090,"date":"2021-05-12T09:31:32","date_gmt":"2021-05-12T09:31:32","guid":{"rendered":"https:\/\/www.touristshopyerseke.nl\/datenschutzbestimmungen\/"},"modified":"2024-08-06T09:00:00","modified_gmt":"2024-08-06T09:00:00","slug":"datenschutzbestimmungen","status":"publish","type":"page","link":"https:\/\/www.touristshopyerseke.nl\/de\/datenschutzbestimmungen\/","title":{"rendered":"Datenschutzbestimmungen"},"content":{"rendered":"<h2>1) Datenschutzgarantien<\/h2>\n<p>  Die Wahrung der Privatsph\u00e4re der Besucher von <a href=\"https:\/\/www.touristshopyerseke.nl\/\">https:\/\/www.touristshopyerseke.nl\/<\/a> ist f\u00fcr uns eine wichtige Aufgabe.<br \/>\nDeshalb beschreiben wir in unserer Datenschutzrichtlinie, welche Informationen wir sammeln und wie wir sie verwenden.   <\/p>\n<h2>2) Einverst\u00e4ndnis<\/h2>\n<p>  Indem Sie die Informationen und Dienste auf <a href=\"https:\/\/www.touristshopyerseke.nl\/\">https:\/\/www.touristshopyerseke.nl\/<\/a> nutzen <a href=\"https:\/\/www.touristshopyerseke.nl\/\">,<\/a> erkl\u00e4ren Sie sich mit unseren Datenschutzrichtlinien und den hierin enthaltenen Bedingungen und Konditionen einverstanden.  <\/p>\n<h2>3) Fragen<\/h2>\n<p>  Wenn Sie weitere Informationen w\u00fcnschen oder Fragen zur Datenschutzpolitik von Tourist Shop Yerseke und speziell zu <a href=\"https:\/\/www.touristshopyerseke.nl\/\">https:\/\/www.touristshopyerseke.nl\/<\/a> haben <a href=\"https:\/\/www.touristshopyerseke.nl\/\">,<\/a> wenden Sie sich bitte per E-Mail an uns.<br \/>\nUnsere E-Mail Adresse lautet <a href=\"mailto:info@touristshopyerseke.nl\">info@touristshopyerseke.nl.<\/a>  <\/p>\n<h2>4) \u00dcberwachung des Besucherverhaltens<\/h2>\n<p><a href=\"https:\/\/www.touristshopyerseke.nl\/\">https:\/\/www.touristshopyerseke.nl\/<\/a> verwendet verschiedene Techniken, um zu verfolgen, wer die Website besucht, wie sich dieser Besucher auf der Website verh\u00e4lt und welche Seiten besucht werden.<br \/>\nDies ist eine g\u00e4ngige Praxis f\u00fcr Websites, da sie Informationen liefert, die zur Qualit\u00e4t der Benutzererfahrung beitragen.<br \/>\nZu den Informationen, die wir \u00fcber Cookies aufzeichnen, geh\u00f6ren IP-Adressen, Browser-Typ und besuchte Seiten.<br \/>\nWir \u00fcberwachen auch, von wo aus Besucher die Website zum ersten Mal besuchen und von welcher Seite aus sie sie verlassen.<br \/>\nWir halten diese Informationen anonym und sind nicht mit anderen pers\u00f6nlichen Informationen verkn\u00fcpft, Link.      <\/p>\n<h2>5) Verwendung von Cookies<\/h2>\n<p><a href=\"https:\/\/www.touristshopyerseke.nl\/\">https:\/\/www.touristshopyerseke.nl\/<\/a> platziert Cookies bei Besuchern.<br \/>\nWir tun dies, um Informationen \u00fcber die Seiten zu sammeln, die Benutzer auf unserer Website besuchen, um zu verfolgen, wie oft Besucher zur\u00fcckkehren und um zu sehen, welche Seiten auf der Website gut laufen.<br \/>\nWir behalten auch im Auge, welche Informationen der Browser weitergibt.    <\/p>\n<h2>6) Deaktivieren von Cookies<\/h2>\n<p>  Sie haben die M\u00f6glichkeit, Cookies zu deaktivieren.<br \/>\nSie tun dies \u00fcber die Optionen Ihres Browsers.<br \/>\nWeitere Informationen \u00fcber diese Optionen finden Sie auf der Website Ihres Browser-Anbieters.    <\/p>\n<h2>7) Cookies von Dritten<\/h2>\n<p>  Dritte, wie z.B. Google, k\u00f6nnen auf unserer Website Werbung schalten oder einen anderen Dienst nutzen.<br \/>\nZu diesem Zweck platzieren diese Dritten in einigen F\u00e4llen Cookies.<br \/>\nDiese Cookies k\u00f6nnen von <a href=\"https:\/\/www.touristshopyerseke.nl\/\">https:\/\/www.touristshopyerseke.nl\/<\/a> nicht beeinflusst werden <a href=\"https:\/\/www.touristshopyerseke.nl\/\">.<\/a>   <\/p>\n","protected":false},"excerpt":{"rendered":"<p>1) Datenschutzgarantien Die Wahrung der Privatsph\u00e4re der Besucher von https:\/\/www.touristshopyerseke.nl\/ ist f\u00fcr uns eine wichtige Aufgabe. Deshalb beschreiben wir in unserer Datenschutzrichtlinie, welche Informationen wir sammeln und wie wir sie verwenden. 2) Einverst\u00e4ndnis Indem Sie die Informationen und Dienste auf https:\/\/www.touristshopyerseke.nl\/ nutzen , erkl\u00e4ren Sie sich mit unseren Datenschutzrichtlinien und den hierin enthaltenen Bedingungen und [&hellip;]<\/p>\n","protected":false},"author":1,"featured_media":0,"parent":0,"menu_order":9,"comment_status":"closed","ping_status":"closed","template":"","meta":{"_acf_changed":false,"footnotes":""},"class_list":["post-123090","page","type-page","status-publish","hentry"],"acf":[],"yoast_head":"<!-- This site is optimized with the Yoast SEO plugin v27.2 - https:\/\/yoast.com\/product\/yoast-seo-wordpress\/ -->\n<title>Datenschutzbestimmungen - Tourist Shop Yerseke<\/title>\n<meta name=\"robots\" content=\"noindex, follow\" \/>\n<meta property=\"og:locale\" content=\"de_DE\" \/>\n<meta property=\"og:type\" content=\"article\" \/>\n<meta property=\"og:title\" content=\"Datenschutzbestimmungen - Tourist Shop Yerseke\" \/>\n<meta property=\"og:description\" content=\"1) Datenschutzgarantien Die Wahrung der Privatsph\u00e4re der Besucher von https:\/\/www.touristshopyerseke.nl\/ ist f\u00fcr uns eine wichtige Aufgabe. Deshalb beschreiben wir in unserer Datenschutzrichtlinie, welche Informationen wir sammeln und wie wir sie verwenden. 2) Einverst\u00e4ndnis Indem Sie die Informationen und Dienste auf https:\/\/www.touristshopyerseke.nl\/ nutzen , erkl\u00e4ren Sie sich mit unseren Datenschutzrichtlinien und den hierin enthaltenen Bedingungen und [&hellip;]\" \/>\n<meta property=\"og:url\" content=\"https:\/\/www.touristshopyerseke.nl\/de\/datenschutzbestimmungen\/\" \/>\n<meta property=\"og:site_name\" content=\"Tourist Shop Yerseke\" \/>\n<meta property=\"article:modified_time\" content=\"2024-08-06T09:00:00+00:00\" \/>\n<meta name=\"twitter:card\" content=\"summary_large_image\" \/>\n<meta name=\"twitter:label1\" content=\"Gesch\u00e4tzte Lesezeit\" \/>\n\t<meta name=\"twitter:data1\" content=\"2\u00a0Minuten\" \/>\n<script type=\"application\/ld+json\" class=\"yoast-schema-graph\">{\"@context\":\"https:\/\/schema.org\",\"@graph\":[{\"@type\":\"WebPage\",\"@id\":\"https:\/\/www.touristshopyerseke.nl\/de\/datenschutzbestimmungen\/\",\"url\":\"https:\/\/www.touristshopyerseke.nl\/de\/datenschutzbestimmungen\/\",\"name\":\"Datenschutzbestimmungen - Tourist Shop Yerseke\",\"isPartOf\":{\"@id\":\"https:\/\/www.touristshopyerseke.nl\/de\/#website\"},\"datePublished\":\"2021-05-12T09:31:32+00:00\",\"dateModified\":\"2024-08-06T09:00:00+00:00\",\"breadcrumb\":{\"@id\":\"https:\/\/www.touristshopyerseke.nl\/de\/datenschutzbestimmungen\/#breadcrumb\"},\"inLanguage\":\"de\",\"potentialAction\":[{\"@type\":\"ReadAction\",\"target\":[\"https:\/\/www.touristshopyerseke.nl\/de\/datenschutzbestimmungen\/\"]}]},{\"@type\":\"BreadcrumbList\",\"@id\":\"https:\/\/www.touristshopyerseke.nl\/de\/datenschutzbestimmungen\/#breadcrumb\",\"itemListElement\":[{\"@type\":\"ListItem\",\"position\":1,\"name\":\"Home\",\"item\":\"https:\/\/www.touristshopyerseke.nl\/de\/\"},{\"@type\":\"ListItem\",\"position\":2,\"name\":\"Datenschutzbestimmungen\"}]},{\"@type\":\"WebSite\",\"@id\":\"https:\/\/www.touristshopyerseke.nl\/de\/#website\",\"url\":\"https:\/\/www.touristshopyerseke.nl\/de\/\",\"name\":\"Tourist Shop Yerseke\",\"description\":\"\",\"potentialAction\":[{\"@type\":\"SearchAction\",\"target\":{\"@type\":\"EntryPoint\",\"urlTemplate\":\"https:\/\/www.touristshopyerseke.nl\/de\/?s={search_term_string}\"},\"query-input\":{\"@type\":\"PropertyValueSpecification\",\"valueRequired\":true,\"valueName\":\"search_term_string\"}}],\"inLanguage\":\"de\"}]}<\/script>\n<!-- \/ Yoast SEO plugin. -->","yoast_head_json":{"title":"Datenschutzbestimmungen - Tourist Shop Yerseke","robots":{"index":"noindex","follow":"follow"},"og_locale":"de_DE","og_type":"article","og_title":"Datenschutzbestimmungen - Tourist Shop Yerseke","og_description":"1) Datenschutzgarantien Die Wahrung der Privatsph\u00e4re der Besucher von https:\/\/www.touristshopyerseke.nl\/ ist f\u00fcr uns eine wichtige Aufgabe. Deshalb beschreiben wir in unserer Datenschutzrichtlinie, welche Informationen wir sammeln und wie wir sie verwenden. 2) Einverst\u00e4ndnis Indem Sie die Informationen und Dienste auf https:\/\/www.touristshopyerseke.nl\/ nutzen , erkl\u00e4ren Sie sich mit unseren Datenschutzrichtlinien und den hierin enthaltenen Bedingungen und [&hellip;]","og_url":"https:\/\/www.touristshopyerseke.nl\/de\/datenschutzbestimmungen\/","og_site_name":"Tourist Shop Yerseke","article_modified_time":"2024-08-06T09:00:00+00:00","twitter_card":"summary_large_image","twitter_misc":{"Gesch\u00e4tzte Lesezeit":"2\u00a0Minuten"},"schema":{"@context":"https:\/\/schema.org","@graph":[{"@type":"WebPage","@id":"https:\/\/www.touristshopyerseke.nl\/de\/datenschutzbestimmungen\/","url":"https:\/\/www.touristshopyerseke.nl\/de\/datenschutzbestimmungen\/","name":"Datenschutzbestimmungen - Tourist Shop Yerseke","isPartOf":{"@id":"https:\/\/www.touristshopyerseke.nl\/de\/#website"},"datePublished":"2021-05-12T09:31:32+00:00","dateModified":"2024-08-06T09:00:00+00:00","breadcrumb":{"@id":"https:\/\/www.touristshopyerseke.nl\/de\/datenschutzbestimmungen\/#breadcrumb"},"inLanguage":"de","potentialAction":[{"@type":"ReadAction","target":["https:\/\/www.touristshopyerseke.nl\/de\/datenschutzbestimmungen\/"]}]},{"@type":"BreadcrumbList","@id":"https:\/\/www.touristshopyerseke.nl\/de\/datenschutzbestimmungen\/#breadcrumb","itemListElement":[{"@type":"ListItem","position":1,"name":"Home","item":"https:\/\/www.touristshopyerseke.nl\/de\/"},{"@type":"ListItem","position":2,"name":"Datenschutzbestimmungen"}]},{"@type":"WebSite","@id":"https:\/\/www.touristshopyerseke.nl\/de\/#website","url":"https:\/\/www.touristshopyerseke.nl\/de\/","name":"Tourist Shop Yerseke","description":"","potentialAction":[{"@type":"SearchAction","target":{"@type":"EntryPoint","urlTemplate":"https:\/\/www.touristshopyerseke.nl\/de\/?s={search_term_string}"},"query-input":{"@type":"PropertyValueSpecification","valueRequired":true,"valueName":"search_term_string"}}],"inLanguage":"de"}]}},"_links":{"self":[{"href":"https:\/\/www.touristshopyerseke.nl\/de\/wp-json\/wp\/v2\/pages\/123090","targetHints":{"allow":["GET"]}}],"collection":[{"href":"https:\/\/www.touristshopyerseke.nl\/de\/wp-json\/wp\/v2\/pages"}],"about":[{"href":"https:\/\/www.touristshopyerseke.nl\/de\/wp-json\/wp\/v2\/types\/page"}],"author":[{"embeddable":true,"href":"https:\/\/www.touristshopyerseke.nl\/de\/wp-json\/wp\/v2\/users\/1"}],"replies":[{"embeddable":true,"href":"https:\/\/www.touristshopyerseke.nl\/de\/wp-json\/wp\/v2\/comments?post=123090"}],"version-history":[{"count":1,"href":"https:\/\/www.touristshopyerseke.nl\/de\/wp-json\/wp\/v2\/pages\/123090\/revisions"}],"predecessor-version":[{"id":124019,"href":"https:\/\/www.touristshopyerseke.nl\/de\/wp-json\/wp\/v2\/pages\/123090\/revisions\/124019"}],"wp:attachment":[{"href":"https:\/\/www.touristshopyerseke.nl\/de\/wp-json\/wp\/v2\/media?parent=123090"}],"curies":[{"name":"wp","href":"https:\/\/api.w.org\/{rel}","templated":true}]}}