{"id":123085,"date":"2022-03-14T16:09:45","date_gmt":"2022-03-14T16:09:45","guid":{"rendered":"https:\/\/www.touristshopyerseke.nl\/geldautomaten-yerseke\/"},"modified":"2024-08-06T08:59:54","modified_gmt":"2024-08-06T08:59:54","slug":"geldautomaten-yerseke","status":"publish","type":"page","link":"https:\/\/www.touristshopyerseke.nl\/de\/geldautomaten-yerseke\/","title":{"rendered":"Geldautomaten Yerseke"},"content":{"rendered":"<p>Heutzutage kann kaum noch jemand auf eine (Debit-)Karte verzichten. Wenn Sie hier im Urlaub sind, ist Bargeld sowieso immer einfach. Wir haben die Geldgr\u00f6\u00dfen und Pin-Optionen aufgelistet, die in der Region Yerseke verf\u00fcgbar sind. Gemeinde Reimerswaal und Kapelle. Ein Geldmessger\u00e4t ist ein Geldautomat, an den alle Banken angeschlossen sind. Meistens von au\u00dfen zug\u00e4nglich, ohne \u00d6ffnungszeiten. Ein Geldautomat befindet sich in einem Gesch\u00e4ft oder Betrieb, wo Sie hingehen k\u00f6nnen, wenn das Gesch\u00e4ft ge\u00f6ffnet ist.<\/p>\n","protected":false},"excerpt":{"rendered":"<p>Heutzutage kann kaum noch jemand auf eine (Debit-)Karte verzichten. Wenn Sie hier im Urlaub sind, ist Bargeld sowieso immer einfach. Wir haben die Geldgr\u00f6\u00dfen und Pin-Optionen aufgelistet, die in der Region Yerseke verf\u00fcgbar sind. Gemeinde Reimerswaal und Kapelle. Ein Geldmessger\u00e4t ist ein Geldautomat, an den alle Banken angeschlossen sind. Meistens von au\u00dfen zug\u00e4nglich, ohne \u00d6ffnungszeiten. [&hellip;]<\/p>\n","protected":false},"author":1,"featured_media":121906,"parent":0,"menu_order":0,"comment_status":"closed","ping_status":"closed","template":"","meta":{"_acf_changed":false,"footnotes":""},"class_list":["post-123085","page","type-page","status-publish","has-post-thumbnail","hentry"],"acf":[],"yoast_head":"<!-- This site is optimized with the Yoast SEO plugin v27.2 - https:\/\/yoast.com\/product\/yoast-seo-wordpress\/ -->\n<title>Geldautomaten Yerseke - Tourist Shop Yerseke<\/title>\n<meta name=\"description\" content=\"Sind Sie auf der Suche nach einem Geldautomaten in der Region Yerseke, der Gemeinde Reimerswaal oder Kapelle. Wir haben sie aufgelistet.\" \/>\n<meta name=\"robots\" content=\"index, follow, max-snippet:-1, max-image-preview:large, max-video-preview:-1\" \/>\n<link rel=\"canonical\" href=\"https:\/\/www.touristshopyerseke.nl\/de\/geldautomaten-yerseke\/\" \/>\n<meta property=\"og:locale\" content=\"de_DE\" \/>\n<meta property=\"og:type\" content=\"article\" \/>\n<meta property=\"og:title\" content=\"Geldautomaten Yerseke - Tourist Shop Yerseke\" \/>\n<meta property=\"og:description\" content=\"Sind Sie auf der Suche nach einem Geldautomaten in der Region Yerseke, der Gemeinde Reimerswaal oder Kapelle. Wir haben sie aufgelistet.\" \/>\n<meta property=\"og:url\" content=\"https:\/\/www.touristshopyerseke.nl\/de\/geldautomaten-yerseke\/\" \/>\n<meta property=\"og:site_name\" content=\"Tourist Shop Yerseke\" \/>\n<meta property=\"article:modified_time\" content=\"2024-08-06T08:59:54+00:00\" \/>\n<meta property=\"og:image\" content=\"https:\/\/www.touristshopyerseke.nl\/wp-content\/uploads\/2022\/05\/geldmaat-noordzandstraat-e1652281404560.jpg\" \/>\n\t<meta property=\"og:image:width\" content=\"750\" \/>\n\t<meta property=\"og:image:height\" content=\"500\" \/>\n\t<meta property=\"og:image:type\" content=\"image\/jpeg\" \/>\n<meta name=\"twitter:card\" content=\"summary_large_image\" \/>\n<script type=\"application\/ld+json\" class=\"yoast-schema-graph\">{\"@context\":\"https:\/\/schema.org\",\"@graph\":[{\"@type\":\"WebPage\",\"@id\":\"https:\/\/www.touristshopyerseke.nl\/de\/geldautomaten-yerseke\/\",\"url\":\"https:\/\/www.touristshopyerseke.nl\/de\/geldautomaten-yerseke\/\",\"name\":\"Geldautomaten Yerseke - Tourist Shop Yerseke\",\"isPartOf\":{\"@id\":\"https:\/\/www.touristshopyerseke.nl\/de\/#website\"},\"primaryImageOfPage\":{\"@id\":\"https:\/\/www.touristshopyerseke.nl\/de\/geldautomaten-yerseke\/#primaryimage\"},\"image\":{\"@id\":\"https:\/\/www.touristshopyerseke.nl\/de\/geldautomaten-yerseke\/#primaryimage\"},\"thumbnailUrl\":\"https:\/\/www.touristshopyerseke.nl\/wp-content\/uploads\/2022\/05\/geldmaat-noordzandstraat-e1652281404560.jpg\",\"datePublished\":\"2022-03-14T16:09:45+00:00\",\"dateModified\":\"2024-08-06T08:59:54+00:00\",\"description\":\"Sind Sie auf der Suche nach einem Geldautomaten in der Region Yerseke, der Gemeinde Reimerswaal oder Kapelle. Wir haben sie aufgelistet.\",\"breadcrumb\":{\"@id\":\"https:\/\/www.touristshopyerseke.nl\/de\/geldautomaten-yerseke\/#breadcrumb\"},\"inLanguage\":\"de\",\"potentialAction\":[{\"@type\":\"ReadAction\",\"target\":[\"https:\/\/www.touristshopyerseke.nl\/de\/geldautomaten-yerseke\/\"]}]},{\"@type\":\"ImageObject\",\"inLanguage\":\"de\",\"@id\":\"https:\/\/www.touristshopyerseke.nl\/de\/geldautomaten-yerseke\/#primaryimage\",\"url\":\"https:\/\/www.touristshopyerseke.nl\/wp-content\/uploads\/2022\/05\/geldmaat-noordzandstraat-e1652281404560.jpg\",\"contentUrl\":\"https:\/\/www.touristshopyerseke.nl\/wp-content\/uploads\/2022\/05\/geldmaat-noordzandstraat-e1652281404560.jpg\",\"width\":750,\"height\":500},{\"@type\":\"BreadcrumbList\",\"@id\":\"https:\/\/www.touristshopyerseke.nl\/de\/geldautomaten-yerseke\/#breadcrumb\",\"itemListElement\":[{\"@type\":\"ListItem\",\"position\":1,\"name\":\"Home\",\"item\":\"https:\/\/www.touristshopyerseke.nl\/de\/\"},{\"@type\":\"ListItem\",\"position\":2,\"name\":\"Geldautomaten Yerseke\"}]},{\"@type\":\"WebSite\",\"@id\":\"https:\/\/www.touristshopyerseke.nl\/de\/#website\",\"url\":\"https:\/\/www.touristshopyerseke.nl\/de\/\",\"name\":\"Tourist Shop Yerseke\",\"description\":\"\",\"potentialAction\":[{\"@type\":\"SearchAction\",\"target\":{\"@type\":\"EntryPoint\",\"urlTemplate\":\"https:\/\/www.touristshopyerseke.nl\/de\/?s={search_term_string}\"},\"query-input\":{\"@type\":\"PropertyValueSpecification\",\"valueRequired\":true,\"valueName\":\"search_term_string\"}}],\"inLanguage\":\"de\"}]}<\/script>\n<!-- \/ Yoast SEO plugin. -->","yoast_head_json":{"title":"Geldautomaten Yerseke - Tourist Shop Yerseke","description":"Sind Sie auf der Suche nach einem Geldautomaten in der Region Yerseke, der Gemeinde Reimerswaal oder Kapelle. Wir haben sie aufgelistet.","robots":{"index":"index","follow":"follow","max-snippet":"max-snippet:-1","max-image-preview":"max-image-preview:large","max-video-preview":"max-video-preview:-1"},"canonical":"https:\/\/www.touristshopyerseke.nl\/de\/geldautomaten-yerseke\/","og_locale":"de_DE","og_type":"article","og_title":"Geldautomaten Yerseke - Tourist Shop Yerseke","og_description":"Sind Sie auf der Suche nach einem Geldautomaten in der Region Yerseke, der Gemeinde Reimerswaal oder Kapelle. Wir haben sie aufgelistet.","og_url":"https:\/\/www.touristshopyerseke.nl\/de\/geldautomaten-yerseke\/","og_site_name":"Tourist Shop Yerseke","article_modified_time":"2024-08-06T08:59:54+00:00","og_image":[{"width":750,"height":500,"url":"https:\/\/www.touristshopyerseke.nl\/wp-content\/uploads\/2022\/05\/geldmaat-noordzandstraat-e1652281404560.jpg","type":"image\/jpeg"}],"twitter_card":"summary_large_image","schema":{"@context":"https:\/\/schema.org","@graph":[{"@type":"WebPage","@id":"https:\/\/www.touristshopyerseke.nl\/de\/geldautomaten-yerseke\/","url":"https:\/\/www.touristshopyerseke.nl\/de\/geldautomaten-yerseke\/","name":"Geldautomaten Yerseke - Tourist Shop Yerseke","isPartOf":{"@id":"https:\/\/www.touristshopyerseke.nl\/de\/#website"},"primaryImageOfPage":{"@id":"https:\/\/www.touristshopyerseke.nl\/de\/geldautomaten-yerseke\/#primaryimage"},"image":{"@id":"https:\/\/www.touristshopyerseke.nl\/de\/geldautomaten-yerseke\/#primaryimage"},"thumbnailUrl":"https:\/\/www.touristshopyerseke.nl\/wp-content\/uploads\/2022\/05\/geldmaat-noordzandstraat-e1652281404560.jpg","datePublished":"2022-03-14T16:09:45+00:00","dateModified":"2024-08-06T08:59:54+00:00","description":"Sind Sie auf der Suche nach einem Geldautomaten in der Region Yerseke, der Gemeinde Reimerswaal oder Kapelle. Wir haben sie aufgelistet.","breadcrumb":{"@id":"https:\/\/www.touristshopyerseke.nl\/de\/geldautomaten-yerseke\/#breadcrumb"},"inLanguage":"de","potentialAction":[{"@type":"ReadAction","target":["https:\/\/www.touristshopyerseke.nl\/de\/geldautomaten-yerseke\/"]}]},{"@type":"ImageObject","inLanguage":"de","@id":"https:\/\/www.touristshopyerseke.nl\/de\/geldautomaten-yerseke\/#primaryimage","url":"https:\/\/www.touristshopyerseke.nl\/wp-content\/uploads\/2022\/05\/geldmaat-noordzandstraat-e1652281404560.jpg","contentUrl":"https:\/\/www.touristshopyerseke.nl\/wp-content\/uploads\/2022\/05\/geldmaat-noordzandstraat-e1652281404560.jpg","width":750,"height":500},{"@type":"BreadcrumbList","@id":"https:\/\/www.touristshopyerseke.nl\/de\/geldautomaten-yerseke\/#breadcrumb","itemListElement":[{"@type":"ListItem","position":1,"name":"Home","item":"https:\/\/www.touristshopyerseke.nl\/de\/"},{"@type":"ListItem","position":2,"name":"Geldautomaten Yerseke"}]},{"@type":"WebSite","@id":"https:\/\/www.touristshopyerseke.nl\/de\/#website","url":"https:\/\/www.touristshopyerseke.nl\/de\/","name":"Tourist Shop Yerseke","description":"","potentialAction":[{"@type":"SearchAction","target":{"@type":"EntryPoint","urlTemplate":"https:\/\/www.touristshopyerseke.nl\/de\/?s={search_term_string}"},"query-input":{"@type":"PropertyValueSpecification","valueRequired":true,"valueName":"search_term_string"}}],"inLanguage":"de"}]}},"_links":{"self":[{"href":"https:\/\/www.touristshopyerseke.nl\/de\/wp-json\/wp\/v2\/pages\/123085","targetHints":{"allow":["GET"]}}],"collection":[{"href":"https:\/\/www.touristshopyerseke.nl\/de\/wp-json\/wp\/v2\/pages"}],"about":[{"href":"https:\/\/www.touristshopyerseke.nl\/de\/wp-json\/wp\/v2\/types\/page"}],"author":[{"embeddable":true,"href":"https:\/\/www.touristshopyerseke.nl\/de\/wp-json\/wp\/v2\/users\/1"}],"replies":[{"embeddable":true,"href":"https:\/\/www.touristshopyerseke.nl\/de\/wp-json\/wp\/v2\/comments?post=123085"}],"version-history":[{"count":1,"href":"https:\/\/www.touristshopyerseke.nl\/de\/wp-json\/wp\/v2\/pages\/123085\/revisions"}],"predecessor-version":[{"id":124013,"href":"https:\/\/www.touristshopyerseke.nl\/de\/wp-json\/wp\/v2\/pages\/123085\/revisions\/124013"}],"wp:featuredmedia":[{"embeddable":true,"href":"https:\/\/www.touristshopyerseke.nl\/de\/wp-json\/wp\/v2\/media\/121906"}],"wp:attachment":[{"href":"https:\/\/www.touristshopyerseke.nl\/de\/wp-json\/wp\/v2\/media?parent=123085"}],"curies":[{"name":"wp","href":"https:\/\/api.w.org\/{rel}","templated":true}]}}